{"id":10005,"date":"2026-01-30T08:22:11","date_gmt":"2026-01-30T08:22:11","guid":{"rendered":"https:\/\/engitech.az\/?post_type=product&#038;p=10005"},"modified":"2026-01-30T08:40:49","modified_gmt":"2026-01-30T08:40:49","slug":"knx-touch-panel-td4-knx-4-touch-panel","status":"publish","type":"product","link":"https:\/\/engitech.az\/en\/product\/knx-touch-panel-td4-knx-4-touch-panel\/","title":{"rendered":"KNX Touch Panel TD4 \u2013 KNX 4\u2033 Touch Panel"},"content":{"rendered":"<ul>\n<li data-start=\"2\" data-end=\"43\"><strong data-start=\"2\" data-end=\"12\">Model:<\/strong> <strong data-start=\"13\" data-end=\"41\" data-is-only-node=\"\">TD4 \u2013 KNX 4\u2033 Touch Panel<\/strong><\/li>\n<li data-start=\"46\" data-end=\"82\"><strong data-start=\"46\" data-end=\"54\">Type:<\/strong> KNX sens\u00f6rl\u00fc idar\u0259 paneli<\/li>\n<li data-start=\"85\" data-end=\"113\"><strong data-start=\"85\" data-end=\"95\">Screen:<\/strong> 4\u2033 sensor ekran<\/li>\n<li data-start=\"116\" data-end=\"188\"><strong data-start=\"116\" data-end=\"129\">Function:<\/strong> KNX smart ev\/bina sistemi \u00fc\u00e7\u00fcn <strong data-start=\"161\" data-end=\"186\" data-is-only-node=\"\">toxunma il\u0259 idar\u0259etm\u0259<\/strong><\/li>\n<li data-start=\"191\" data-end=\"229\"><strong data-start=\"191\" data-end=\"204\">Link:<\/strong> KNX avtobus interfeysi<\/li>\n<li data-start=\"232\" data-end=\"291\"><strong data-start=\"232\" data-end=\"246\">Management:<\/strong> \u0130\u015f\u0131q, klimat, jal\u00fcz v\u0259 dig\u0259r KNX cihazlar\u0131<\/li>\n<li data-start=\"294\" data-end=\"324\"><strong data-start=\"294\" data-end=\"309\">Installation:<\/strong> Divar montaj<\/li>\n<li data-start=\"327\" data-end=\"393\"><strong data-start=\"327\" data-end=\"337\">Additional:<\/strong> Smart ev avtomatla\u015fd\u0131rma \u00fc\u00e7\u00fcn uy\u011fun, intuitiv interfeys<\/li>\n<\/ul>","protected":false},"excerpt":{"rendered":"<p>Model: TD4 \u2013 KNX 4\u2033 Touch Panel Tip: KNX sens\u00f6rl\u00fc  [&#8230;]<\/p>","protected":false},"featured_media":10031,"comment_status":"open","ping_status":"closed","template":"","meta":[],"product_brand":[],"product_cat":[291],"product_tag":[],"class_list":{"0":"post-10005","1":"product","2":"type-product","3":"status-publish","4":"has-post-thumbnail","6":"product_cat-eae-technology","7":"pa_mehsul-tipi-knx-touch-panel","9":"first","10":"instock","11":"sold-individually","12":"shipping-taxable","13":"purchasable","14":"product-type-simple"},"_links":{"self":[{"href":"https:\/\/engitech.az\/en\/wp-json\/wp\/v2\/product\/10005","targetHints":{"allow":["GET"]}}],"collection":[{"href":"https:\/\/engitech.az\/en\/wp-json\/wp\/v2\/product"}],"about":[{"href":"https:\/\/engitech.az\/en\/wp-json\/wp\/v2\/types\/product"}],"replies":[{"embeddable":true,"href":"https:\/\/engitech.az\/en\/wp-json\/wp\/v2\/comments?post=10005"}],"wp:featuredmedia":[{"embeddable":true,"href":"https:\/\/engitech.az\/en\/wp-json\/wp\/v2\/media\/10031"}],"wp:attachment":[{"href":"https:\/\/engitech.az\/en\/wp-json\/wp\/v2\/media?parent=10005"}],"wp:term":[{"taxonomy":"product_brand","embeddable":true,"href":"https:\/\/engitech.az\/en\/wp-json\/wp\/v2\/product_brand?post=10005"},{"taxonomy":"product_cat","embeddable":true,"href":"https:\/\/engitech.az\/en\/wp-json\/wp\/v2\/product_cat?post=10005"},{"taxonomy":"product_tag","embeddable":true,"href":"https:\/\/engitech.az\/en\/wp-json\/wp\/v2\/product_tag?post=10005"}],"curies":[{"name":"wp","href":"https:\/\/api.w.org\/{rel}","templated":true}]}}