{"id":10007,"date":"2026-01-30T08:27:25","date_gmt":"2026-01-30T08:27:25","guid":{"rendered":"https:\/\/engitech.az\/?post_type=product&#038;p=10007"},"modified":"2026-01-30T08:41:26","modified_gmt":"2026-01-30T08:41:26","slug":"rosa-pictus-metal-knx-thermostats","status":"publish","type":"product","link":"https:\/\/engitech.az\/en\/product\/rosa-pictus-metal-knx-thermostats\/","title":{"rendered":"Rosa Pictus Metal KNX Thermostats"},"content":{"rendered":"<div class=\"flex flex-col text-sm pb-25\">\n<article class=\"text-token-text-primary w-full focus:outline-none [--shadow-height:45px] has-data-writing-block:pointer-events-none has-data-writing-block:-mt-(--shadow-height) has-data-writing-block:pt-(--shadow-height) [&amp;:has([data-writing-block])&gt;*]:pointer-events-auto scroll-mt-[calc(var(--header-height)+min(200px,max(70px,20svh)))]\" dir=\"auto\" tabindex=\"-1\" data-turn-id=\"request-WEB:59e0e6d3-6631-4eda-92fb-41db224453ef-114\" data-testid=\"conversation-turn-230\" data-scroll-anchor=\"true\" data-turn=\"assistant\">\n<div class=\"text-base my-auto mx-auto pb-10 [--thread-content-margin:--spacing(4)] @w-sm\/main:[--thread-content-margin:--spacing(6)] @w-lg\/main:[--thread-content-margin:--spacing(16)] px-(--thread-content-margin)\">\n<div class=\"[--thread-content-max-width:40rem] @w-lg\/main:[--thread-content-max-width:48rem] mx-auto max-w-(--thread-content-max-width) flex-1 group\/turn-messages focus-visible:outline-hidden relative flex w-full min-w-0 flex-col agent-turn\" tabindex=\"-1\">\n<div class=\"flex max-w-full flex-col grow\">\n<div class=\"min-h-8 text-message relative flex w-full flex-col items-end gap-2 text-start break-words whitespace-normal [.text-message+&amp;]:mt-1\" dir=\"auto\" data-message-author-role=\"assistant\" data-message-id=\"aa08ccdd-590f-4a67-8ccf-61996342d96b\" data-message-model-slug=\"gpt-5-mini\">\n<div class=\"flex w-full flex-col gap-1 empty:hidden first:pt-[1px]\">\n<div class=\"markdown prose dark:prose-invert w-full wrap-break-word dark markdown-new-styling\">\n<ul>\n<li data-start=\"2\" data-end=\"45\"><strong data-start=\"2\" data-end=\"10\">Type:<\/strong> Metal korpuslu <strong data-start=\"26\" data-end=\"43\" data-is-only-node=\"\">KNX termostat<\/strong><\/li>\n<li data-start=\"48\" data-end=\"123\"><strong data-start=\"48\" data-end=\"61\">Function:<\/strong> Otaq temperaturunun <strong data-start=\"82\" data-end=\"121\" data-is-only-node=\"\">avtomatik n\u0259zar\u0259ti v\u0259 t\u0259nziml\u0259nm\u0259si<\/strong><\/li>\n<li data-start=\"126\" data-end=\"183\"><strong data-start=\"126\" data-end=\"139\">Link:<\/strong> KNX smart bina\/ev sistemi il\u0259 inteqrasiya<\/li>\n<li data-start=\"186\" data-end=\"232\"><strong data-start=\"186\" data-end=\"198\">Displey:<\/strong> R\u0259q\u0259msal g\u00f6st\u0259rici (temperatur)<\/li>\n<li data-start=\"235\" data-end=\"265\"><strong data-start=\"235\" data-end=\"250\">Installation:<\/strong> Divar montaj<\/li>\n<li data-start=\"268\" data-end=\"377\"><strong data-start=\"268\" data-end=\"278\">Additional:<\/strong> <strong data-start=\"279\" data-end=\"295\" data-is-only-node=\"\">Metal dizayn<\/strong> \u2014 daha davaml\u0131 korpus v\u0259 premium g\u00f6r\u00fcn\u00fc\u015f, enerji q\u0259na\u0259ti v\u0259 komfort \u00fc\u00e7\u00fcn uy\u011fundur<\/li>\n<\/ul>\n<\/div>\n<\/div>\n<\/div>\n<\/div>\n<div class=\"z-0 flex min-h-[46px] justify-start\"><\/div>\n<\/div>\n<\/div>\n<\/article>\n<\/div>\n<div class=\"pointer-events-none h-px w-px absolute bottom-0\" aria-hidden=\"true\" data-edge=\"true\"><\/div>","protected":false},"excerpt":{"rendered":"<p>Tip: Metal korpuslu KNX termostat Funksiya: Otaq temperaturunun avtomatik n\u0259zar\u0259ti  [&#8230;]<\/p>","protected":false},"featured_media":10032,"comment_status":"open","ping_status":"closed","template":"","meta":[],"product_brand":[],"product_cat":[291],"product_tag":[],"class_list":{"0":"post-10007","1":"product","2":"type-product","3":"status-publish","4":"has-post-thumbnail","6":"product_cat-eae-technology","7":"pa_mehsul-tipi-knx-thermostats","9":"first","10":"instock","11":"sold-individually","12":"shipping-taxable","13":"purchasable","14":"product-type-simple"},"_links":{"self":[{"href":"https:\/\/engitech.az\/en\/wp-json\/wp\/v2\/product\/10007","targetHints":{"allow":["GET"]}}],"collection":[{"href":"https:\/\/engitech.az\/en\/wp-json\/wp\/v2\/product"}],"about":[{"href":"https:\/\/engitech.az\/en\/wp-json\/wp\/v2\/types\/product"}],"replies":[{"embeddable":true,"href":"https:\/\/engitech.az\/en\/wp-json\/wp\/v2\/comments?post=10007"}],"wp:featuredmedia":[{"embeddable":true,"href":"https:\/\/engitech.az\/en\/wp-json\/wp\/v2\/media\/10032"}],"wp:attachment":[{"href":"https:\/\/engitech.az\/en\/wp-json\/wp\/v2\/media?parent=10007"}],"wp:term":[{"taxonomy":"product_brand","embeddable":true,"href":"https:\/\/engitech.az\/en\/wp-json\/wp\/v2\/product_brand?post=10007"},{"taxonomy":"product_cat","embeddable":true,"href":"https:\/\/engitech.az\/en\/wp-json\/wp\/v2\/product_cat?post=10007"},{"taxonomy":"product_tag","embeddable":true,"href":"https:\/\/engitech.az\/en\/wp-json\/wp\/v2\/product_tag?post=10007"}],"curies":[{"name":"wp","href":"https:\/\/api.w.org\/{rel}","templated":true}]}}