{"id":10016,"date":"2026-01-30T08:30:05","date_gmt":"2026-01-30T08:30:05","guid":{"rendered":"https:\/\/engitech.az\/?post_type=product&#038;p=10016"},"modified":"2026-01-30T08:42:44","modified_gmt":"2026-01-30T08:42:44","slug":"rosa-crystal-knx-thermostats","status":"publish","type":"product","link":"https:\/\/engitech.az\/en\/product\/rosa-crystal-knx-thermostats\/","title":{"rendered":"Rosa Crystal KNX Thermostats"},"content":{"rendered":"<ul>\n<li data-start=\"2\" data-end=\"41\"><strong data-start=\"2\" data-end=\"10\">Type:<\/strong> Kristal \u00fcz\u00fckl\u00fc KNX termostat<\/li>\n<li data-start=\"44\" data-end=\"125\"><strong data-start=\"44\" data-end=\"57\">Function:<\/strong> Otaq temperaturunun <strong data-start=\"78\" data-end=\"123\" data-is-only-node=\"\">avtomatik idar\u0259 olunmas\u0131 v\u0259 t\u0259nziml\u0259nm\u0259si<\/strong><\/li>\n<li data-start=\"128\" data-end=\"185\"><strong data-start=\"128\" data-end=\"141\">Link:<\/strong> KNX smart bina\/ev sistemi il\u0259 inteqrasiya<\/li>\n<li data-start=\"188\" data-end=\"236\"><strong data-start=\"188\" data-end=\"200\">Displey:<\/strong> Kristal s\u0259thli r\u0259q\u0259msal g\u00f6st\u0259rici<\/li>\n<li data-start=\"239\" data-end=\"269\"><strong data-start=\"239\" data-end=\"254\">Installation:<\/strong> Divar montaj<\/li>\n<li data-start=\"272\" data-end=\"371\"><strong data-start=\"272\" data-end=\"282\">Additional:<\/strong> Estetik \u201ccrystal\u201d dizayn \u2014 premium g\u00f6r\u00fcn\u00fc\u015f v\u0259 smart termostat funksiyalar\u0131 \u00fc\u00e7\u00fcn uy\u011fundur<\/li>\n<\/ul>","protected":false},"excerpt":{"rendered":"<p>Tip: Kristal \u00fcz\u00fckl\u00fc KNX termostat Funksiya: Otaq temperaturunun avtomatik idar\u0259  [&#8230;]<\/p>","protected":false},"featured_media":10034,"comment_status":"open","ping_status":"closed","template":"","meta":[],"product_brand":[],"product_cat":[291],"product_tag":[],"class_list":{"0":"post-10016","1":"product","2":"type-product","3":"status-publish","4":"has-post-thumbnail","6":"product_cat-eae-technology","7":"pa_mehsul-tipi-knx-thermostats","9":"first","10":"instock","11":"sold-individually","12":"shipping-taxable","13":"product-type-simple"},"_links":{"self":[{"href":"https:\/\/engitech.az\/en\/wp-json\/wp\/v2\/product\/10016","targetHints":{"allow":["GET"]}}],"collection":[{"href":"https:\/\/engitech.az\/en\/wp-json\/wp\/v2\/product"}],"about":[{"href":"https:\/\/engitech.az\/en\/wp-json\/wp\/v2\/types\/product"}],"replies":[{"embeddable":true,"href":"https:\/\/engitech.az\/en\/wp-json\/wp\/v2\/comments?post=10016"}],"wp:featuredmedia":[{"embeddable":true,"href":"https:\/\/engitech.az\/en\/wp-json\/wp\/v2\/media\/10034"}],"wp:attachment":[{"href":"https:\/\/engitech.az\/en\/wp-json\/wp\/v2\/media?parent=10016"}],"wp:term":[{"taxonomy":"product_brand","embeddable":true,"href":"https:\/\/engitech.az\/en\/wp-json\/wp\/v2\/product_brand?post=10016"},{"taxonomy":"product_cat","embeddable":true,"href":"https:\/\/engitech.az\/en\/wp-json\/wp\/v2\/product_cat?post=10016"},{"taxonomy":"product_tag","embeddable":true,"href":"https:\/\/engitech.az\/en\/wp-json\/wp\/v2\/product_tag?post=10016"}],"curies":[{"name":"wp","href":"https:\/\/api.w.org\/{rel}","templated":true}]}}