{"id":10020,"date":"2026-01-30T08:34:03","date_gmt":"2026-01-30T08:34:03","guid":{"rendered":"https:\/\/engitech.az\/?post_type=product&#038;p=10020"},"modified":"2026-01-30T08:37:19","modified_gmt":"2026-01-30T08:37:19","slug":"oria-2-fold-thermostat","status":"publish","type":"product","link":"https:\/\/engitech.az\/en\/product\/oria-2-fold-thermostat\/","title":{"rendered":"Oria 2 Fold Thermostat"},"content":{"rendered":"<ul>\n<li data-start=\"2\" data-end=\"56\"><strong data-start=\"2\" data-end=\"10\">Type:<\/strong> Qatlana bil\u0259n termostat (2\u2011Fold Thermostat)<\/li>\n<li data-start=\"59\" data-end=\"140\"><strong data-start=\"59\" data-end=\"72\">Function:<\/strong> Otaq temperaturunun <strong data-start=\"93\" data-end=\"138\" data-is-only-node=\"\">avtomatik idar\u0259 olunmas\u0131 v\u0259 t\u0259nziml\u0259nm\u0259si<\/strong><\/li>\n<li data-start=\"143\" data-end=\"217\"><strong data-start=\"143\" data-end=\"156\">Link:<\/strong> Smart bina\/ev sisteml\u0259ri il\u0259 uy\u011fun (m\u0259s. KNX v\u0259 ya analog)<\/li>\n<li data-start=\"220\" data-end=\"253\"><strong data-start=\"220\" data-end=\"232\">Displey:<\/strong> R\u0259q\u0259msal g\u00f6st\u0259rici<\/li>\n<li data-start=\"256\" data-end=\"286\"><strong data-start=\"256\" data-end=\"271\">Installation:<\/strong> Divar montaj<\/li>\n<li data-start=\"289\" data-end=\"373\"><strong data-start=\"289\" data-end=\"299\">Additional:<\/strong> <strong data-start=\"300\" data-end=\"319\" data-is-only-node=\"\">Katlanan dizayn<\/strong> \u2014 kompakt v\u0259 estetik panel, rahat istifad\u0259 \u00fc\u00e7\u00fcn uy\u011fun<\/li>\n<\/ul>","protected":false},"excerpt":{"rendered":"<p>Tip: Qatlana bil\u0259n termostat (2\u2011Fold Thermostat) Funksiya: Otaq temperaturunun avtomatik  [&#8230;]<\/p>","protected":false},"featured_media":10025,"comment_status":"open","ping_status":"closed","template":"","meta":[],"product_brand":[],"product_cat":[291],"product_tag":[],"class_list":{"0":"post-10020","1":"product","2":"type-product","3":"status-publish","4":"has-post-thumbnail","6":"product_cat-eae-technology","7":"pa_mehsul-tipi-knx-thermostats","9":"first","10":"instock","11":"sold-individually","12":"shipping-taxable","13":"purchasable","14":"product-type-simple"},"_links":{"self":[{"href":"https:\/\/engitech.az\/en\/wp-json\/wp\/v2\/product\/10020","targetHints":{"allow":["GET"]}}],"collection":[{"href":"https:\/\/engitech.az\/en\/wp-json\/wp\/v2\/product"}],"about":[{"href":"https:\/\/engitech.az\/en\/wp-json\/wp\/v2\/types\/product"}],"replies":[{"embeddable":true,"href":"https:\/\/engitech.az\/en\/wp-json\/wp\/v2\/comments?post=10020"}],"wp:featuredmedia":[{"embeddable":true,"href":"https:\/\/engitech.az\/en\/wp-json\/wp\/v2\/media\/10025"}],"wp:attachment":[{"href":"https:\/\/engitech.az\/en\/wp-json\/wp\/v2\/media?parent=10020"}],"wp:term":[{"taxonomy":"product_brand","embeddable":true,"href":"https:\/\/engitech.az\/en\/wp-json\/wp\/v2\/product_brand?post=10020"},{"taxonomy":"product_cat","embeddable":true,"href":"https:\/\/engitech.az\/en\/wp-json\/wp\/v2\/product_cat?post=10020"},{"taxonomy":"product_tag","embeddable":true,"href":"https:\/\/engitech.az\/en\/wp-json\/wp\/v2\/product_tag?post=10020"}],"curies":[{"name":"wp","href":"https:\/\/api.w.org\/{rel}","templated":true}]}}