{"id":10040,"date":"2026-01-30T08:51:14","date_gmt":"2026-01-30T08:51:14","guid":{"rendered":"https:\/\/engitech.az\/?post_type=product&#038;p=10040"},"modified":"2026-01-30T08:51:15","modified_gmt":"2026-01-30T08:51:15","slug":"oria-4-fold-thermostat","status":"publish","type":"product","link":"https:\/\/engitech.az\/en\/product\/oria-4-fold-thermostat\/","title":{"rendered":"Oria 4 Fold Thermostat"},"content":{"rendered":"<ul>\n<li data-start=\"67\" data-end=\"112\"><strong data-start=\"67\" data-end=\"75\">Type:<\/strong> Qatlanabil\u0259n termostat (4 d\u00fcym\u0259li)<\/li>\n<li data-start=\"115\" data-end=\"182\"><strong data-start=\"115\" data-end=\"128\">Function:<\/strong> Avtomatik otaq temperaturu idar\u0259si v\u0259 t\u0259nziml\u0259nm\u0259si<\/li>\n<li data-start=\"185\" data-end=\"235\"><strong data-start=\"185\" data-end=\"198\">Link:<\/strong> KNX v\u0259 ya analoq sisteml\u0259rl\u0259 uy\u011fun<\/li>\n<li data-start=\"238\" data-end=\"265\"><strong data-start=\"238\" data-end=\"250\">Displey:<\/strong> R\u0259q\u0259msal LCD<\/li>\n<li data-start=\"268\" data-end=\"298\"><strong data-start=\"268\" data-end=\"283\">Installation:<\/strong> Divar montaj<\/li>\n<li data-start=\"301\" data-end=\"416\"><strong data-start=\"301\" data-end=\"311\">Additional:<\/strong> Proqramla\u015fd\u0131r\u0131la bil\u0259n 4 d\u00fcym\u0259, daxili sensor, fan s\u00fcr\u0259ti t\u0259nziml\u0259m\u0259si, istilik-soyutma avtomatik ke\u00e7idi<\/li>\n<\/ul>","protected":false},"excerpt":{"rendered":"<p>Tip: Qatlanabil\u0259n termostat (4 d\u00fcym\u0259li) Funksiya: Avtomatik otaq temperaturu idar\u0259si  [&#8230;]<\/p>","protected":false},"featured_media":10041,"comment_status":"open","ping_status":"closed","template":"","meta":[],"product_brand":[],"product_cat":[291],"product_tag":[],"class_list":{"0":"post-10040","1":"product","2":"type-product","3":"status-publish","4":"has-post-thumbnail","6":"product_cat-eae-technology","7":"pa_mehsul-tipi-knx-thermostats","9":"first","10":"instock","11":"sold-individually","12":"shipping-taxable","13":"purchasable","14":"product-type-simple"},"_links":{"self":[{"href":"https:\/\/engitech.az\/en\/wp-json\/wp\/v2\/product\/10040","targetHints":{"allow":["GET"]}}],"collection":[{"href":"https:\/\/engitech.az\/en\/wp-json\/wp\/v2\/product"}],"about":[{"href":"https:\/\/engitech.az\/en\/wp-json\/wp\/v2\/types\/product"}],"replies":[{"embeddable":true,"href":"https:\/\/engitech.az\/en\/wp-json\/wp\/v2\/comments?post=10040"}],"wp:featuredmedia":[{"embeddable":true,"href":"https:\/\/engitech.az\/en\/wp-json\/wp\/v2\/media\/10041"}],"wp:attachment":[{"href":"https:\/\/engitech.az\/en\/wp-json\/wp\/v2\/media?parent=10040"}],"wp:term":[{"taxonomy":"product_brand","embeddable":true,"href":"https:\/\/engitech.az\/en\/wp-json\/wp\/v2\/product_brand?post=10040"},{"taxonomy":"product_cat","embeddable":true,"href":"https:\/\/engitech.az\/en\/wp-json\/wp\/v2\/product_cat?post=10040"},{"taxonomy":"product_tag","embeddable":true,"href":"https:\/\/engitech.az\/en\/wp-json\/wp\/v2\/product_tag?post=10040"}],"curies":[{"name":"wp","href":"https:\/\/api.w.org\/{rel}","templated":true}]}}