{"id":10044,"date":"2026-01-30T10:48:00","date_gmt":"2026-01-30T10:48:00","guid":{"rendered":"https:\/\/engitech.az\/?post_type=product&#038;p=10044"},"modified":"2026-01-30T10:48:00","modified_gmt":"2026-01-30T10:48:00","slug":"rosa-pictus-metal-knx-switches","status":"publish","type":"product","link":"https:\/\/engitech.az\/en\/product\/rosa-pictus-metal-knx-switches\/","title":{"rendered":"Rosa Pictus Metal KNX Switches"},"content":{"rendered":"<ul>\n<li data-start=\"64\" data-end=\"89\"><strong data-start=\"64\" data-end=\"72\">Type:<\/strong> Metal KNX a\u00e7ar<\/li>\n<li data-start=\"92\" data-end=\"140\"><strong data-start=\"92\" data-end=\"105\">Function:<\/strong> \u0130\u015f\u0131q, p\u0259rd\u0259, s\u0259hn\u0259 v\u0259 s. idar\u0259si<\/li>\n<li data-start=\"143\" data-end=\"180\"><strong data-start=\"143\" data-end=\"156\">Link:<\/strong> KNX sistemi il\u0259 uy\u011fun<\/li>\n<li data-start=\"183\" data-end=\"219\"><strong data-start=\"183\" data-end=\"197\">G\u00f6st\u0259rici:<\/strong> LED status i\u015f\u0131qlar\u0131<\/li>\n<li data-start=\"222\" data-end=\"252\"><strong data-start=\"222\" data-end=\"237\">Installation:<\/strong> Divar montaj<\/li>\n<li data-start=\"255\" data-end=\"322\"><strong data-start=\"255\" data-end=\"265\">Additional:<\/strong> Minimalist metal dizayn, proqramla\u015fd\u0131r\u0131la bil\u0259n d\u00fcym\u0259l\u0259r<\/li>\n<\/ul>","protected":false},"excerpt":{"rendered":"<p>Tip: Metal KNX a\u00e7ar Funksiya: \u0130\u015f\u0131q, p\u0259rd\u0259, s\u0259hn\u0259 v\u0259 s.  [&#8230;]<\/p>","protected":false},"featured_media":10050,"comment_status":"open","ping_status":"closed","template":"","meta":[],"product_brand":[],"product_cat":[291],"product_tag":[],"class_list":{"0":"post-10044","1":"product","2":"type-product","3":"status-publish","4":"has-post-thumbnail","6":"product_cat-eae-technology","7":"pa_mehsul-tipi-knx-switches","9":"first","10":"instock","11":"sold-individually","12":"shipping-taxable","13":"purchasable","14":"product-type-simple"},"_links":{"self":[{"href":"https:\/\/engitech.az\/en\/wp-json\/wp\/v2\/product\/10044","targetHints":{"allow":["GET"]}}],"collection":[{"href":"https:\/\/engitech.az\/en\/wp-json\/wp\/v2\/product"}],"about":[{"href":"https:\/\/engitech.az\/en\/wp-json\/wp\/v2\/types\/product"}],"replies":[{"embeddable":true,"href":"https:\/\/engitech.az\/en\/wp-json\/wp\/v2\/comments?post=10044"}],"wp:featuredmedia":[{"embeddable":true,"href":"https:\/\/engitech.az\/en\/wp-json\/wp\/v2\/media\/10050"}],"wp:attachment":[{"href":"https:\/\/engitech.az\/en\/wp-json\/wp\/v2\/media?parent=10044"}],"wp:term":[{"taxonomy":"product_brand","embeddable":true,"href":"https:\/\/engitech.az\/en\/wp-json\/wp\/v2\/product_brand?post=10044"},{"taxonomy":"product_cat","embeddable":true,"href":"https:\/\/engitech.az\/en\/wp-json\/wp\/v2\/product_cat?post=10044"},{"taxonomy":"product_tag","embeddable":true,"href":"https:\/\/engitech.az\/en\/wp-json\/wp\/v2\/product_tag?post=10044"}],"curies":[{"name":"wp","href":"https:\/\/api.w.org\/{rel}","templated":true}]}}