{"id":10051,"date":"2026-01-30T10:51:28","date_gmt":"2026-01-30T10:51:28","guid":{"rendered":"https:\/\/engitech.az\/?post_type=product&#038;p=10051"},"modified":"2026-01-30T10:51:28","modified_gmt":"2026-01-30T10:51:28","slug":"rosa-metal-knx-switches","status":"publish","type":"product","link":"https:\/\/engitech.az\/en\/product\/rosa-metal-knx-switches\/","title":{"rendered":"Rosa Metal KNX Switches"},"content":{"rendered":"<ul>\n<li data-start=\"46\" data-end=\"74\"><strong data-start=\"46\" data-end=\"54\">Type:<\/strong> Metal KNX a\u00e7arlar<\/li>\n<li data-start=\"77\" data-end=\"151\"><strong data-start=\"77\" data-end=\"90\">Function:<\/strong> \u0130\u015f\u0131q, p\u0259rd\u0259\/\u017caluz, s\u0259hn\u0259 v\u0259 dig\u0259r KNX funksiyalar\u0131 idar\u0259si<\/li>\n<li data-start=\"154\" data-end=\"191\"><strong data-start=\"154\" data-end=\"167\">Link:<\/strong> KNX sistemi il\u0259 uy\u011fun<\/li>\n<li data-start=\"194\" data-end=\"230\"><strong data-start=\"194\" data-end=\"208\">G\u00f6st\u0259rici:<\/strong> LED status i\u015f\u0131qlar\u0131<\/li>\n<li data-start=\"233\" data-end=\"263\"><strong data-start=\"233\" data-end=\"248\">Installation:<\/strong> Divar montaj<\/li>\n<li data-start=\"266\" data-end=\"333\"><strong data-start=\"266\" data-end=\"276\">Additional:<\/strong> Minimalist metal dizayn, proqramla\u015fd\u0131r\u0131la bil\u0259n d\u00fcym\u0259l\u0259r<\/li>\n<\/ul>","protected":false},"excerpt":{"rendered":"<p>Tip: Metal KNX a\u00e7arlar Funksiya: \u0130\u015f\u0131q, p\u0259rd\u0259\/\u017caluz, s\u0259hn\u0259 v\u0259 dig\u0259r  [&#8230;]<\/p>","protected":false},"featured_media":10052,"comment_status":"open","ping_status":"closed","template":"","meta":[],"product_brand":[],"product_cat":[291],"product_tag":[],"class_list":{"0":"post-10051","1":"product","2":"type-product","3":"status-publish","4":"has-post-thumbnail","6":"product_cat-eae-technology","7":"pa_mehsul-tipi-knx-switches","9":"first","10":"instock","11":"sold-individually","12":"shipping-taxable","13":"purchasable","14":"product-type-simple"},"_links":{"self":[{"href":"https:\/\/engitech.az\/en\/wp-json\/wp\/v2\/product\/10051","targetHints":{"allow":["GET"]}}],"collection":[{"href":"https:\/\/engitech.az\/en\/wp-json\/wp\/v2\/product"}],"about":[{"href":"https:\/\/engitech.az\/en\/wp-json\/wp\/v2\/types\/product"}],"replies":[{"embeddable":true,"href":"https:\/\/engitech.az\/en\/wp-json\/wp\/v2\/comments?post=10051"}],"wp:featuredmedia":[{"embeddable":true,"href":"https:\/\/engitech.az\/en\/wp-json\/wp\/v2\/media\/10052"}],"wp:attachment":[{"href":"https:\/\/engitech.az\/en\/wp-json\/wp\/v2\/media?parent=10051"}],"wp:term":[{"taxonomy":"product_brand","embeddable":true,"href":"https:\/\/engitech.az\/en\/wp-json\/wp\/v2\/product_brand?post=10051"},{"taxonomy":"product_cat","embeddable":true,"href":"https:\/\/engitech.az\/en\/wp-json\/wp\/v2\/product_cat?post=10051"},{"taxonomy":"product_tag","embeddable":true,"href":"https:\/\/engitech.az\/en\/wp-json\/wp\/v2\/product_tag?post=10051"}],"curies":[{"name":"wp","href":"https:\/\/api.w.org\/{rel}","templated":true}]}}