{"id":10053,"date":"2026-01-30T10:53:31","date_gmt":"2026-01-30T10:53:31","guid":{"rendered":"https:\/\/engitech.az\/?post_type=product&#038;p=10053"},"modified":"2026-01-30T10:53:31","modified_gmt":"2026-01-30T10:53:31","slug":"rosa-crystal-knx-switches","status":"publish","type":"product","link":"https:\/\/engitech.az\/en\/product\/rosa-crystal-knx-switches\/","title":{"rendered":"Rosa Crystal KNX Switches"},"content":{"rendered":"<ul>\n<li data-start=\"48\" data-end=\"84\"><strong data-start=\"48\" data-end=\"56\">Type:<\/strong> Kristal panel KNX a\u00e7arlar<\/li>\n<li data-start=\"87\" data-end=\"145\"><strong data-start=\"87\" data-end=\"100\">Function:<\/strong> \u0130\u015f\u0131qland\u0131rma, p\u0259rd\u0259\/\u017caluz v\u0259 s\u0259hn\u0259 idar\u0259si<\/li>\n<li data-start=\"148\" data-end=\"185\"><strong data-start=\"148\" data-end=\"161\">Link:<\/strong> KNX sistemi il\u0259 uy\u011fun<\/li>\n<li data-start=\"188\" data-end=\"224\"><strong data-start=\"188\" data-end=\"202\">G\u00f6st\u0259rici:<\/strong> LED status i\u015f\u0131qlar\u0131<\/li>\n<li data-start=\"227\" data-end=\"257\"><strong data-start=\"227\" data-end=\"242\">Installation:<\/strong> Divar montaj<\/li>\n<li data-start=\"260\" data-end=\"323\"><strong data-start=\"260\" data-end=\"270\">Additional:<\/strong> Kristal \u015f\u00fc\u015f\u0259 dizayn, proqramla\u015fd\u0131r\u0131la bil\u0259n d\u00fcym\u0259l\u0259r<\/li>\n<\/ul>","protected":false},"excerpt":{"rendered":"<p>Tip: Kristal panel KNX a\u00e7arlar Funksiya: \u0130\u015f\u0131qland\u0131rma, p\u0259rd\u0259\/\u017caluz v\u0259 s\u0259hn\u0259  [&#8230;]<\/p>","protected":false},"featured_media":10054,"comment_status":"open","ping_status":"closed","template":"","meta":[],"product_brand":[],"product_cat":[291],"product_tag":[],"class_list":{"0":"post-10053","1":"product","2":"type-product","3":"status-publish","4":"has-post-thumbnail","6":"product_cat-eae-technology","7":"pa_mehsul-tipi-knx-switches","9":"first","10":"instock","11":"sold-individually","12":"shipping-taxable","13":"purchasable","14":"product-type-simple"},"_links":{"self":[{"href":"https:\/\/engitech.az\/en\/wp-json\/wp\/v2\/product\/10053","targetHints":{"allow":["GET"]}}],"collection":[{"href":"https:\/\/engitech.az\/en\/wp-json\/wp\/v2\/product"}],"about":[{"href":"https:\/\/engitech.az\/en\/wp-json\/wp\/v2\/types\/product"}],"replies":[{"embeddable":true,"href":"https:\/\/engitech.az\/en\/wp-json\/wp\/v2\/comments?post=10053"}],"wp:featuredmedia":[{"embeddable":true,"href":"https:\/\/engitech.az\/en\/wp-json\/wp\/v2\/media\/10054"}],"wp:attachment":[{"href":"https:\/\/engitech.az\/en\/wp-json\/wp\/v2\/media?parent=10053"}],"wp:term":[{"taxonomy":"product_brand","embeddable":true,"href":"https:\/\/engitech.az\/en\/wp-json\/wp\/v2\/product_brand?post=10053"},{"taxonomy":"product_cat","embeddable":true,"href":"https:\/\/engitech.az\/en\/wp-json\/wp\/v2\/product_cat?post=10053"},{"taxonomy":"product_tag","embeddable":true,"href":"https:\/\/engitech.az\/en\/wp-json\/wp\/v2\/product_tag?post=10053"}],"curies":[{"name":"wp","href":"https:\/\/api.w.org\/{rel}","templated":true}]}}