{"id":10055,"date":"2026-01-30T10:57:04","date_gmt":"2026-01-30T10:57:04","guid":{"rendered":"https:\/\/engitech.az\/?post_type=product&#038;p=10055"},"modified":"2026-01-30T10:57:04","modified_gmt":"2026-01-30T10:57:04","slug":"mona-switches","status":"publish","type":"product","link":"https:\/\/engitech.az\/en\/product\/mona-switches\/","title":{"rendered":"Mona Switches"},"content":{"rendered":"<ul>\n<li data-start=\"36\" data-end=\"68\"><strong data-start=\"36\" data-end=\"44\">Type:<\/strong> A\u00e7ar\/switch panell\u0259ri<\/li>\n<li data-start=\"71\" data-end=\"143\"><strong data-start=\"71\" data-end=\"84\">Function:<\/strong> \u0130\u015f\u0131qland\u0131rma, p\u0259rd\u0259\/\u017caluz v\u0259 dig\u0259r funksiyalar\u0131n idar\u0259si<\/li>\n<li data-start=\"146\" data-end=\"208\"><strong data-start=\"146\" data-end=\"159\">Link:<\/strong> KNX v\u0259 ya dig\u0259r uy\u011fun idar\u0259etm\u0259 sisteml\u0259ri il\u0259<\/li>\n<li data-start=\"211\" data-end=\"252\"><strong data-start=\"211\" data-end=\"225\">G\u00f6st\u0259rici:<\/strong> LED status g\u00f6st\u0259ricil\u0259ri<\/li>\n<li data-start=\"255\" data-end=\"285\"><strong data-start=\"255\" data-end=\"270\">Installation:<\/strong> Divar montaj<\/li>\n<li data-start=\"288\" data-end=\"357\"><strong data-start=\"288\" data-end=\"298\">Additional:<\/strong> Sad\u0259 v\u0259 estetik dizayn, proqramla\u015fd\u0131r\u0131la bil\u0259n funksiyalar<\/li>\n<\/ul>","protected":false},"excerpt":{"rendered":"<p>Tip: A\u00e7ar\/switch panell\u0259ri Funksiya: \u0130\u015f\u0131qland\u0131rma, p\u0259rd\u0259\/\u017caluz v\u0259 dig\u0259r funksiyalar\u0131n idar\u0259si  [&#8230;]<\/p>","protected":false},"featured_media":10056,"comment_status":"open","ping_status":"closed","template":"","meta":[],"product_brand":[],"product_cat":[291],"product_tag":[],"class_list":{"0":"post-10055","1":"product","2":"type-product","3":"status-publish","4":"has-post-thumbnail","6":"product_cat-eae-technology","7":"pa_mehsul-tipi-knx-switches","9":"first","10":"instock","11":"sold-individually","12":"shipping-taxable","13":"purchasable","14":"product-type-simple"},"_links":{"self":[{"href":"https:\/\/engitech.az\/en\/wp-json\/wp\/v2\/product\/10055","targetHints":{"allow":["GET"]}}],"collection":[{"href":"https:\/\/engitech.az\/en\/wp-json\/wp\/v2\/product"}],"about":[{"href":"https:\/\/engitech.az\/en\/wp-json\/wp\/v2\/types\/product"}],"replies":[{"embeddable":true,"href":"https:\/\/engitech.az\/en\/wp-json\/wp\/v2\/comments?post=10055"}],"wp:featuredmedia":[{"embeddable":true,"href":"https:\/\/engitech.az\/en\/wp-json\/wp\/v2\/media\/10056"}],"wp:attachment":[{"href":"https:\/\/engitech.az\/en\/wp-json\/wp\/v2\/media?parent=10055"}],"wp:term":[{"taxonomy":"product_brand","embeddable":true,"href":"https:\/\/engitech.az\/en\/wp-json\/wp\/v2\/product_brand?post=10055"},{"taxonomy":"product_cat","embeddable":true,"href":"https:\/\/engitech.az\/en\/wp-json\/wp\/v2\/product_cat?post=10055"},{"taxonomy":"product_tag","embeddable":true,"href":"https:\/\/engitech.az\/en\/wp-json\/wp\/v2\/product_tag?post=10055"}],"curies":[{"name":"wp","href":"https:\/\/api.w.org\/{rel}","templated":true}]}}