{"id":10057,"date":"2026-01-30T11:00:09","date_gmt":"2026-01-30T11:00:09","guid":{"rendered":"https:\/\/engitech.az\/?post_type=product&#038;p=10057"},"modified":"2026-01-30T11:00:10","modified_gmt":"2026-01-30T11:00:10","slug":"oria-single-switch","status":"publish","type":"product","link":"https:\/\/engitech.az\/en\/product\/oria-single-switch\/","title":{"rendered":"Oria Single Switch"},"content":{"rendered":"<ul>\n<li data-start=\"48\" data-end=\"91\"><strong data-start=\"48\" data-end=\"56\">Type:<\/strong> T\u0259k d\u00fcym\u0259li a\u00e7ar (Single Switch)<\/li>\n<li data-start=\"94\" data-end=\"149\"><strong data-start=\"94\" data-end=\"107\">Function:<\/strong> \u0130\u015f\u0131q, p\u0259rd\u0259 v\u0259 dig\u0259r cihazlar\u0131n idar\u0259si<\/li>\n<li data-start=\"152\" data-end=\"209\"><strong data-start=\"152\" data-end=\"165\">Link:<\/strong> KNX v\u0259 ya uy\u011fun avtobus sistemi il\u0259 \u0259laq\u0259<\/li>\n<li data-start=\"212\" data-end=\"253\"><strong data-start=\"212\" data-end=\"226\">G\u00f6st\u0259rici:<\/strong> LED status g\u00f6st\u0259ricil\u0259ri<\/li>\n<li data-start=\"256\" data-end=\"310\"><strong data-start=\"256\" data-end=\"271\">Installation:<\/strong> Divar montaj, standart qutu uy\u011fundur<\/li>\n<li data-start=\"313\" data-end=\"374\"><strong data-start=\"313\" data-end=\"323\">Additional:<\/strong> Minimalist dizayn, proqramla\u015fd\u0131r\u0131la bil\u0259n funksiya<\/li>\n<\/ul>","protected":false},"excerpt":{"rendered":"<p>Tip: T\u0259k d\u00fcym\u0259li a\u00e7ar (Single Switch) Funksiya: \u0130\u015f\u0131q, p\u0259rd\u0259 v\u0259  [&#8230;]<\/p>","protected":false},"featured_media":10058,"comment_status":"open","ping_status":"closed","template":"","meta":[],"product_brand":[],"product_cat":[291],"product_tag":[],"class_list":{"0":"post-10057","1":"product","2":"type-product","3":"status-publish","4":"has-post-thumbnail","6":"product_cat-eae-technology","7":"pa_mehsul-tipi-knx-switches","9":"first","10":"instock","11":"sold-individually","12":"shipping-taxable","13":"purchasable","14":"product-type-simple"},"_links":{"self":[{"href":"https:\/\/engitech.az\/en\/wp-json\/wp\/v2\/product\/10057","targetHints":{"allow":["GET"]}}],"collection":[{"href":"https:\/\/engitech.az\/en\/wp-json\/wp\/v2\/product"}],"about":[{"href":"https:\/\/engitech.az\/en\/wp-json\/wp\/v2\/types\/product"}],"replies":[{"embeddable":true,"href":"https:\/\/engitech.az\/en\/wp-json\/wp\/v2\/comments?post=10057"}],"wp:featuredmedia":[{"embeddable":true,"href":"https:\/\/engitech.az\/en\/wp-json\/wp\/v2\/media\/10058"}],"wp:attachment":[{"href":"https:\/\/engitech.az\/en\/wp-json\/wp\/v2\/media?parent=10057"}],"wp:term":[{"taxonomy":"product_brand","embeddable":true,"href":"https:\/\/engitech.az\/en\/wp-json\/wp\/v2\/product_brand?post=10057"},{"taxonomy":"product_cat","embeddable":true,"href":"https:\/\/engitech.az\/en\/wp-json\/wp\/v2\/product_cat?post=10057"},{"taxonomy":"product_tag","embeddable":true,"href":"https:\/\/engitech.az\/en\/wp-json\/wp\/v2\/product_tag?post=10057"}],"curies":[{"name":"wp","href":"https:\/\/api.w.org\/{rel}","templated":true}]}}