{"id":10062,"date":"2026-01-30T11:03:33","date_gmt":"2026-01-30T11:03:33","guid":{"rendered":"https:\/\/engitech.az\/?post_type=product&#038;p=10062"},"modified":"2026-01-30T11:03:34","modified_gmt":"2026-01-30T11:03:34","slug":"oria-1-fold-switch","status":"publish","type":"product","link":"https:\/\/engitech.az\/en\/product\/oria-1-fold-switch\/","title":{"rendered":"Oria 1 Fold Switch"},"content":{"rendered":"<ul>\n<li data-start=\"48\" data-end=\"89\"><strong data-start=\"48\" data-end=\"56\">Type:<\/strong> T\u0259k modul a\u00e7ar (1-Fold Switch)<\/li>\n<li data-start=\"92\" data-end=\"153\"><strong data-start=\"92\" data-end=\"105\">Function:<\/strong> \u0130\u015f\u0131q, p\u0259rd\u0259\/\u017caluz v\u0259 dig\u0259r cihazlar\u0131n idar\u0259si<\/li>\n<li data-start=\"156\" data-end=\"207\"><strong data-start=\"156\" data-end=\"169\">Link:<\/strong> KNX v\u0259 ya uy\u011fun avtobus sistemi il\u0259<\/li>\n<li data-start=\"210\" data-end=\"249\"><strong data-start=\"210\" data-end=\"224\">G\u00f6st\u0259rici:<\/strong> LED status g\u00f6st\u0259ricisi<\/li>\n<li data-start=\"252\" data-end=\"305\"><strong data-start=\"252\" data-end=\"267\">Installation:<\/strong> Divar montaj, standart qutuya uy\u011fun<\/li>\n<li data-start=\"308\" data-end=\"369\"><strong data-start=\"308\" data-end=\"318\">Additional:<\/strong> Minimalist dizayn, proqramla\u015fd\u0131r\u0131la bil\u0259n funksiya<\/li>\n<\/ul>","protected":false},"excerpt":{"rendered":"<p>Tip: T\u0259k modul a\u00e7ar (1-Fold Switch) Funksiya: \u0130\u015f\u0131q, p\u0259rd\u0259\/\u017caluz v\u0259  [&#8230;]<\/p>","protected":false},"featured_media":10063,"comment_status":"open","ping_status":"closed","template":"","meta":[],"product_brand":[],"product_cat":[291],"product_tag":[],"class_list":{"0":"post-10062","1":"product","2":"type-product","3":"status-publish","4":"has-post-thumbnail","6":"product_cat-eae-technology","7":"pa_mehsul-tipi-knx-switches","9":"first","10":"instock","11":"sold-individually","12":"shipping-taxable","13":"purchasable","14":"product-type-simple"},"_links":{"self":[{"href":"https:\/\/engitech.az\/en\/wp-json\/wp\/v2\/product\/10062","targetHints":{"allow":["GET"]}}],"collection":[{"href":"https:\/\/engitech.az\/en\/wp-json\/wp\/v2\/product"}],"about":[{"href":"https:\/\/engitech.az\/en\/wp-json\/wp\/v2\/types\/product"}],"replies":[{"embeddable":true,"href":"https:\/\/engitech.az\/en\/wp-json\/wp\/v2\/comments?post=10062"}],"wp:featuredmedia":[{"embeddable":true,"href":"https:\/\/engitech.az\/en\/wp-json\/wp\/v2\/media\/10063"}],"wp:attachment":[{"href":"https:\/\/engitech.az\/en\/wp-json\/wp\/v2\/media?parent=10062"}],"wp:term":[{"taxonomy":"product_brand","embeddable":true,"href":"https:\/\/engitech.az\/en\/wp-json\/wp\/v2\/product_brand?post=10062"},{"taxonomy":"product_cat","embeddable":true,"href":"https:\/\/engitech.az\/en\/wp-json\/wp\/v2\/product_cat?post=10062"},{"taxonomy":"product_tag","embeddable":true,"href":"https:\/\/engitech.az\/en\/wp-json\/wp\/v2\/product_tag?post=10062"}],"curies":[{"name":"wp","href":"https:\/\/api.w.org\/{rel}","templated":true}]}}