{"id":10085,"date":"2026-01-30T11:17:48","date_gmt":"2026-01-30T11:17:48","guid":{"rendered":"https:\/\/engitech.az\/?post_type=product&#038;p=10085"},"modified":"2026-01-30T11:17:48","modified_gmt":"2026-01-30T11:17:48","slug":"oria-6-fold-switch","status":"publish","type":"product","link":"https:\/\/engitech.az\/en\/product\/oria-6-fold-switch\/","title":{"rendered":"Oria 6 Fold Switch"},"content":{"rendered":"<ul>\n<li data-start=\"48\" data-end=\"89\"><strong data-start=\"48\" data-end=\"56\">Type:<\/strong> 6 d\u00fcym\u0259li a\u00e7ar (6\u2011Fold Switch)<\/li>\n<li data-start=\"92\" data-end=\"160\"><strong data-start=\"92\" data-end=\"105\">Function:<\/strong> \u0130\u015f\u0131q, p\u0259rd\u0259\/\u017caluz, s\u0259hn\u0259 v\u0259 dig\u0259r cihazlar\u0131n idar\u0259si<\/li>\n<li data-start=\"163\" data-end=\"228\"><strong data-start=\"163\" data-end=\"176\">Link:<\/strong> KNX v\u0259 ya uy\u011fun smart bina\/avtomatika sistemi il\u0259<\/li>\n<li data-start=\"231\" data-end=\"272\"><strong data-start=\"231\" data-end=\"245\">G\u00f6st\u0259rici:<\/strong> LED status g\u00f6st\u0259ricil\u0259ri<\/li>\n<li data-start=\"275\" data-end=\"328\"><strong data-start=\"275\" data-end=\"290\">Installation:<\/strong> Divar montaj, standart qutuya uy\u011fun<\/li>\n<li data-start=\"331\" data-end=\"395\"><strong data-start=\"331\" data-end=\"341\">Additional:<\/strong> Minimalist dizayn, proqramla\u015fd\u0131r\u0131la bil\u0259n funksiyalar<\/li>\n<\/ul>","protected":false},"excerpt":{"rendered":"<p>Tip: 6 d\u00fcym\u0259li a\u00e7ar (6\u2011Fold Switch) Funksiya: \u0130\u015f\u0131q, p\u0259rd\u0259\/\u017caluz, s\u0259hn\u0259  [&#8230;]<\/p>","protected":false},"featured_media":10086,"comment_status":"open","ping_status":"closed","template":"","meta":[],"product_brand":[],"product_cat":[291],"product_tag":[],"class_list":{"0":"post-10085","1":"product","2":"type-product","3":"status-publish","4":"has-post-thumbnail","6":"product_cat-eae-technology","7":"pa_mehsul-tipi-knx-switches","9":"first","10":"instock","11":"sold-individually","12":"shipping-taxable","13":"purchasable","14":"product-type-simple"},"_links":{"self":[{"href":"https:\/\/engitech.az\/en\/wp-json\/wp\/v2\/product\/10085","targetHints":{"allow":["GET"]}}],"collection":[{"href":"https:\/\/engitech.az\/en\/wp-json\/wp\/v2\/product"}],"about":[{"href":"https:\/\/engitech.az\/en\/wp-json\/wp\/v2\/types\/product"}],"replies":[{"embeddable":true,"href":"https:\/\/engitech.az\/en\/wp-json\/wp\/v2\/comments?post=10085"}],"wp:featuredmedia":[{"embeddable":true,"href":"https:\/\/engitech.az\/en\/wp-json\/wp\/v2\/media\/10086"}],"wp:attachment":[{"href":"https:\/\/engitech.az\/en\/wp-json\/wp\/v2\/media?parent=10085"}],"wp:term":[{"taxonomy":"product_brand","embeddable":true,"href":"https:\/\/engitech.az\/en\/wp-json\/wp\/v2\/product_brand?post=10085"},{"taxonomy":"product_cat","embeddable":true,"href":"https:\/\/engitech.az\/en\/wp-json\/wp\/v2\/product_cat?post=10085"},{"taxonomy":"product_tag","embeddable":true,"href":"https:\/\/engitech.az\/en\/wp-json\/wp\/v2\/product_tag?post=10085"}],"curies":[{"name":"wp","href":"https:\/\/api.w.org\/{rel}","templated":true}]}}