{"id":10094,"date":"2026-01-30T11:23:47","date_gmt":"2026-01-30T11:23:47","guid":{"rendered":"https:\/\/engitech.az\/?post_type=product&#038;p=10094"},"modified":"2026-01-30T11:23:48","modified_gmt":"2026-01-30T11:23:48","slug":"rose-sockets","status":"publish","type":"product","link":"https:\/\/engitech.az\/en\/product\/rose-sockets\/","title":{"rendered":"Rosa Sockets"},"content":{"rendered":"<ul>\n<li data-start=\"42\" data-end=\"98\"><strong data-start=\"42\" data-end=\"50\">Type:<\/strong> Divar prizl\u0259ri \/ elektrik \u00e7\u0131x\u0131\u015flar\u0131 (Sockets)<\/li>\n<li data-start=\"101\" data-end=\"158\"><strong data-start=\"101\" data-end=\"114\">Function:<\/strong> Elektrik cihazlar\u0131n\u0131n enerji il\u0259 t\u0259minat\u0131<\/li>\n<li data-start=\"161\" data-end=\"215\"><strong data-start=\"161\" data-end=\"177\">Standartlar:<\/strong> Yerli elektrik standartlar\u0131na uy\u011fun<\/li>\n<li data-start=\"218\" data-end=\"278\"><strong data-start=\"218\" data-end=\"233\">Installation:<\/strong> Divar montaj, standart priz qutusuna uy\u011fun<\/li>\n<li data-start=\"281\" data-end=\"360\"><strong data-start=\"281\" data-end=\"292\">Design:<\/strong> Estetik v\u0259 davaml\u0131 \u2014 dig\u0259r Rosa seriyas\u0131 m\u0259hsullarla uy\u011fun vizual<\/li>\n<li data-start=\"363\" data-end=\"431\"><strong data-start=\"363\" data-end=\"373\">Additional:<\/strong> B\u0259z\u0259n USB portlu variantlar da ola bil\u0259r (modeld\u0259n as\u0131l\u0131)<\/li>\n<\/ul>","protected":false},"excerpt":{"rendered":"<p>Tip: Divar prizl\u0259ri \/ elektrik \u00e7\u0131x\u0131\u015flar\u0131 (Sockets) Funksiya: Elektrik cihazlar\u0131n\u0131n  [&#8230;]<\/p>","protected":false},"featured_media":10095,"comment_status":"open","ping_status":"closed","template":"","meta":[],"product_brand":[],"product_cat":[291],"product_tag":[],"class_list":{"0":"post-10094","1":"product","2":"type-product","3":"status-publish","4":"has-post-thumbnail","6":"product_cat-eae-technology","7":"pa_mehsul-tipi-knx-sockets","9":"first","10":"instock","11":"sold-individually","12":"shipping-taxable","13":"purchasable","14":"product-type-simple"},"_links":{"self":[{"href":"https:\/\/engitech.az\/en\/wp-json\/wp\/v2\/product\/10094","targetHints":{"allow":["GET"]}}],"collection":[{"href":"https:\/\/engitech.az\/en\/wp-json\/wp\/v2\/product"}],"about":[{"href":"https:\/\/engitech.az\/en\/wp-json\/wp\/v2\/types\/product"}],"replies":[{"embeddable":true,"href":"https:\/\/engitech.az\/en\/wp-json\/wp\/v2\/comments?post=10094"}],"wp:featuredmedia":[{"embeddable":true,"href":"https:\/\/engitech.az\/en\/wp-json\/wp\/v2\/media\/10095"}],"wp:attachment":[{"href":"https:\/\/engitech.az\/en\/wp-json\/wp\/v2\/media?parent=10094"}],"wp:term":[{"taxonomy":"product_brand","embeddable":true,"href":"https:\/\/engitech.az\/en\/wp-json\/wp\/v2\/product_brand?post=10094"},{"taxonomy":"product_cat","embeddable":true,"href":"https:\/\/engitech.az\/en\/wp-json\/wp\/v2\/product_cat?post=10094"},{"taxonomy":"product_tag","embeddable":true,"href":"https:\/\/engitech.az\/en\/wp-json\/wp\/v2\/product_tag?post=10094"}],"curies":[{"name":"wp","href":"https:\/\/api.w.org\/{rel}","templated":true}]}}