{"id":10096,"date":"2026-01-30T11:25:44","date_gmt":"2026-01-30T11:25:44","guid":{"rendered":"https:\/\/engitech.az\/?post_type=product&#038;p=10096"},"modified":"2026-01-30T11:25:44","modified_gmt":"2026-01-30T11:25:44","slug":"oria-sockets","status":"publish","type":"product","link":"https:\/\/engitech.az\/en\/product\/oria-sockets\/","title":{"rendered":"Oria Sockets"},"content":{"rendered":"<ul>\n<li data-start=\"42\" data-end=\"98\"><strong data-start=\"42\" data-end=\"50\">Type:<\/strong> Divar prizl\u0259ri \/ elektrik \u00e7\u0131x\u0131\u015flar\u0131 (Sockets)<\/li>\n<li data-start=\"101\" data-end=\"158\"><strong data-start=\"101\" data-end=\"114\">Function:<\/strong> Elektrik cihazlar\u0131n\u0131n enerji il\u0259 t\u0259minat\u0131<\/li>\n<li data-start=\"161\" data-end=\"222\"><strong data-start=\"161\" data-end=\"174\">Standard:<\/strong> Yerli elektrik standartlar\u0131na uy\u011fun (AC priz)<\/li>\n<li data-start=\"225\" data-end=\"285\"><strong data-start=\"225\" data-end=\"240\">Installation:<\/strong> Divar montaj, standart priz qutusuna uy\u011fun<\/li>\n<li data-start=\"288\" data-end=\"351\"><strong data-start=\"288\" data-end=\"299\">Design:<\/strong> <strong data-start=\"300\" data-end=\"308\">Oria<\/strong> seriyas\u0131na uy\u011fun estetik v\u0259 davaml\u0131 s\u0259th<\/li>\n<li data-start=\"354\" data-end=\"430\"><strong data-start=\"354\" data-end=\"364\">Additional:<\/strong> B\u0259zi modell\u0259rd\u0259 USB\/Type\u2011C \u00e7\u0131x\u0131\u015flar da ola bil\u0259r (modeld\u0259n as\u0131l\u0131)<\/li>\n<\/ul>","protected":false},"excerpt":{"rendered":"<p>Tip: Divar prizl\u0259ri \/ elektrik \u00e7\u0131x\u0131\u015flar\u0131 (Sockets) Funksiya: Elektrik cihazlar\u0131n\u0131n  [&#8230;]<\/p>","protected":false},"featured_media":10097,"comment_status":"open","ping_status":"closed","template":"","meta":[],"product_brand":[],"product_cat":[291],"product_tag":[],"class_list":{"0":"post-10096","1":"product","2":"type-product","3":"status-publish","4":"has-post-thumbnail","6":"product_cat-eae-technology","7":"pa_mehsul-tipi-knx-sockets","9":"first","10":"instock","11":"sold-individually","12":"shipping-taxable","13":"purchasable","14":"product-type-simple"},"_links":{"self":[{"href":"https:\/\/engitech.az\/en\/wp-json\/wp\/v2\/product\/10096","targetHints":{"allow":["GET"]}}],"collection":[{"href":"https:\/\/engitech.az\/en\/wp-json\/wp\/v2\/product"}],"about":[{"href":"https:\/\/engitech.az\/en\/wp-json\/wp\/v2\/types\/product"}],"replies":[{"embeddable":true,"href":"https:\/\/engitech.az\/en\/wp-json\/wp\/v2\/comments?post=10096"}],"wp:featuredmedia":[{"embeddable":true,"href":"https:\/\/engitech.az\/en\/wp-json\/wp\/v2\/media\/10097"}],"wp:attachment":[{"href":"https:\/\/engitech.az\/en\/wp-json\/wp\/v2\/media?parent=10096"}],"wp:term":[{"taxonomy":"product_brand","embeddable":true,"href":"https:\/\/engitech.az\/en\/wp-json\/wp\/v2\/product_brand?post=10096"},{"taxonomy":"product_cat","embeddable":true,"href":"https:\/\/engitech.az\/en\/wp-json\/wp\/v2\/product_cat?post=10096"},{"taxonomy":"product_tag","embeddable":true,"href":"https:\/\/engitech.az\/en\/wp-json\/wp\/v2\/product_tag?post=10096"}],"curies":[{"name":"wp","href":"https:\/\/api.w.org\/{rel}","templated":true}]}}