{"id":10106,"date":"2026-01-30T11:32:01","date_gmt":"2026-01-30T11:32:01","guid":{"rendered":"https:\/\/engitech.az\/?post_type=product&#038;p=10106"},"modified":"2026-01-30T11:32:01","modified_gmt":"2026-01-30T11:32:01","slug":"mona-card-holder","status":"publish","type":"product","link":"https:\/\/engitech.az\/en\/product\/mona-card-holder\/","title":{"rendered":"Mona Card Holder"},"content":{"rendered":"<ul>\n<li data-start=\"46\" data-end=\"101\"><strong data-start=\"46\" data-end=\"54\">Type:<\/strong> Otaq giri\u015find\u0259 istifad\u0259 olunan kart tutaca\u011f\u0131<\/li>\n<li data-start=\"104\" data-end=\"205\"><strong data-start=\"104\" data-end=\"117\">Function:<\/strong> Otaq a\u00e7ar kart\u0131n\u0131 yerl\u0259\u015fdirm\u0259k v\u0259 <strong data-start=\"152\" data-end=\"191\">enerji q\u0259na\u0259ti \/ giri\u015f a\u015fkarlanmas\u0131<\/strong> t\u0259min etm\u0259k<\/li>\n<li data-start=\"208\" data-end=\"238\"><strong data-start=\"208\" data-end=\"223\">Installation:<\/strong> Divar montaj<\/li>\n<li data-start=\"241\" data-end=\"298\"><strong data-start=\"241\" data-end=\"252\">Design:<\/strong> Sad\u0259 v\u0259 funksional \u2014 hotel otaqlar\u0131na uy\u011fun<\/li>\n<li data-start=\"301\" data-end=\"369\"><strong data-start=\"301\" data-end=\"311\">Additional:<\/strong> Enerji idar\u0259etm\u0259 sisteml\u0259ri il\u0259 inteqrasiya edil\u0259 bil\u0259r<\/li>\n<\/ul>","protected":false},"excerpt":{"rendered":"<p>Tip: Otaq giri\u015find\u0259 istifad\u0259 olunan kart tutaca\u011f\u0131 Funksiya: Otaq a\u00e7ar  [&#8230;]<\/p>","protected":false},"featured_media":10107,"comment_status":"open","ping_status":"closed","template":"","meta":[],"product_brand":[],"product_cat":[291],"product_tag":[],"class_list":{"0":"post-10106","1":"product","2":"type-product","3":"status-publish","4":"has-post-thumbnail","6":"product_cat-eae-technology","7":"pa_mehsul-tipi-grms-devices","9":"first","10":"instock","11":"sold-individually","12":"shipping-taxable","13":"purchasable","14":"product-type-simple"},"_links":{"self":[{"href":"https:\/\/engitech.az\/en\/wp-json\/wp\/v2\/product\/10106","targetHints":{"allow":["GET"]}}],"collection":[{"href":"https:\/\/engitech.az\/en\/wp-json\/wp\/v2\/product"}],"about":[{"href":"https:\/\/engitech.az\/en\/wp-json\/wp\/v2\/types\/product"}],"replies":[{"embeddable":true,"href":"https:\/\/engitech.az\/en\/wp-json\/wp\/v2\/comments?post=10106"}],"wp:featuredmedia":[{"embeddable":true,"href":"https:\/\/engitech.az\/en\/wp-json\/wp\/v2\/media\/10107"}],"wp:attachment":[{"href":"https:\/\/engitech.az\/en\/wp-json\/wp\/v2\/media?parent=10106"}],"wp:term":[{"taxonomy":"product_brand","embeddable":true,"href":"https:\/\/engitech.az\/en\/wp-json\/wp\/v2\/product_brand?post=10106"},{"taxonomy":"product_cat","embeddable":true,"href":"https:\/\/engitech.az\/en\/wp-json\/wp\/v2\/product_cat?post=10106"},{"taxonomy":"product_tag","embeddable":true,"href":"https:\/\/engitech.az\/en\/wp-json\/wp\/v2\/product_tag?post=10106"}],"curies":[{"name":"wp","href":"https:\/\/api.w.org\/{rel}","templated":true}]}}