{"id":10108,"date":"2026-01-30T11:33:15","date_gmt":"2026-01-30T11:33:15","guid":{"rendered":"https:\/\/engitech.az\/?post_type=product&#038;p=10108"},"modified":"2026-01-30T11:33:16","modified_gmt":"2026-01-30T11:33:16","slug":"mona-touch-bedside-panel","status":"publish","type":"product","link":"https:\/\/engitech.az\/en\/product\/mona-touch-bedside-panel\/","title":{"rendered":"Mona Touch Bedside Panel"},"content":{"rendered":"<ul>\n<li data-start=\"54\" data-end=\"94\"><strong data-start=\"54\" data-end=\"62\">Type:<\/strong> Yataq ba\u015f\u0131 touch idar\u0259 paneli<\/li>\n<li data-start=\"97\" data-end=\"191\"><strong data-start=\"97\" data-end=\"110\">Function:<\/strong> \u0130\u015f\u0131q, p\u0259rd\u0259, s\u0259hn\u0259 v\u0259 otaq funksiyalar\u0131n\u0131 bir yerd\u0259 touch vasit\u0259sil\u0259 idar\u0259etm\u0259<\/li>\n<li data-start=\"194\" data-end=\"260\"><strong data-start=\"194\" data-end=\"207\">Link:<\/strong> KNX v\u0259 ya uy\u011fun smart bina\/otel avtomatika sistemi<\/li>\n<li data-start=\"263\" data-end=\"298\"><strong data-start=\"263\" data-end=\"273\">Screen:<\/strong> Touch panel interfeysi<\/li>\n<li data-start=\"301\" data-end=\"352\"><strong data-start=\"301\" data-end=\"316\">Installation:<\/strong> Yataq k\u0259nar\u0131 montaj \u00fc\u00e7\u00fcn uy\u011fundur<\/li>\n<li data-start=\"355\" data-end=\"431\"><strong data-start=\"355\" data-end=\"365\">Additional:<\/strong> Minimalist dizayn, proqramla\u015fd\u0131r\u0131la bil\u0259n d\u00fcym\u0259l\u0259r v\u0259 funksiyalar<\/li>\n<\/ul>","protected":false},"excerpt":{"rendered":"<p>Tip: Yataq ba\u015f\u0131 touch idar\u0259 paneli Funksiya: \u0130\u015f\u0131q, p\u0259rd\u0259, s\u0259hn\u0259  [&#8230;]<\/p>","protected":false},"featured_media":10109,"comment_status":"open","ping_status":"closed","template":"","meta":[],"product_brand":[],"product_cat":[291],"product_tag":[],"class_list":{"0":"post-10108","1":"product","2":"type-product","3":"status-publish","4":"has-post-thumbnail","6":"product_cat-eae-technology","7":"pa_mehsul-tipi-grms-devices","9":"first","10":"instock","11":"sold-individually","12":"shipping-taxable","13":"purchasable","14":"product-type-simple"},"_links":{"self":[{"href":"https:\/\/engitech.az\/en\/wp-json\/wp\/v2\/product\/10108","targetHints":{"allow":["GET"]}}],"collection":[{"href":"https:\/\/engitech.az\/en\/wp-json\/wp\/v2\/product"}],"about":[{"href":"https:\/\/engitech.az\/en\/wp-json\/wp\/v2\/types\/product"}],"replies":[{"embeddable":true,"href":"https:\/\/engitech.az\/en\/wp-json\/wp\/v2\/comments?post=10108"}],"wp:featuredmedia":[{"embeddable":true,"href":"https:\/\/engitech.az\/en\/wp-json\/wp\/v2\/media\/10109"}],"wp:attachment":[{"href":"https:\/\/engitech.az\/en\/wp-json\/wp\/v2\/media?parent=10108"}],"wp:term":[{"taxonomy":"product_brand","embeddable":true,"href":"https:\/\/engitech.az\/en\/wp-json\/wp\/v2\/product_brand?post=10108"},{"taxonomy":"product_cat","embeddable":true,"href":"https:\/\/engitech.az\/en\/wp-json\/wp\/v2\/product_cat?post=10108"},{"taxonomy":"product_tag","embeddable":true,"href":"https:\/\/engitech.az\/en\/wp-json\/wp\/v2\/product_tag?post=10108"}],"curies":[{"name":"wp","href":"https:\/\/api.w.org\/{rel}","templated":true}]}}