{"id":10110,"date":"2026-01-30T11:34:48","date_gmt":"2026-01-30T11:34:48","guid":{"rendered":"https:\/\/engitech.az\/?post_type=product&#038;p=10110"},"modified":"2026-01-30T11:34:48","modified_gmt":"2026-01-30T11:34:48","slug":"mona-welcome-panel","status":"publish","type":"product","link":"https:\/\/engitech.az\/en\/product\/mona-welcome-panel\/","title":{"rendered":"Mona Welcome Panel"},"content":{"rendered":"<ul>\n<li data-start=\"48\" data-end=\"82\"><strong data-start=\"48\" data-end=\"56\">Type:<\/strong> Giri\u015f salamlay\u0131c\u0131 panel<\/li>\n<li data-start=\"85\" data-end=\"159\"><strong data-start=\"85\" data-end=\"98\">Function:<\/strong> Otaq\/zone giri\u015find\u0259 qar\u015f\u0131layan m\u0259lumat v\u0259 idar\u0259etm\u0259 paneli<\/li>\n<li data-start=\"162\" data-end=\"228\"><strong data-start=\"162\" data-end=\"175\">Link:<\/strong> KNX v\u0259 ya uy\u011fun smart bina\/otel avtomatika sistemi<\/li>\n<li data-start=\"231\" data-end=\"292\"><strong data-start=\"231\" data-end=\"245\">Interface:<\/strong> LED\/lcd g\u00f6st\u0259ricil\u0259r v\u0259\/v\u0259 ya touch d\u00fcym\u0259l\u0259r<\/li>\n<li data-start=\"295\" data-end=\"325\"><strong data-start=\"295\" data-end=\"310\">Installation:<\/strong> Divar montaj<\/li>\n<li data-start=\"328\" data-end=\"389\"><strong data-start=\"328\" data-end=\"338\">Additional:<\/strong> Estetik dizayn, proqramla\u015fd\u0131r\u0131la bil\u0259n funksiyalar<\/li>\n<\/ul>","protected":false},"excerpt":{"rendered":"<p>Tip: Giri\u015f salamlay\u0131c\u0131 panel Funksiya: Otaq\/zone giri\u015find\u0259 qar\u015f\u0131layan m\u0259lumat v\u0259  [&#8230;]<\/p>","protected":false},"featured_media":10111,"comment_status":"open","ping_status":"closed","template":"","meta":[],"product_brand":[],"product_cat":[291],"product_tag":[],"class_list":{"0":"post-10110","1":"product","2":"type-product","3":"status-publish","4":"has-post-thumbnail","6":"product_cat-eae-technology","7":"pa_mehsul-tipi-grms-devices","9":"first","10":"instock","11":"sold-individually","12":"shipping-taxable","13":"purchasable","14":"product-type-simple"},"_links":{"self":[{"href":"https:\/\/engitech.az\/en\/wp-json\/wp\/v2\/product\/10110","targetHints":{"allow":["GET"]}}],"collection":[{"href":"https:\/\/engitech.az\/en\/wp-json\/wp\/v2\/product"}],"about":[{"href":"https:\/\/engitech.az\/en\/wp-json\/wp\/v2\/types\/product"}],"replies":[{"embeddable":true,"href":"https:\/\/engitech.az\/en\/wp-json\/wp\/v2\/comments?post=10110"}],"wp:featuredmedia":[{"embeddable":true,"href":"https:\/\/engitech.az\/en\/wp-json\/wp\/v2\/media\/10111"}],"wp:attachment":[{"href":"https:\/\/engitech.az\/en\/wp-json\/wp\/v2\/media?parent=10110"}],"wp:term":[{"taxonomy":"product_brand","embeddable":true,"href":"https:\/\/engitech.az\/en\/wp-json\/wp\/v2\/product_brand?post=10110"},{"taxonomy":"product_cat","embeddable":true,"href":"https:\/\/engitech.az\/en\/wp-json\/wp\/v2\/product_cat?post=10110"},{"taxonomy":"product_tag","embeddable":true,"href":"https:\/\/engitech.az\/en\/wp-json\/wp\/v2\/product_tag?post=10110"}],"curies":[{"name":"wp","href":"https:\/\/api.w.org\/{rel}","templated":true}]}}