{"id":10112,"date":"2026-01-30T11:46:51","date_gmt":"2026-01-30T11:46:51","guid":{"rendered":"https:\/\/engitech.az\/?post_type=product&#038;p=10112"},"modified":"2026-01-30T11:46:51","modified_gmt":"2026-01-30T11:46:51","slug":"da110-dali-gateway","status":"publish","type":"product","link":"https:\/\/engitech.az\/en\/product\/da110-dali-gateway\/","title":{"rendered":"DA110 Dali Gateway"},"content":{"rendered":"<ul>\n<li data-start=\"48\" data-end=\"89\"><strong data-start=\"48\" data-end=\"56\">Type:<\/strong> DALI Gateway (KNX\u2013DALI ke\u00e7idi)<\/li>\n<li data-start=\"92\" data-end=\"189\"><strong data-start=\"92\" data-end=\"105\">Function:<\/strong> KNX sistemini <strong data-start=\"120\" data-end=\"128\">DALI<\/strong> \u015f\u0259b\u0259k\u0259sin\u0259 ba\u011flayaraq DALI i\u015f\u0131qlar\u0131 v\u0259 ballasts idar\u0259 etm\u0259<\/li>\n<li data-start=\"192\" data-end=\"233\"><strong data-start=\"192\" data-end=\"205\">Link:<\/strong> KNX avtobusu + DALI x\u0259tti<\/li>\n<li data-start=\"236\" data-end=\"300\"><strong data-start=\"236\" data-end=\"247\">Rejimi:<\/strong> Bir v\u0259 ya bir ne\u00e7\u0259 DALI qrupunu (adres) idar\u0259 etm\u0259<\/li>\n<li data-start=\"303\" data-end=\"348\"><strong data-start=\"303\" data-end=\"318\">Installation:<\/strong> DIN rels montaj (panel tip)<\/li>\n<li data-start=\"351\" data-end=\"404\"><strong data-start=\"351\" data-end=\"361\">Additional:<\/strong> LED g\u00f6st\u0259ricil\u0259rl\u0259 status v\u0259 s\u0259hv m\u0259lumat\u0131<\/li>\n<\/ul>","protected":false},"excerpt":{"rendered":"<p>Tip: DALI Gateway (KNX\u2013DALI ke\u00e7idi) Funksiya: KNX sistemini DALI \u015f\u0259b\u0259k\u0259sin\u0259  [&#8230;]<\/p>","protected":false},"featured_media":10118,"comment_status":"open","ping_status":"closed","template":"","meta":[],"product_brand":[],"product_cat":[291],"product_tag":[],"class_list":{"0":"post-10112","1":"product","2":"type-product","3":"status-publish","4":"has-post-thumbnail","6":"product_cat-eae-technology","7":"pa_mehsul-tipi-knx-dali-gateways","9":"first","10":"instock","11":"sold-individually","12":"shipping-taxable","13":"purchasable","14":"product-type-simple"},"_links":{"self":[{"href":"https:\/\/engitech.az\/en\/wp-json\/wp\/v2\/product\/10112","targetHints":{"allow":["GET"]}}],"collection":[{"href":"https:\/\/engitech.az\/en\/wp-json\/wp\/v2\/product"}],"about":[{"href":"https:\/\/engitech.az\/en\/wp-json\/wp\/v2\/types\/product"}],"replies":[{"embeddable":true,"href":"https:\/\/engitech.az\/en\/wp-json\/wp\/v2\/comments?post=10112"}],"wp:featuredmedia":[{"embeddable":true,"href":"https:\/\/engitech.az\/en\/wp-json\/wp\/v2\/media\/10118"}],"wp:attachment":[{"href":"https:\/\/engitech.az\/en\/wp-json\/wp\/v2\/media?parent=10112"}],"wp:term":[{"taxonomy":"product_brand","embeddable":true,"href":"https:\/\/engitech.az\/en\/wp-json\/wp\/v2\/product_brand?post=10112"},{"taxonomy":"product_cat","embeddable":true,"href":"https:\/\/engitech.az\/en\/wp-json\/wp\/v2\/product_cat?post=10112"},{"taxonomy":"product_tag","embeddable":true,"href":"https:\/\/engitech.az\/en\/wp-json\/wp\/v2\/product_tag?post=10112"}],"curies":[{"name":"wp","href":"https:\/\/api.w.org\/{rel}","templated":true}]}}