{"id":10119,"date":"2026-01-30T11:49:44","date_gmt":"2026-01-30T11:49:44","guid":{"rendered":"https:\/\/engitech.az\/?post_type=product&#038;p=10119"},"modified":"2026-01-30T11:49:45","modified_gmt":"2026-01-30T11:49:45","slug":"da100-dali-gateway","status":"publish","type":"product","link":"https:\/\/engitech.az\/en\/product\/da100-dali-gateway\/","title":{"rendered":"DA100 Dali Gateway"},"content":{"rendered":"<ul>\n<li data-start=\"50\" data-end=\"94\"><strong data-start=\"50\" data-end=\"63\">Function:<\/strong> KNX\u2013DALI i\u015f\u0131qland\u0131rma ke\u00e7idi<\/li>\n<li data-start=\"97\" data-end=\"138\"><strong data-start=\"97\" data-end=\"110\">Link:<\/strong> KNX avtobusu + DALI x\u0259tti<\/li>\n<li data-start=\"141\" data-end=\"174\"><strong data-start=\"141\" data-end=\"156\">Installation:<\/strong> DIN rels montaj<\/li>\n<li data-start=\"177\" data-end=\"222\"><strong data-start=\"177\" data-end=\"187\">Additional:<\/strong> LED g\u00f6st\u0259ricil\u0259rl\u0259 status g\u00f6st\u0259rir<\/li>\n<\/ul>","protected":false},"excerpt":{"rendered":"<p>Funksiya: KNX\u2013DALI i\u015f\u0131qland\u0131rma ke\u00e7idi Ba\u011flant\u0131: KNX avtobusu + DALI x\u0259tti  [&#8230;]<\/p>","protected":false},"featured_media":10120,"comment_status":"open","ping_status":"closed","template":"","meta":[],"product_brand":[],"product_cat":[291],"product_tag":[],"class_list":{"0":"post-10119","1":"product","2":"type-product","3":"status-publish","4":"has-post-thumbnail","6":"product_cat-eae-technology","7":"pa_mehsul-tipi-knx-dali-gateways","9":"first","10":"instock","11":"sold-individually","12":"shipping-taxable","13":"purchasable","14":"product-type-simple"},"_links":{"self":[{"href":"https:\/\/engitech.az\/en\/wp-json\/wp\/v2\/product\/10119","targetHints":{"allow":["GET"]}}],"collection":[{"href":"https:\/\/engitech.az\/en\/wp-json\/wp\/v2\/product"}],"about":[{"href":"https:\/\/engitech.az\/en\/wp-json\/wp\/v2\/types\/product"}],"replies":[{"embeddable":true,"href":"https:\/\/engitech.az\/en\/wp-json\/wp\/v2\/comments?post=10119"}],"wp:featuredmedia":[{"embeddable":true,"href":"https:\/\/engitech.az\/en\/wp-json\/wp\/v2\/media\/10120"}],"wp:attachment":[{"href":"https:\/\/engitech.az\/en\/wp-json\/wp\/v2\/media?parent=10119"}],"wp:term":[{"taxonomy":"product_brand","embeddable":true,"href":"https:\/\/engitech.az\/en\/wp-json\/wp\/v2\/product_brand?post=10119"},{"taxonomy":"product_cat","embeddable":true,"href":"https:\/\/engitech.az\/en\/wp-json\/wp\/v2\/product_cat?post=10119"},{"taxonomy":"product_tag","embeddable":true,"href":"https:\/\/engitech.az\/en\/wp-json\/wp\/v2\/product_tag?post=10119"}],"curies":[{"name":"wp","href":"https:\/\/api.w.org\/{rel}","templated":true}]}}