{"id":10121,"date":"2026-01-30T12:14:13","date_gmt":"2026-01-30T12:14:13","guid":{"rendered":"https:\/\/engitech.az\/?post_type=product&#038;p=10121"},"modified":"2026-01-30T12:14:13","modified_gmt":"2026-01-30T12:14:13","slug":"daikin-ac-knx-gateway","status":"publish","type":"product","link":"https:\/\/engitech.az\/en\/product\/daikin-ac-knx-gateway\/","title":{"rendered":"Daikin AC KNX Gateway"},"content":{"rendered":"<ul>\n<li data-start=\"51\" data-end=\"138\"><strong data-start=\"51\" data-end=\"64\">Function:<\/strong> Daikin kondisioner\/AC sistemini <strong data-start=\"97\" data-end=\"104\">KNX<\/strong> bina avtomatika sistemin\u0259 qo\u015fur<\/li>\n<li data-start=\"141\" data-end=\"192\"><strong data-start=\"141\" data-end=\"154\">Link:<\/strong> KNX avtobusu + Daikin AC interfeysi<\/li>\n<li data-start=\"195\" data-end=\"274\"><strong data-start=\"195\" data-end=\"205\">\u0130dar\u0259:<\/strong> Temperatur, rejim v\u0259 dig\u0259r AC funksiyalar\u0131n\u0131 KNX \u00fcz\u0259rind\u0259n n\u0259zar\u0259t<\/li>\n<li data-start=\"277\" data-end=\"335\"><strong data-start=\"277\" data-end=\"292\">Installation:<\/strong> DIN rels montaj v\u0259 ya uy\u011fun panel montaj<\/li>\n<li data-start=\"338\" data-end=\"398\"><strong data-start=\"338\" data-end=\"348\">Additional:<\/strong> Status g\u00f6st\u0259ricil\u0259r il\u0259 \u0259laq\u0259 v\u0259 sistem v\u0259ziyy\u0259ti<\/li>\n<\/ul>","protected":false},"excerpt":{"rendered":"<p>Funksiya: Daikin kondisioner\/AC sistemini KNX bina avtomatika sistemin\u0259 qo\u015fur Ba\u011flant\u0131:  [&#8230;]<\/p>","protected":false},"featured_media":10127,"comment_status":"open","ping_status":"closed","template":"","meta":[],"product_brand":[],"product_cat":[291],"product_tag":[],"class_list":{"0":"post-10121","1":"product","2":"type-product","3":"status-publish","4":"has-post-thumbnail","6":"product_cat-eae-technology","7":"pa_mehsul-tipi-knx-ac-gateways","9":"first","10":"instock","11":"sold-individually","12":"shipping-taxable","13":"purchasable","14":"product-type-simple"},"_links":{"self":[{"href":"https:\/\/engitech.az\/en\/wp-json\/wp\/v2\/product\/10121","targetHints":{"allow":["GET"]}}],"collection":[{"href":"https:\/\/engitech.az\/en\/wp-json\/wp\/v2\/product"}],"about":[{"href":"https:\/\/engitech.az\/en\/wp-json\/wp\/v2\/types\/product"}],"replies":[{"embeddable":true,"href":"https:\/\/engitech.az\/en\/wp-json\/wp\/v2\/comments?post=10121"}],"wp:featuredmedia":[{"embeddable":true,"href":"https:\/\/engitech.az\/en\/wp-json\/wp\/v2\/media\/10127"}],"wp:attachment":[{"href":"https:\/\/engitech.az\/en\/wp-json\/wp\/v2\/media?parent=10121"}],"wp:term":[{"taxonomy":"product_brand","embeddable":true,"href":"https:\/\/engitech.az\/en\/wp-json\/wp\/v2\/product_brand?post=10121"},{"taxonomy":"product_cat","embeddable":true,"href":"https:\/\/engitech.az\/en\/wp-json\/wp\/v2\/product_cat?post=10121"},{"taxonomy":"product_tag","embeddable":true,"href":"https:\/\/engitech.az\/en\/wp-json\/wp\/v2\/product_tag?post=10121"}],"curies":[{"name":"wp","href":"https:\/\/api.w.org\/{rel}","templated":true}]}}