{"id":10128,"date":"2026-01-30T12:15:36","date_gmt":"2026-01-30T12:15:36","guid":{"rendered":"https:\/\/engitech.az\/?post_type=product&#038;p=10128"},"modified":"2026-01-30T12:15:36","modified_gmt":"2026-01-30T12:15:36","slug":"mitsubishi-ac-gateway","status":"publish","type":"product","link":"https:\/\/engitech.az\/en\/product\/mitsubishi-ac-gateway\/","title":{"rendered":"Mitsubishi AC Gateway"},"content":{"rendered":"<ul>\n<li data-start=\"51\" data-end=\"142\"><strong data-start=\"51\" data-end=\"64\">Function:<\/strong> Mitsubishi kondisioner\/AC sistemini <strong data-start=\"101\" data-end=\"108\">KNX<\/strong> bina avtomatika sistemin\u0259 qo\u015fur<\/li>\n<li data-start=\"145\" data-end=\"200\"><strong data-start=\"145\" data-end=\"158\">Link:<\/strong> KNX avtobusu + Mitsubishi AC interfeysi<\/li>\n<li data-start=\"203\" data-end=\"282\"><strong data-start=\"203\" data-end=\"213\">\u0130dar\u0259:<\/strong> Temperatur, rejim v\u0259 dig\u0259r AC funksiyalar\u0131n\u0131 KNX \u00fcz\u0259rind\u0259n n\u0259zar\u0259t<\/li>\n<li data-start=\"285\" data-end=\"343\"><strong data-start=\"285\" data-end=\"300\">Installation:<\/strong> DIN rels montaj v\u0259 ya uy\u011fun panel montaj<\/li>\n<li data-start=\"346\" data-end=\"406\"><strong data-start=\"346\" data-end=\"356\">Additional:<\/strong> Status g\u00f6st\u0259ricil\u0259rl\u0259 sistem v\u0259ziyy\u0259tini g\u00f6st\u0259rir<\/li>\n<\/ul>","protected":false},"excerpt":{"rendered":"<p>Funksiya: Mitsubishi kondisioner\/AC sistemini KNX bina avtomatika sistemin\u0259 qo\u015fur Ba\u011flant\u0131:  [&#8230;]<\/p>","protected":false},"featured_media":10129,"comment_status":"open","ping_status":"closed","template":"","meta":[],"product_brand":[],"product_cat":[291],"product_tag":[],"class_list":{"0":"post-10128","1":"product","2":"type-product","3":"status-publish","4":"has-post-thumbnail","6":"product_cat-eae-technology","7":"pa_mehsul-tipi-knx-ac-gateways","9":"first","10":"instock","11":"sold-individually","12":"shipping-taxable","13":"purchasable","14":"product-type-simple"},"_links":{"self":[{"href":"https:\/\/engitech.az\/en\/wp-json\/wp\/v2\/product\/10128","targetHints":{"allow":["GET"]}}],"collection":[{"href":"https:\/\/engitech.az\/en\/wp-json\/wp\/v2\/product"}],"about":[{"href":"https:\/\/engitech.az\/en\/wp-json\/wp\/v2\/types\/product"}],"replies":[{"embeddable":true,"href":"https:\/\/engitech.az\/en\/wp-json\/wp\/v2\/comments?post=10128"}],"wp:featuredmedia":[{"embeddable":true,"href":"https:\/\/engitech.az\/en\/wp-json\/wp\/v2\/media\/10129"}],"wp:attachment":[{"href":"https:\/\/engitech.az\/en\/wp-json\/wp\/v2\/media?parent=10128"}],"wp:term":[{"taxonomy":"product_brand","embeddable":true,"href":"https:\/\/engitech.az\/en\/wp-json\/wp\/v2\/product_brand?post=10128"},{"taxonomy":"product_cat","embeddable":true,"href":"https:\/\/engitech.az\/en\/wp-json\/wp\/v2\/product_cat?post=10128"},{"taxonomy":"product_tag","embeddable":true,"href":"https:\/\/engitech.az\/en\/wp-json\/wp\/v2\/product_tag?post=10128"}],"curies":[{"name":"wp","href":"https:\/\/api.w.org\/{rel}","templated":true}]}}