{"id":10130,"date":"2026-01-30T12:20:34","date_gmt":"2026-01-30T12:20:34","guid":{"rendered":"https:\/\/engitech.az\/?post_type=product&#038;p=10130"},"modified":"2026-01-30T12:20:34","modified_gmt":"2026-01-30T12:20:34","slug":"kmg103","status":"publish","type":"product","link":"https:\/\/engitech.az\/en\/product\/kmg103\/","title":{"rendered":"KMG103"},"content":{"rendered":"<ul>\n<li data-start=\"38\" data-end=\"78\"><strong data-start=\"38\" data-end=\"46\">Type:<\/strong> KNX Multi\u2011Gateway \/ Interface<\/li>\n<li data-start=\"81\" data-end=\"172\"><strong data-start=\"81\" data-end=\"94\">Function:<\/strong> M\u00fcxt\u0259lif sensor v\u0259 aktuator siqnallar\u0131n\u0131 <strong data-start=\"136\" data-end=\"143\">KNX<\/strong> sistemin\u0259 \u00e7evirir v\u0259 qo\u015fur<\/li>\n<li data-start=\"175\" data-end=\"235\"><strong data-start=\"175\" data-end=\"188\">Link:<\/strong> KNX avtobusu + analog\/digital giri\u015f\u2011\u00e7\u0131x\u0131\u015flar<\/li>\n<li data-start=\"238\" data-end=\"336\"><strong data-start=\"238\" data-end=\"248\">\u0130dar\u0259:<\/strong> Temperatur sensorlar\u0131, d\u00fcym\u0259 siqnallar\u0131, kontaktlar v\u0259 dig\u0259r cihazlar\u0131n inteqrasiyas\u0131<\/li>\n<li data-start=\"339\" data-end=\"383\"><strong data-start=\"339\" data-end=\"354\">Installation:<\/strong> DIN rels montaj \u00fc\u00e7\u00fcn uy\u011fun<\/li>\n<li data-start=\"386\" data-end=\"431\"><strong data-start=\"386\" data-end=\"396\">Additional:<\/strong> LED g\u00f6st\u0259ricil\u0259rl\u0259 status izl\u0259m\u0259<\/li>\n<\/ul>","protected":false},"excerpt":{"rendered":"<p>Tip: KNX Multi\u2011Gateway \/ Interface Funksiya: M\u00fcxt\u0259lif sensor v\u0259 aktuator  [&#8230;]<\/p>","protected":false},"featured_media":10136,"comment_status":"open","ping_status":"closed","template":"","meta":[],"product_brand":[],"product_cat":[291],"product_tag":[],"class_list":{"0":"post-10130","1":"product","2":"type-product","3":"status-publish","4":"has-post-thumbnail","6":"product_cat-eae-technology","7":"pa_mehsul-tipi-knx-modbus-gateway","9":"first","10":"instock","11":"sold-individually","12":"shipping-taxable","13":"purchasable","14":"product-type-simple"},"_links":{"self":[{"href":"https:\/\/engitech.az\/en\/wp-json\/wp\/v2\/product\/10130","targetHints":{"allow":["GET"]}}],"collection":[{"href":"https:\/\/engitech.az\/en\/wp-json\/wp\/v2\/product"}],"about":[{"href":"https:\/\/engitech.az\/en\/wp-json\/wp\/v2\/types\/product"}],"replies":[{"embeddable":true,"href":"https:\/\/engitech.az\/en\/wp-json\/wp\/v2\/comments?post=10130"}],"wp:featuredmedia":[{"embeddable":true,"href":"https:\/\/engitech.az\/en\/wp-json\/wp\/v2\/media\/10136"}],"wp:attachment":[{"href":"https:\/\/engitech.az\/en\/wp-json\/wp\/v2\/media?parent=10130"}],"wp:term":[{"taxonomy":"product_brand","embeddable":true,"href":"https:\/\/engitech.az\/en\/wp-json\/wp\/v2\/product_brand?post=10130"},{"taxonomy":"product_cat","embeddable":true,"href":"https:\/\/engitech.az\/en\/wp-json\/wp\/v2\/product_cat?post=10130"},{"taxonomy":"product_tag","embeddable":true,"href":"https:\/\/engitech.az\/en\/wp-json\/wp\/v2\/product_tag?post=10130"}],"curies":[{"name":"wp","href":"https:\/\/api.w.org\/{rel}","templated":true}]}}