{"id":10137,"date":"2026-01-30T12:43:18","date_gmt":"2026-01-30T12:43:18","guid":{"rendered":"https:\/\/engitech.az\/?post_type=product&#038;p=10137"},"modified":"2026-01-30T12:43:18","modified_gmt":"2026-01-30T12:43:18","slug":"fca100-fan-coil-actuator","status":"publish","type":"product","link":"https:\/\/engitech.az\/en\/product\/fca100-fan-coil-actuator\/","title":{"rendered":"FCA100 Fan Coil Actuator"},"content":{"rendered":"<ul>\n<li data-start=\"54\" data-end=\"108\"><strong data-start=\"54\" data-end=\"62\">Type:<\/strong> Fan Coil Actuator (Fan Coil n\u0259zar\u0259t modulu)<\/li>\n<li data-start=\"111\" data-end=\"231\"><strong data-start=\"111\" data-end=\"124\">Function:<\/strong> Fan coil sisteml\u0259rinin <strong data-start=\"148\" data-end=\"170\">ventilyator s\u00fcr\u0259ti<\/strong>, <strong data-start=\"172\" data-end=\"186\">su klapan\u0131<\/strong> v\u0259 istilik\/soyutma \u0259m\u0259liyyat\u0131n\u0131 idar\u0259 edir<\/li>\n<li data-start=\"234\" data-end=\"290\"><strong data-start=\"234\" data-end=\"247\">Link:<\/strong> KNX bina avtomatika sistemi il\u0259 uy\u011fundur<\/li>\n<li data-start=\"293\" data-end=\"337\"><strong data-start=\"293\" data-end=\"308\">Installation:<\/strong> DIN rels montaj \u00fc\u00e7\u00fcn uy\u011fun<\/li>\n<li data-start=\"340\" data-end=\"403\"><strong data-start=\"340\" data-end=\"350\">Additional:<\/strong> LED g\u00f6st\u0259ricil\u0259r il\u0259 v\u0259ziyy\u0259t v\u0259 f\u0259aliyy\u0259t bildiri\u015fi<\/li>\n<\/ul>","protected":false},"excerpt":{"rendered":"<p>Tip: Fan Coil Actuator (Fan Coil n\u0259zar\u0259t modulu) Funksiya: Fan  [&#8230;]<\/p>","protected":false},"featured_media":10143,"comment_status":"open","ping_status":"closed","template":"","meta":[],"product_brand":[],"product_cat":[291],"product_tag":[],"class_list":{"0":"post-10137","1":"product","2":"type-product","3":"status-publish","4":"has-post-thumbnail","6":"product_cat-eae-technology","7":"pa_mehsul-tipi-fan-coil-actuator","9":"first","10":"instock","11":"sold-individually","12":"shipping-taxable","13":"purchasable","14":"product-type-simple"},"_links":{"self":[{"href":"https:\/\/engitech.az\/en\/wp-json\/wp\/v2\/product\/10137","targetHints":{"allow":["GET"]}}],"collection":[{"href":"https:\/\/engitech.az\/en\/wp-json\/wp\/v2\/product"}],"about":[{"href":"https:\/\/engitech.az\/en\/wp-json\/wp\/v2\/types\/product"}],"replies":[{"embeddable":true,"href":"https:\/\/engitech.az\/en\/wp-json\/wp\/v2\/comments?post=10137"}],"wp:featuredmedia":[{"embeddable":true,"href":"https:\/\/engitech.az\/en\/wp-json\/wp\/v2\/media\/10143"}],"wp:attachment":[{"href":"https:\/\/engitech.az\/en\/wp-json\/wp\/v2\/media?parent=10137"}],"wp:term":[{"taxonomy":"product_brand","embeddable":true,"href":"https:\/\/engitech.az\/en\/wp-json\/wp\/v2\/product_brand?post=10137"},{"taxonomy":"product_cat","embeddable":true,"href":"https:\/\/engitech.az\/en\/wp-json\/wp\/v2\/product_cat?post=10137"},{"taxonomy":"product_tag","embeddable":true,"href":"https:\/\/engitech.az\/en\/wp-json\/wp\/v2\/product_tag?post=10137"}],"curies":[{"name":"wp","href":"https:\/\/api.w.org\/{rel}","templated":true}]}}