{"id":10153,"date":"2026-01-30T12:49:33","date_gmt":"2026-01-30T12:49:33","guid":{"rendered":"https:\/\/engitech.az\/?post_type=product&#038;p=10153"},"modified":"2026-01-30T12:49:33","modified_gmt":"2026-01-30T12:49:33","slug":"rcu1200-room-control-unit","status":"publish","type":"product","link":"https:\/\/engitech.az\/en\/product\/rcu1200-room-control-unit\/","title":{"rendered":"RCU1200 Room Control Unit"},"content":{"rendered":"<div class=\"flex flex-col text-sm pb-25\">\n<article class=\"text-token-text-primary w-full focus:outline-none [--shadow-height:45px] has-data-writing-block:pointer-events-none has-data-writing-block:-mt-(--shadow-height) has-data-writing-block:pt-(--shadow-height) [&amp;:has([data-writing-block])&gt;*]:pointer-events-auto scroll-mt-[calc(var(--header-height)+min(200px,max(70px,20svh)))]\" dir=\"auto\" tabindex=\"-1\" data-turn-id=\"request-WEB:fb38a1ff-ecab-439e-b103-e10a6852f59d-32\" data-testid=\"conversation-turn-66\" data-scroll-anchor=\"true\" data-turn=\"assistant\">\n<div class=\"text-base my-auto mx-auto pb-10 [--thread-content-margin:--spacing(4)] @w-sm\/main:[--thread-content-margin:--spacing(6)] @w-lg\/main:[--thread-content-margin:--spacing(16)] px-(--thread-content-margin)\">\n<div class=\"[--thread-content-max-width:40rem] @w-lg\/main:[--thread-content-max-width:48rem] mx-auto max-w-(--thread-content-max-width) flex-1 group\/turn-messages focus-visible:outline-hidden relative flex w-full min-w-0 flex-col agent-turn\" tabindex=\"-1\">\n<div class=\"flex max-w-full flex-col grow\">\n<div class=\"min-h-8 text-message relative flex w-full flex-col items-end gap-2 text-start break-words whitespace-normal [.text-message+&amp;]:mt-1\" dir=\"auto\" data-message-author-role=\"assistant\" data-message-id=\"0f23e824-d122-4c31-9a1a-3f25e80fa27c\" data-message-model-slug=\"gpt-5-2\">\n<div class=\"flex w-full flex-col gap-1 empty:hidden first:pt-[1px]\">\n<div class=\"markdown prose dark:prose-invert w-full wrap-break-word dark markdown-new-styling\">\n<ul>\n<li data-start=\"57\" data-end=\"144\"><strong data-start=\"57\" data-end=\"70\">Function:<\/strong> Otaqda iqlim, i\u015f\u0131q, p\u0259rd\u0259 v\u0259 dig\u0259r otaq funksiyalar\u0131n\u0131n m\u0259rk\u0259zi idar\u0259si<\/li>\n<li data-start=\"147\" data-end=\"184\"><strong data-start=\"147\" data-end=\"160\">Link:<\/strong> KNX sistemi il\u0259 uy\u011fun<\/li>\n<li data-start=\"187\" data-end=\"217\"><strong data-start=\"187\" data-end=\"202\">Installation:<\/strong> Divar montaj<\/li>\n<li data-start=\"220\" data-end=\"300\"><strong data-start=\"220\" data-end=\"230\">Additional:<\/strong> LED\/displey il\u0259 status g\u00f6st\u0259ricisi v\u0259 proqramla\u015fd\u0131r\u0131la bil\u0259n d\u00fcym\u0259l\u0259r<\/li>\n<\/ul>\n<\/div>\n<\/div>\n<\/div>\n<\/div>\n<div class=\"z-0 flex min-h-[46px] justify-start\"><\/div>\n<\/div>\n<\/div>\n<\/article>\n<\/div>\n<div class=\"pointer-events-none h-px w-px absolute bottom-0\" aria-hidden=\"true\" data-edge=\"true\"><\/div>","protected":false},"excerpt":{"rendered":"<p>Funksiya: Otaqda iqlim, i\u015f\u0131q, p\u0259rd\u0259 v\u0259 dig\u0259r otaq funksiyalar\u0131n\u0131n m\u0259rk\u0259zi  [&#8230;]<\/p>","protected":false},"featured_media":10154,"comment_status":"open","ping_status":"closed","template":"","meta":[],"product_brand":[],"product_cat":[291],"product_tag":[],"class_list":{"0":"post-10153","1":"product","2":"type-product","3":"status-publish","4":"has-post-thumbnail","6":"product_cat-eae-technology","7":"pa_mehsul-tipi-room-control-units","9":"first","10":"instock","11":"sold-individually","12":"shipping-taxable","13":"purchasable","14":"product-type-simple"},"_links":{"self":[{"href":"https:\/\/engitech.az\/en\/wp-json\/wp\/v2\/product\/10153","targetHints":{"allow":["GET"]}}],"collection":[{"href":"https:\/\/engitech.az\/en\/wp-json\/wp\/v2\/product"}],"about":[{"href":"https:\/\/engitech.az\/en\/wp-json\/wp\/v2\/types\/product"}],"replies":[{"embeddable":true,"href":"https:\/\/engitech.az\/en\/wp-json\/wp\/v2\/comments?post=10153"}],"wp:featuredmedia":[{"embeddable":true,"href":"https:\/\/engitech.az\/en\/wp-json\/wp\/v2\/media\/10154"}],"wp:attachment":[{"href":"https:\/\/engitech.az\/en\/wp-json\/wp\/v2\/media?parent=10153"}],"wp:term":[{"taxonomy":"product_brand","embeddable":true,"href":"https:\/\/engitech.az\/en\/wp-json\/wp\/v2\/product_brand?post=10153"},{"taxonomy":"product_cat","embeddable":true,"href":"https:\/\/engitech.az\/en\/wp-json\/wp\/v2\/product_cat?post=10153"},{"taxonomy":"product_tag","embeddable":true,"href":"https:\/\/engitech.az\/en\/wp-json\/wp\/v2\/product_tag?post=10153"}],"curies":[{"name":"wp","href":"https:\/\/api.w.org\/{rel}","templated":true}]}}