{"id":10169,"date":"2026-01-30T13:15:26","date_gmt":"2026-01-30T13:15:26","guid":{"rendered":"https:\/\/engitech.az\/?post_type=product&#038;p=10169"},"modified":"2026-01-30T13:15:26","modified_gmt":"2026-01-30T13:15:26","slug":"sw108-switch-actuator","status":"publish","type":"product","link":"https:\/\/engitech.az\/en\/product\/sw108-switch-actuator\/","title":{"rendered":"SW108 Switch Actuator"},"content":{"rendered":"<ul>\n<li data-start=\"53\" data-end=\"89\"><strong data-start=\"53\" data-end=\"61\">Type:<\/strong> 8 kanall\u0131 Switch Actuator<\/li>\n<li data-start=\"92\" data-end=\"166\"><strong data-start=\"92\" data-end=\"105\">Function:<\/strong> 8 m\u00fcst\u0259qil y\u00fck\u00fc <strong data-start=\"122\" data-end=\"139\">a\u00e7\u0131b\/s\u00f6nd\u00fcrm\u0259<\/strong> (i\u015f\u0131q, priz, rele v\u0259 s.)<\/li>\n<li data-start=\"169\" data-end=\"222\"><strong data-start=\"169\" data-end=\"182\">Link:<\/strong> KNX bina avtomatika sistemi il\u0259 uy\u011fun<\/li>\n<li data-start=\"225\" data-end=\"258\"><strong data-start=\"225\" data-end=\"240\">Installation:<\/strong> DIN rels montaj<\/li>\n<li data-start=\"261\" data-end=\"332\"><strong data-start=\"261\" data-end=\"271\">Additional:<\/strong> LED status g\u00f6st\u0259ricil\u0259ri il\u0259 kanallar\u0131n v\u0259ziyy\u0259tini g\u00f6st\u0259rir<\/li>\n<\/ul>","protected":false},"excerpt":{"rendered":"<p>Tip: 8 kanall\u0131 Switch Actuator Funksiya: 8 m\u00fcst\u0259qil y\u00fck\u00fc a\u00e7\u0131b\/s\u00f6nd\u00fcrm\u0259  [&#8230;]<\/p>","protected":false},"featured_media":10170,"comment_status":"open","ping_status":"closed","template":"","meta":[],"product_brand":[],"product_cat":[291],"product_tag":[],"class_list":{"0":"post-10169","1":"product","2":"type-product","3":"status-publish","4":"has-post-thumbnail","6":"product_cat-eae-technology","7":"pa_mehsul-tipi-switch-actuators","9":"first","10":"instock","11":"sold-individually","12":"shipping-taxable","13":"purchasable","14":"product-type-simple"},"_links":{"self":[{"href":"https:\/\/engitech.az\/en\/wp-json\/wp\/v2\/product\/10169","targetHints":{"allow":["GET"]}}],"collection":[{"href":"https:\/\/engitech.az\/en\/wp-json\/wp\/v2\/product"}],"about":[{"href":"https:\/\/engitech.az\/en\/wp-json\/wp\/v2\/types\/product"}],"replies":[{"embeddable":true,"href":"https:\/\/engitech.az\/en\/wp-json\/wp\/v2\/comments?post=10169"}],"wp:featuredmedia":[{"embeddable":true,"href":"https:\/\/engitech.az\/en\/wp-json\/wp\/v2\/media\/10170"}],"wp:attachment":[{"href":"https:\/\/engitech.az\/en\/wp-json\/wp\/v2\/media?parent=10169"}],"wp:term":[{"taxonomy":"product_brand","embeddable":true,"href":"https:\/\/engitech.az\/en\/wp-json\/wp\/v2\/product_brand?post=10169"},{"taxonomy":"product_cat","embeddable":true,"href":"https:\/\/engitech.az\/en\/wp-json\/wp\/v2\/product_cat?post=10169"},{"taxonomy":"product_tag","embeddable":true,"href":"https:\/\/engitech.az\/en\/wp-json\/wp\/v2\/product_tag?post=10169"}],"curies":[{"name":"wp","href":"https:\/\/api.w.org\/{rel}","templated":true}]}}