{"id":10171,"date":"2026-01-30T13:25:02","date_gmt":"2026-01-30T13:25:02","guid":{"rendered":"https:\/\/engitech.az\/?post_type=product&#038;p=10171"},"modified":"2026-01-30T13:25:02","modified_gmt":"2026-01-30T13:25:02","slug":"sd110-1-10v-dimmer-actuator","status":"publish","type":"product","link":"https:\/\/engitech.az\/en\/product\/sd110-1-10v-dimmer-actuator\/","title":{"rendered":"SD110 1-10V Dimming Actuator"},"content":{"rendered":"<ul>\n<li data-start=\"56\" data-end=\"89\"><strong data-start=\"56\" data-end=\"64\">Type:<\/strong> 1\u201110V Dimming Actuator<\/li>\n<li data-start=\"92\" data-end=\"159\"><strong data-start=\"92\" data-end=\"105\">Function:<\/strong> 1\u201110V siqnal il\u0259 <strong data-start=\"123\" data-end=\"157\">i\u015f\u0131\u011f\u0131n parlaql\u0131\u011f\u0131n\u0131 t\u0259nziml\u0259m\u0259<\/strong><\/li>\n<li data-start=\"162\" data-end=\"215\"><strong data-start=\"162\" data-end=\"175\">Link:<\/strong> KNX bina avtomatika sistemi il\u0259 uy\u011fun<\/li>\n<li data-start=\"218\" data-end=\"251\"><strong data-start=\"218\" data-end=\"233\">Installation:<\/strong> DIN rels montaj<\/li>\n<li data-start=\"254\" data-end=\"321\"><strong data-start=\"254\" data-end=\"264\">Additional:<\/strong> LED status g\u00f6st\u0259ricil\u0259ri il\u0259 dim siqnallar\u0131n\u0131n v\u0259ziyy\u0259ti<\/li>\n<\/ul>","protected":false},"excerpt":{"rendered":"<p>Tip: 1\u201110V Dimming Actuator Funksiya: 1\u201110V siqnal il\u0259 i\u015f\u0131\u011f\u0131n parlaql\u0131\u011f\u0131n\u0131  [&#8230;]<\/p>","protected":false},"featured_media":10177,"comment_status":"open","ping_status":"closed","template":"","meta":[],"product_brand":[],"product_cat":[291],"product_tag":[],"class_list":{"0":"post-10171","1":"product","2":"type-product","3":"status-publish","4":"has-post-thumbnail","6":"product_cat-eae-technology","7":"pa_mehsul-tipi-dim-actuators","9":"first","10":"instock","11":"sold-individually","12":"shipping-taxable","13":"purchasable","14":"product-type-simple"},"_links":{"self":[{"href":"https:\/\/engitech.az\/en\/wp-json\/wp\/v2\/product\/10171","targetHints":{"allow":["GET"]}}],"collection":[{"href":"https:\/\/engitech.az\/en\/wp-json\/wp\/v2\/product"}],"about":[{"href":"https:\/\/engitech.az\/en\/wp-json\/wp\/v2\/types\/product"}],"replies":[{"embeddable":true,"href":"https:\/\/engitech.az\/en\/wp-json\/wp\/v2\/comments?post=10171"}],"wp:featuredmedia":[{"embeddable":true,"href":"https:\/\/engitech.az\/en\/wp-json\/wp\/v2\/media\/10177"}],"wp:attachment":[{"href":"https:\/\/engitech.az\/en\/wp-json\/wp\/v2\/media?parent=10171"}],"wp:term":[{"taxonomy":"product_brand","embeddable":true,"href":"https:\/\/engitech.az\/en\/wp-json\/wp\/v2\/product_brand?post=10171"},{"taxonomy":"product_cat","embeddable":true,"href":"https:\/\/engitech.az\/en\/wp-json\/wp\/v2\/product_cat?post=10171"},{"taxonomy":"product_tag","embeddable":true,"href":"https:\/\/engitech.az\/en\/wp-json\/wp\/v2\/product_tag?post=10171"}],"curies":[{"name":"wp","href":"https:\/\/api.w.org\/{rel}","templated":true}]}}