{"id":10187,"date":"2026-01-30T13:35:21","date_gmt":"2026-01-30T13:35:21","guid":{"rendered":"https:\/\/engitech.az\/?post_type=product&#038;p=10187"},"modified":"2026-01-30T13:35:21","modified_gmt":"2026-01-30T13:35:21","slug":"cd100-corridor-sensor","status":"publish","type":"product","link":"https:\/\/engitech.az\/en\/product\/cd100-corridor-sensor\/","title":{"rendered":"CD100 Corridor Sensor"},"content":{"rendered":"<ul>\n<li data-start=\"53\" data-end=\"105\"><strong data-start=\"53\" data-end=\"61\">Type:<\/strong> Koridor\/h\u0259r\u0259k\u0259t sensoru (Corridor Sensor)<\/li>\n<li data-start=\"108\" data-end=\"210\"><strong data-start=\"108\" data-end=\"121\">Function:<\/strong> Koridorda h\u0259r\u0259k\u0259ti <strong data-start=\"141\" data-end=\"155\">a\u015fkarlamaq<\/strong> v\u0259 avtomatik idar\u0259etm\u0259ni (i\u015f\u0131q v\u0259 s.) aktivl\u0259\u015fdirm\u0259k<\/li>\n<li data-start=\"213\" data-end=\"270\"><strong data-start=\"213\" data-end=\"226\">Link:<\/strong> <strong data-start=\"227\" data-end=\"234\">KNX<\/strong> bina avtomatika sistemi il\u0259 uy\u011fun<\/li>\n<li data-start=\"273\" data-end=\"316\"><strong data-start=\"273\" data-end=\"288\">Installation:<\/strong> Divar v\u0259 ya tavan montaj\u0131<\/li>\n<li data-start=\"319\" data-end=\"381\"><strong data-start=\"319\" data-end=\"329\">Additional:<\/strong> Enerji q\u0259na\u0259ti \u00fc\u00e7\u00fcn avtomatik i\u015f\u0131qland\u0131rma n\u0259zar\u0259ti<\/li>\n<\/ul>","protected":false},"excerpt":{"rendered":"<p>Tip: Koridor\/h\u0259r\u0259k\u0259t sensoru (Corridor Sensor) Funksiya: Koridorda h\u0259r\u0259k\u0259ti a\u015fkarlamaq v\u0259  [&#8230;]<\/p>","protected":false},"featured_media":10188,"comment_status":"open","ping_status":"closed","template":"","meta":[],"product_brand":[],"product_cat":[291],"product_tag":[],"class_list":{"0":"post-10187","1":"product","2":"type-product","3":"status-publish","4":"has-post-thumbnail","6":"product_cat-eae-technology","7":"pa_mehsul-tipi-sensors","9":"first","10":"instock","11":"sold-individually","12":"shipping-taxable","13":"purchasable","14":"product-type-simple"},"_links":{"self":[{"href":"https:\/\/engitech.az\/en\/wp-json\/wp\/v2\/product\/10187","targetHints":{"allow":["GET"]}}],"collection":[{"href":"https:\/\/engitech.az\/en\/wp-json\/wp\/v2\/product"}],"about":[{"href":"https:\/\/engitech.az\/en\/wp-json\/wp\/v2\/types\/product"}],"replies":[{"embeddable":true,"href":"https:\/\/engitech.az\/en\/wp-json\/wp\/v2\/comments?post=10187"}],"wp:featuredmedia":[{"embeddable":true,"href":"https:\/\/engitech.az\/en\/wp-json\/wp\/v2\/media\/10188"}],"wp:attachment":[{"href":"https:\/\/engitech.az\/en\/wp-json\/wp\/v2\/media?parent=10187"}],"wp:term":[{"taxonomy":"product_brand","embeddable":true,"href":"https:\/\/engitech.az\/en\/wp-json\/wp\/v2\/product_brand?post=10187"},{"taxonomy":"product_cat","embeddable":true,"href":"https:\/\/engitech.az\/en\/wp-json\/wp\/v2\/product_cat?post=10187"},{"taxonomy":"product_tag","embeddable":true,"href":"https:\/\/engitech.az\/en\/wp-json\/wp\/v2\/product_tag?post=10187"}],"curies":[{"name":"wp","href":"https:\/\/api.w.org\/{rel}","templated":true}]}}