{"id":10189,"date":"2026-01-30T13:38:09","date_gmt":"2026-01-30T13:38:09","guid":{"rendered":"https:\/\/engitech.az\/?post_type=product&#038;p=10189"},"modified":"2026-01-30T13:38:09","modified_gmt":"2026-01-30T13:38:09","slug":"hd100-high-bay-movement-sensor","status":"publish","type":"product","link":"https:\/\/engitech.az\/en\/product\/hd100-high-bay-movement-sensor\/","title":{"rendered":"HD100 \u2013 High Bay Movement Sensor"},"content":{"rendered":"<ul>\n<li data-start=\"64\" data-end=\"98\"><strong data-start=\"64\" data-end=\"72\">Type:<\/strong> High Bay h\u0259r\u0259ki sensoru<\/li>\n<li data-start=\"101\" data-end=\"186\"><strong data-start=\"101\" data-end=\"114\">Function:<\/strong> <strong data-start=\"115\" data-end=\"143\">Y\u00fcks\u0259k tavanl\u0131 sah\u0259l\u0259rd\u0259<\/strong> (m\u0259s. anbar, fabrik) h\u0259r\u0259k\u0259ti a\u015fkarlamaq<\/li>\n<li data-start=\"189\" data-end=\"242\"><strong data-start=\"189\" data-end=\"202\">Link:<\/strong> KNX bina avtomatika sistemi il\u0259 uy\u011fun<\/li>\n<li data-start=\"245\" data-end=\"297\"><strong data-start=\"245\" data-end=\"260\">Installation:<\/strong> Y\u00fcks\u0259k montaj \u00fc\u00e7\u00fcn n\u0259z\u0259rd\u0259 tutulub<\/li>\n<li data-start=\"300\" data-end=\"363\"><strong data-start=\"300\" data-end=\"310\">Additional:<\/strong> Avtomatik i\u015f\u0131q v\u0259 sistem n\u0259zar\u0259ti il\u0259 enerji q\u0259na\u0259ti<\/li>\n<\/ul>","protected":false},"excerpt":{"rendered":"<p>Tip: High Bay h\u0259r\u0259ki sensoru Funksiya: Y\u00fcks\u0259k tavanl\u0131 sah\u0259l\u0259rd\u0259 (m\u0259s.  [&#8230;]<\/p>","protected":false},"featured_media":10190,"comment_status":"open","ping_status":"closed","template":"","meta":[],"product_brand":[],"product_cat":[291],"product_tag":[],"class_list":{"0":"post-10189","1":"product","2":"type-product","3":"status-publish","4":"has-post-thumbnail","6":"product_cat-eae-technology","7":"pa_mehsul-tipi-sensors","9":"first","10":"instock","11":"sold-individually","12":"shipping-taxable","13":"purchasable","14":"product-type-simple"},"_links":{"self":[{"href":"https:\/\/engitech.az\/en\/wp-json\/wp\/v2\/product\/10189","targetHints":{"allow":["GET"]}}],"collection":[{"href":"https:\/\/engitech.az\/en\/wp-json\/wp\/v2\/product"}],"about":[{"href":"https:\/\/engitech.az\/en\/wp-json\/wp\/v2\/types\/product"}],"replies":[{"embeddable":true,"href":"https:\/\/engitech.az\/en\/wp-json\/wp\/v2\/comments?post=10189"}],"wp:featuredmedia":[{"embeddable":true,"href":"https:\/\/engitech.az\/en\/wp-json\/wp\/v2\/media\/10190"}],"wp:attachment":[{"href":"https:\/\/engitech.az\/en\/wp-json\/wp\/v2\/media?parent=10189"}],"wp:term":[{"taxonomy":"product_brand","embeddable":true,"href":"https:\/\/engitech.az\/en\/wp-json\/wp\/v2\/product_brand?post=10189"},{"taxonomy":"product_cat","embeddable":true,"href":"https:\/\/engitech.az\/en\/wp-json\/wp\/v2\/product_cat?post=10189"},{"taxonomy":"product_tag","embeddable":true,"href":"https:\/\/engitech.az\/en\/wp-json\/wp\/v2\/product_tag?post=10189"}],"curies":[{"name":"wp","href":"https:\/\/api.w.org\/{rel}","templated":true}]}}