{"id":10191,"date":"2026-01-30T13:42:45","date_gmt":"2026-01-30T13:42:45","guid":{"rendered":"https:\/\/engitech.az\/?post_type=product&#038;p=10191"},"modified":"2026-01-30T13:42:45","modified_gmt":"2026-01-30T13:42:45","slug":"ui108-universal-interface","status":"publish","type":"product","link":"https:\/\/engitech.az\/en\/product\/ui108-universal-interface\/","title":{"rendered":"UI108 \u2013 Universal Interface"},"content":{"rendered":"<ul>\n<li data-start=\"59\" data-end=\"124\"><strong data-start=\"59\" data-end=\"72\">Function:<\/strong> M\u00fcxt\u0259lif cihaz v\u0259 sensor siqnallar\u0131n\u0131 KNX\u2011\u0259 qo\u015fur<\/li>\n<li data-start=\"127\" data-end=\"164\"><strong data-start=\"127\" data-end=\"140\">Link:<\/strong> KNX sistemi il\u0259 uy\u011fun<\/li>\n<li data-start=\"167\" data-end=\"200\"><strong data-start=\"167\" data-end=\"182\">Installation:<\/strong> DIN rels montaj<\/li>\n<li data-start=\"203\" data-end=\"246\"><strong data-start=\"203\" data-end=\"213\">Additional:<\/strong> LED g\u00f6st\u0259ricil\u0259rl\u0259 status izl\u0259m\u0259<\/li>\n<\/ul>","protected":false},"excerpt":{"rendered":"<p>Funksiya: M\u00fcxt\u0259lif cihaz v\u0259 sensor siqnallar\u0131n\u0131 KNX\u2011\u0259 qo\u015fur Ba\u011flant\u0131: KNX  [&#8230;]<\/p>","protected":false},"featured_media":10192,"comment_status":"open","ping_status":"closed","template":"","meta":[],"product_brand":[],"product_cat":[291],"product_tag":[],"class_list":{"0":"post-10191","1":"product","2":"type-product","3":"status-publish","4":"has-post-thumbnail","6":"product_cat-eae-technology","7":"pa_mehsul-tipi-knx-ac-gateways","9":"first","10":"instock","11":"sold-individually","12":"shipping-taxable","13":"purchasable","14":"product-type-simple"},"_links":{"self":[{"href":"https:\/\/engitech.az\/en\/wp-json\/wp\/v2\/product\/10191","targetHints":{"allow":["GET"]}}],"collection":[{"href":"https:\/\/engitech.az\/en\/wp-json\/wp\/v2\/product"}],"about":[{"href":"https:\/\/engitech.az\/en\/wp-json\/wp\/v2\/types\/product"}],"replies":[{"embeddable":true,"href":"https:\/\/engitech.az\/en\/wp-json\/wp\/v2\/comments?post=10191"}],"wp:featuredmedia":[{"embeddable":true,"href":"https:\/\/engitech.az\/en\/wp-json\/wp\/v2\/media\/10192"}],"wp:attachment":[{"href":"https:\/\/engitech.az\/en\/wp-json\/wp\/v2\/media?parent=10191"}],"wp:term":[{"taxonomy":"product_brand","embeddable":true,"href":"https:\/\/engitech.az\/en\/wp-json\/wp\/v2\/product_brand?post=10191"},{"taxonomy":"product_cat","embeddable":true,"href":"https:\/\/engitech.az\/en\/wp-json\/wp\/v2\/product_cat?post=10191"},{"taxonomy":"product_tag","embeddable":true,"href":"https:\/\/engitech.az\/en\/wp-json\/wp\/v2\/product_tag?post=10191"}],"curies":[{"name":"wp","href":"https:\/\/api.w.org\/{rel}","templated":true}]}}