{"id":10206,"date":"2026-01-30T13:53:34","date_gmt":"2026-01-30T13:53:34","guid":{"rendered":"https:\/\/engitech.az\/?post_type=product&#038;p=10206"},"modified":"2026-01-30T13:53:34","modified_gmt":"2026-01-30T13:53:34","slug":"ipi200-ip-interface","status":"publish","type":"product","link":"https:\/\/engitech.az\/en\/product\/ipi200-ip-interface\/","title":{"rendered":"IPI200 IP Interface"},"content":{"rendered":"<ul>\n<li data-start=\"51\" data-end=\"156\"><strong data-start=\"51\" data-end=\"64\">Function:<\/strong> <strong data-start=\"65\" data-end=\"81\">IP Interface<\/strong> \u2013 KNX sistemi il\u0259 komp\u00fcter\/ETS proqram\u0131n\u0131 \u015f\u0259b\u0259k\u0259 \u00fcz\u0259rind\u0259n \u0259laq\u0259l\u0259ndirir<\/li>\n<li data-start=\"159\" data-end=\"201\"><strong data-start=\"159\" data-end=\"172\">Link:<\/strong> KNX avtobusu + Ethernet\/IP<\/li>\n<li data-start=\"204\" data-end=\"277\"><strong data-start=\"204\" data-end=\"217\">Usage:<\/strong> ETS v\u0259 dig\u0259r konfiqurasiya proqramlar\u0131 \u00fc\u00e7\u00fcn uzaqdan \u0259laq\u0259<\/li>\n<li data-start=\"280\" data-end=\"324\"><strong data-start=\"280\" data-end=\"295\">Installation:<\/strong> DIN rels montaj \u00fc\u00e7\u00fcn uy\u011fun<\/li>\n<li data-start=\"327\" data-end=\"393\"><strong data-start=\"327\" data-end=\"337\">Additional:<\/strong> LED g\u00f6st\u0259ricil\u0259r il\u0259 \u0259laq\u0259 v\u0259 status v\u0259ziyy\u0259ti g\u00f6st\u0259rir<\/li>\n<\/ul>","protected":false},"excerpt":{"rendered":"<p>Funksiya: IP Interface \u2013 KNX sistemi il\u0259 komp\u00fcter\/ETS proqram\u0131n\u0131 \u015f\u0259b\u0259k\u0259  [&#8230;]<\/p>","protected":false},"featured_media":10207,"comment_status":"open","ping_status":"closed","template":"","meta":[],"product_brand":[],"product_cat":[291],"product_tag":[],"class_list":{"0":"post-10206","1":"product","2":"type-product","3":"status-publish","4":"has-post-thumbnail","6":"product_cat-eae-technology","7":"pa_mehsul-tipi-system-devices","9":"first","10":"instock","11":"sold-individually","12":"shipping-taxable","13":"purchasable","14":"product-type-simple"},"_links":{"self":[{"href":"https:\/\/engitech.az\/en\/wp-json\/wp\/v2\/product\/10206","targetHints":{"allow":["GET"]}}],"collection":[{"href":"https:\/\/engitech.az\/en\/wp-json\/wp\/v2\/product"}],"about":[{"href":"https:\/\/engitech.az\/en\/wp-json\/wp\/v2\/types\/product"}],"replies":[{"embeddable":true,"href":"https:\/\/engitech.az\/en\/wp-json\/wp\/v2\/comments?post=10206"}],"wp:featuredmedia":[{"embeddable":true,"href":"https:\/\/engitech.az\/en\/wp-json\/wp\/v2\/media\/10207"}],"wp:attachment":[{"href":"https:\/\/engitech.az\/en\/wp-json\/wp\/v2\/media?parent=10206"}],"wp:term":[{"taxonomy":"product_brand","embeddable":true,"href":"https:\/\/engitech.az\/en\/wp-json\/wp\/v2\/product_brand?post=10206"},{"taxonomy":"product_cat","embeddable":true,"href":"https:\/\/engitech.az\/en\/wp-json\/wp\/v2\/product_cat?post=10206"},{"taxonomy":"product_tag","embeddable":true,"href":"https:\/\/engitech.az\/en\/wp-json\/wp\/v2\/product_tag?post=10206"}],"curies":[{"name":"wp","href":"https:\/\/api.w.org\/{rel}","templated":true}]}}