{"id":10208,"date":"2026-01-30T13:55:04","date_gmt":"2026-01-30T13:55:04","guid":{"rendered":"https:\/\/engitech.az\/?post_type=product&#038;p=10208"},"modified":"2026-01-30T13:55:04","modified_gmt":"2026-01-30T13:55:04","slug":"lc200-line-coupler","status":"publish","type":"product","link":"https:\/\/engitech.az\/en\/product\/lc200-line-coupler\/","title":{"rendered":"LC200 Line Coupler"},"content":{"rendered":"<div class=\"flex flex-col text-sm pb-25\">\n<article class=\"text-token-text-primary w-full focus:outline-none [--shadow-height:45px] has-data-writing-block:pointer-events-none has-data-writing-block:-mt-(--shadow-height) has-data-writing-block:pt-(--shadow-height) [&amp;:has([data-writing-block])&gt;*]:pointer-events-auto scroll-mt-[calc(var(--header-height)+min(200px,max(70px,20svh)))]\" dir=\"auto\" tabindex=\"-1\" data-turn-id=\"request-WEB:fb38a1ff-ecab-439e-b103-e10a6852f59d-49\" data-testid=\"conversation-turn-100\" data-scroll-anchor=\"true\" data-turn=\"assistant\">\n<div class=\"text-base my-auto mx-auto pb-10 [--thread-content-margin:--spacing(4)] @w-sm\/main:[--thread-content-margin:--spacing(6)] @w-lg\/main:[--thread-content-margin:--spacing(16)] px-(--thread-content-margin)\">\n<div class=\"[--thread-content-max-width:40rem] @w-lg\/main:[--thread-content-max-width:48rem] mx-auto max-w-(--thread-content-max-width) flex-1 group\/turn-messages focus-visible:outline-hidden relative flex w-full min-w-0 flex-col agent-turn\" tabindex=\"-1\">\n<div class=\"flex max-w-full flex-col grow\">\n<div class=\"min-h-8 text-message relative flex w-full flex-col items-end gap-2 text-start break-words whitespace-normal [.text-message+&amp;]:mt-1\" dir=\"auto\" data-message-author-role=\"assistant\" data-message-id=\"f6d3225f-3572-4816-b3fd-0b8a6e1ea67f\" data-message-model-slug=\"gpt-5-mini\">\n<div class=\"flex w-full flex-col gap-1 empty:hidden first:pt-[1px]\">\n<div class=\"markdown prose dark:prose-invert w-full wrap-break-word dark markdown-new-styling\">\n<ul>\n<li data-start=\"50\" data-end=\"135\"><strong data-start=\"50\" data-end=\"63\">Function:<\/strong> <strong data-start=\"64\" data-end=\"80\">Line Coupler<\/strong> \u2013 KNX x\u0259ttl\u0259rini bir\u2011biri il\u0259 <strong data-start=\"111\" data-end=\"133\" data-is-only-node=\"\">ba\u011flay\u0131r v\u0259 ay\u0131r\u0131r<\/strong><\/li>\n<li data-start=\"138\" data-end=\"185\"><strong data-start=\"138\" data-end=\"151\">Link:<\/strong> KNX avtobusu daxili s\u0259rh\u0259d \u00fc\u00e7\u00fcn<\/li>\n<li data-start=\"188\" data-end=\"264\"><strong data-start=\"188\" data-end=\"201\">Usage:<\/strong> B\u00f6y\u00fck KNX sisteml\u0259rinin <strong data-start=\"226\" data-end=\"262\">x\u0259tl\u0259rini b\u00f6lm\u0259k v\u0259 g\u00fccl\u0259ndirm\u0259k<\/strong><\/li>\n<li data-start=\"267\" data-end=\"300\"><strong data-start=\"267\" data-end=\"282\">Installation:<\/strong> DIN rels montaj<\/li>\n<li data-start=\"303\" data-end=\"358\"><strong data-start=\"303\" data-end=\"313\">Additional:<\/strong> LED g\u00f6st\u0259ricil\u0259r il\u0259 x\u0259tt statusunu g\u00f6st\u0259rir<\/li>\n<\/ul>\n<\/div>\n<\/div>\n<\/div>\n<\/div>\n<div class=\"z-0 flex min-h-[46px] justify-start\"><\/div>\n<\/div>\n<\/div>\n<\/article>\n<\/div>\n<div class=\"pointer-events-none h-px w-px absolute bottom-0\" aria-hidden=\"true\" data-edge=\"true\"><\/div>","protected":false},"excerpt":{"rendered":"<p>Funksiya: Line Coupler \u2013 KNX x\u0259ttl\u0259rini bir\u2011biri il\u0259 ba\u011flay\u0131r v\u0259  [&#8230;]<\/p>","protected":false},"featured_media":10209,"comment_status":"open","ping_status":"closed","template":"","meta":[],"product_brand":[],"product_cat":[291],"product_tag":[],"class_list":{"0":"post-10208","1":"product","2":"type-product","3":"status-publish","4":"has-post-thumbnail","6":"product_cat-eae-technology","7":"pa_mehsul-tipi-system-devices","9":"first","10":"instock","11":"sold-individually","12":"shipping-taxable","13":"purchasable","14":"product-type-simple"},"_links":{"self":[{"href":"https:\/\/engitech.az\/en\/wp-json\/wp\/v2\/product\/10208","targetHints":{"allow":["GET"]}}],"collection":[{"href":"https:\/\/engitech.az\/en\/wp-json\/wp\/v2\/product"}],"about":[{"href":"https:\/\/engitech.az\/en\/wp-json\/wp\/v2\/types\/product"}],"replies":[{"embeddable":true,"href":"https:\/\/engitech.az\/en\/wp-json\/wp\/v2\/comments?post=10208"}],"wp:featuredmedia":[{"embeddable":true,"href":"https:\/\/engitech.az\/en\/wp-json\/wp\/v2\/media\/10209"}],"wp:attachment":[{"href":"https:\/\/engitech.az\/en\/wp-json\/wp\/v2\/media?parent=10208"}],"wp:term":[{"taxonomy":"product_brand","embeddable":true,"href":"https:\/\/engitech.az\/en\/wp-json\/wp\/v2\/product_brand?post=10208"},{"taxonomy":"product_cat","embeddable":true,"href":"https:\/\/engitech.az\/en\/wp-json\/wp\/v2\/product_cat?post=10208"},{"taxonomy":"product_tag","embeddable":true,"href":"https:\/\/engitech.az\/en\/wp-json\/wp\/v2\/product_tag?post=10208"}],"curies":[{"name":"wp","href":"https:\/\/api.w.org\/{rel}","templated":true}]}}