{"id":10210,"date":"2026-01-30T13:57:50","date_gmt":"2026-01-30T13:57:50","guid":{"rendered":"https:\/\/engitech.az\/?post_type=product&#038;p=10210"},"modified":"2026-01-30T13:57:51","modified_gmt":"2026-01-30T13:57:51","slug":"ps640-power-supply","status":"publish","type":"product","link":"https:\/\/engitech.az\/en\/product\/ps640-power-supply\/","title":{"rendered":"PS640 Power Supply"},"content":{"rendered":"<ul>\n<li data-start=\"50\" data-end=\"105\"><strong data-start=\"50\" data-end=\"58\">Type:<\/strong> KNX \u00fc\u00e7\u00fcn <strong data-start=\"68\" data-end=\"84\">Power Supply<\/strong> (enerji t\u0259chizat\u0131)<\/li>\n<li data-start=\"108\" data-end=\"168\"><strong data-start=\"108\" data-end=\"121\">Function:<\/strong> KNX avtobusu \u00fc\u00e7\u00fcn stabil <strong data-start=\"147\" data-end=\"166\">enerji t\u0259minat\u0131<\/strong><\/li>\n<li data-start=\"171\" data-end=\"219\"><strong data-start=\"171\" data-end=\"181\">Output:<\/strong> KNX avtobusu g\u00fcc\u00fc \u00fc\u00e7\u00fcn uy\u011fun voltaj<\/li>\n<li data-start=\"222\" data-end=\"255\"><strong data-start=\"222\" data-end=\"237\">Installation:<\/strong> DIN rels montaj<\/li>\n<li data-start=\"258\" data-end=\"314\"><strong data-start=\"258\" data-end=\"268\">Additional:<\/strong> LED g\u00f6st\u0259rici il\u0259 enerji v\u0259ziyy\u0259tini g\u00f6st\u0259rir<\/li>\n<\/ul>","protected":false},"excerpt":{"rendered":"<p>Tip: KNX \u00fc\u00e7\u00fcn Power Supply (enerji t\u0259chizat\u0131) Funksiya: KNX avtobusu  [&#8230;]<\/p>","protected":false},"featured_media":10216,"comment_status":"open","ping_status":"closed","template":"","meta":[],"product_brand":[],"product_cat":[291],"product_tag":[],"class_list":{"0":"post-10210","1":"product","2":"type-product","3":"status-publish","4":"has-post-thumbnail","6":"product_cat-eae-technology","7":"pa_mehsul-tipi-power-supplies","9":"first","10":"instock","11":"sold-individually","12":"shipping-taxable","13":"purchasable","14":"product-type-simple"},"_links":{"self":[{"href":"https:\/\/engitech.az\/en\/wp-json\/wp\/v2\/product\/10210","targetHints":{"allow":["GET"]}}],"collection":[{"href":"https:\/\/engitech.az\/en\/wp-json\/wp\/v2\/product"}],"about":[{"href":"https:\/\/engitech.az\/en\/wp-json\/wp\/v2\/types\/product"}],"replies":[{"embeddable":true,"href":"https:\/\/engitech.az\/en\/wp-json\/wp\/v2\/comments?post=10210"}],"wp:featuredmedia":[{"embeddable":true,"href":"https:\/\/engitech.az\/en\/wp-json\/wp\/v2\/media\/10216"}],"wp:attachment":[{"href":"https:\/\/engitech.az\/en\/wp-json\/wp\/v2\/media?parent=10210"}],"wp:term":[{"taxonomy":"product_brand","embeddable":true,"href":"https:\/\/engitech.az\/en\/wp-json\/wp\/v2\/product_brand?post=10210"},{"taxonomy":"product_cat","embeddable":true,"href":"https:\/\/engitech.az\/en\/wp-json\/wp\/v2\/product_cat?post=10210"},{"taxonomy":"product_tag","embeddable":true,"href":"https:\/\/engitech.az\/en\/wp-json\/wp\/v2\/product_tag?post=10210"}],"curies":[{"name":"wp","href":"https:\/\/api.w.org\/{rel}","templated":true}]}}