{"id":10217,"date":"2026-01-30T13:59:09","date_gmt":"2026-01-30T13:59:09","guid":{"rendered":"https:\/\/engitech.az\/?post_type=product&#038;p=10217"},"modified":"2026-01-30T13:59:09","modified_gmt":"2026-01-30T13:59:09","slug":"ps320-power-supply","status":"publish","type":"product","link":"https:\/\/engitech.az\/en\/product\/ps320-power-supply\/","title":{"rendered":"PS320 Power Supply"},"content":{"rendered":"<ul>\n<li data-start=\"50\" data-end=\"105\"><strong data-start=\"50\" data-end=\"58\">Type:<\/strong> KNX \u00fc\u00e7\u00fcn <strong data-start=\"68\" data-end=\"84\">Power Supply<\/strong> (enerji t\u0259chizat\u0131)<\/li>\n<li data-start=\"108\" data-end=\"161\"><strong data-start=\"108\" data-end=\"121\">Function:<\/strong> KNX avtobusu \u00fc\u00e7\u00fcn <strong data-start=\"140\" data-end=\"159\">enerji t\u0259minat\u0131<\/strong><\/li>\n<li data-start=\"164\" data-end=\"213\"><strong data-start=\"164\" data-end=\"174\">Output:<\/strong> KNX sistemi \u00fc\u00e7\u00fcn uy\u011fun g\u00fcc v\u0259 voltaj<\/li>\n<li data-start=\"216\" data-end=\"249\"><strong data-start=\"216\" data-end=\"231\">Installation:<\/strong> DIN rels montaj<\/li>\n<li data-start=\"252\" data-end=\"297\"><strong data-start=\"252\" data-end=\"262\">Additional:<\/strong> LED g\u00f6st\u0259rici il\u0259 enerji v\u0259ziyy\u0259ti<\/li>\n<\/ul>","protected":false},"excerpt":{"rendered":"<p>Tip: KNX \u00fc\u00e7\u00fcn Power Supply (enerji t\u0259chizat\u0131) Funksiya: KNX avtobusu  [&#8230;]<\/p>","protected":false},"featured_media":10218,"comment_status":"open","ping_status":"closed","template":"","meta":[],"product_brand":[],"product_cat":[291],"product_tag":[],"class_list":{"0":"post-10217","1":"product","2":"type-product","3":"status-publish","4":"has-post-thumbnail","6":"product_cat-eae-technology","7":"pa_mehsul-tipi-power-supplies","9":"first","10":"instock","11":"sold-individually","12":"shipping-taxable","13":"purchasable","14":"product-type-simple"},"_links":{"self":[{"href":"https:\/\/engitech.az\/en\/wp-json\/wp\/v2\/product\/10217","targetHints":{"allow":["GET"]}}],"collection":[{"href":"https:\/\/engitech.az\/en\/wp-json\/wp\/v2\/product"}],"about":[{"href":"https:\/\/engitech.az\/en\/wp-json\/wp\/v2\/types\/product"}],"replies":[{"embeddable":true,"href":"https:\/\/engitech.az\/en\/wp-json\/wp\/v2\/comments?post=10217"}],"wp:featuredmedia":[{"embeddable":true,"href":"https:\/\/engitech.az\/en\/wp-json\/wp\/v2\/media\/10218"}],"wp:attachment":[{"href":"https:\/\/engitech.az\/en\/wp-json\/wp\/v2\/media?parent=10217"}],"wp:term":[{"taxonomy":"product_brand","embeddable":true,"href":"https:\/\/engitech.az\/en\/wp-json\/wp\/v2\/product_brand?post=10217"},{"taxonomy":"product_cat","embeddable":true,"href":"https:\/\/engitech.az\/en\/wp-json\/wp\/v2\/product_cat?post=10217"},{"taxonomy":"product_tag","embeddable":true,"href":"https:\/\/engitech.az\/en\/wp-json\/wp\/v2\/product_tag?post=10217"}],"curies":[{"name":"wp","href":"https:\/\/api.w.org\/{rel}","templated":true}]}}