{"id":10253,"date":"2026-02-03T10:52:45","date_gmt":"2026-02-03T10:52:45","guid":{"rendered":"https:\/\/engitech.az\/?post_type=product&#038;p=10253"},"modified":"2026-02-03T10:52:45","modified_gmt":"2026-02-03T10:52:45","slug":"apc-smart-ups-srt-5000va-208v","status":"publish","type":"product","link":"https:\/\/engitech.az\/en\/product\/apc-smart-ups-srt-5000va-208v\/","title":{"rendered":"APC Smart-UPS SRT 5000VA 208V"},"content":{"rendered":"<div class=\"flex flex-col text-sm pb-25\">\n<article class=\"text-token-text-primary w-full focus:outline-none [--shadow-height:45px] has-data-writing-block:pointer-events-none has-data-writing-block:-mt-(--shadow-height) has-data-writing-block:pt-(--shadow-height) [&amp;:has([data-writing-block])&gt;*]:pointer-events-auto scroll-mt-[calc(var(--header-height)+min(200px,max(70px,20svh)))]\" dir=\"auto\" tabindex=\"-1\" data-turn-id=\"request-WEB:05c51ed7-2167-4b53-aafa-588071398bb1-21\" data-testid=\"conversation-turn-44\" data-scroll-anchor=\"true\" data-turn=\"assistant\">\n<div class=\"text-base my-auto mx-auto pb-10 [--thread-content-margin:--spacing(4)] @w-sm\/main:[--thread-content-margin:--spacing(6)] @w-lg\/main:[--thread-content-margin:--spacing(16)] px-(--thread-content-margin)\">\n<div class=\"[--thread-content-max-width:40rem] @w-lg\/main:[--thread-content-max-width:48rem] mx-auto max-w-(--thread-content-max-width) flex-1 group\/turn-messages focus-visible:outline-hidden relative flex w-full min-w-0 flex-col agent-turn\" tabindex=\"-1\">\n<div class=\"flex max-w-full flex-col grow\">\n<div class=\"min-h-8 text-message relative flex w-full flex-col items-end gap-2 text-start break-words whitespace-normal [.text-message+&amp;]:mt-1\" dir=\"auto\" data-message-author-role=\"assistant\" data-message-id=\"caf799a0-3af0-43ee-8de0-3ecf2f1c0815\" data-message-model-slug=\"gpt-5-mini\">\n<div class=\"flex w-full flex-col gap-1 empty:hidden first:pt-[1px]\">\n<div class=\"markdown prose dark:prose-invert w-full wrap-break-word dark markdown-new-styling\">\n<ul>\n<li data-start=\"62\" data-end=\"89\"><strong data-start=\"62\" data-end=\"70\">Power:<\/strong> 5000\u202fVA \/ 4250\u202fW<\/li>\n<li data-start=\"92\" data-end=\"131\"><strong data-start=\"92\" data-end=\"100\">Type:<\/strong> Double Conversion Online UPS<\/li>\n<li data-start=\"134\" data-end=\"161\"><strong data-start=\"134\" data-end=\"150\">Giri\u015f\/\u00c7\u0131x\u0131\u015f:<\/strong> 208\u202fV AC<\/li>\n<li data-start=\"164\" data-end=\"196\"><strong data-start=\"164\" data-end=\"182\">Waveform:<\/strong> Clean sinus<\/li>\n<li data-start=\"199\" data-end=\"232\"><strong data-start=\"199\" data-end=\"214\">Installation:<\/strong> Rackmount (~3U)<\/li>\n<li data-start=\"235\" data-end=\"265\"><strong data-start=\"235\" data-end=\"248\">Battery:<\/strong> VRLA, hot-swap<\/li>\n<li data-start=\"268\" data-end=\"311\"><strong data-start=\"268\" data-end=\"282\">Management:<\/strong> LCD, USB\/Serial, SmartSlot<\/li>\n<li data-start=\"314\" data-end=\"375\"><strong data-start=\"314\" data-end=\"332\">Features:<\/strong> AVR, surge qorunmas\u0131, internal bypass, EPO<\/li>\n<\/ul>\n<\/div>\n<\/div>\n<\/div>\n<\/div>\n<div class=\"z-0 flex min-h-[46px] justify-start\"><\/div>\n<div class=\"mt-3 w-full empty:hidden\">\n<div class=\"text-center\"><\/div>\n<\/div>\n<\/div>\n<\/div>\n<\/article>\n<\/div>\n<div class=\"pointer-events-none h-px w-px absolute bottom-0\" aria-hidden=\"true\" data-edge=\"true\"><\/div>","protected":false},"excerpt":{"rendered":"<p>G\u00fcc: 5000\u202fVA \/ 4250\u202fW Tip: Double Conversion Online UPS Giri\u015f\/\u00c7\u0131x\u0131\u015f:  [&#8230;]<\/p>","protected":false},"featured_media":10254,"comment_status":"open","ping_status":"closed","template":"","meta":[],"product_brand":[],"product_cat":[190],"product_tag":[],"class_list":{"0":"post-10253","1":"product","2":"type-product","3":"status-publish","4":"has-post-thumbnail","6":"product_cat-apc","7":"pa_mehsul-tipi-apc-smart-ups-on-line-srt-series","9":"first","10":"instock","11":"sold-individually","12":"shipping-taxable","13":"purchasable","14":"product-type-simple"},"_links":{"self":[{"href":"https:\/\/engitech.az\/en\/wp-json\/wp\/v2\/product\/10253","targetHints":{"allow":["GET"]}}],"collection":[{"href":"https:\/\/engitech.az\/en\/wp-json\/wp\/v2\/product"}],"about":[{"href":"https:\/\/engitech.az\/en\/wp-json\/wp\/v2\/types\/product"}],"replies":[{"embeddable":true,"href":"https:\/\/engitech.az\/en\/wp-json\/wp\/v2\/comments?post=10253"}],"wp:featuredmedia":[{"embeddable":true,"href":"https:\/\/engitech.az\/en\/wp-json\/wp\/v2\/media\/10254"}],"wp:attachment":[{"href":"https:\/\/engitech.az\/en\/wp-json\/wp\/v2\/media?parent=10253"}],"wp:term":[{"taxonomy":"product_brand","embeddable":true,"href":"https:\/\/engitech.az\/en\/wp-json\/wp\/v2\/product_brand?post=10253"},{"taxonomy":"product_cat","embeddable":true,"href":"https:\/\/engitech.az\/en\/wp-json\/wp\/v2\/product_cat?post=10253"},{"taxonomy":"product_tag","embeddable":true,"href":"https:\/\/engitech.az\/en\/wp-json\/wp\/v2\/product_tag?post=10253"}],"curies":[{"name":"wp","href":"https:\/\/api.w.org\/{rel}","templated":true}]}}