{"id":10255,"date":"2026-02-03T10:54:48","date_gmt":"2026-02-03T10:54:48","guid":{"rendered":"https:\/\/engitech.az\/?post_type=product&#038;p=10255"},"modified":"2026-02-03T10:54:49","modified_gmt":"2026-02-03T10:54:49","slug":"apc-smart-ups-srt-5000va-rm-208v","status":"publish","type":"product","link":"https:\/\/engitech.az\/en\/product\/apc-smart-ups-srt-5000va-rm-208v\/","title":{"rendered":"APC Smart-UPS SRT 5000VA RM 208V"},"content":{"rendered":"<ul>\n<li data-start=\"65\" data-end=\"92\"><strong data-start=\"65\" data-end=\"73\">Power:<\/strong> 5000\u202fVA \/ 4250\u202fW<\/li>\n<li data-start=\"95\" data-end=\"134\"><strong data-start=\"95\" data-end=\"103\">Type:<\/strong> Double Conversion Online UPS<\/li>\n<li data-start=\"137\" data-end=\"164\"><strong data-start=\"137\" data-end=\"153\">Giri\u015f\/\u00c7\u0131x\u0131\u015f:<\/strong> 208\u202fV AC<\/li>\n<li data-start=\"167\" data-end=\"199\"><strong data-start=\"167\" data-end=\"185\">Waveform:<\/strong> Clean sinus<\/li>\n<li data-start=\"202\" data-end=\"232\"><strong data-start=\"202\" data-end=\"217\">Installation:<\/strong> Rackmount 3U<\/li>\n<li data-start=\"235\" data-end=\"265\"><strong data-start=\"235\" data-end=\"248\">Battery:<\/strong> VRLA, hot-swap<\/li>\n<li data-start=\"268\" data-end=\"310\"><strong data-start=\"268\" data-end=\"282\">Management:<\/strong> LCD, USB, SmartSlot, SNMP<\/li>\n<li data-start=\"313\" data-end=\"374\"><strong data-start=\"313\" data-end=\"331\">Features:<\/strong> AVR, surge qorunmas\u0131, internal bypass, EPO<\/li>\n<\/ul>","protected":false},"excerpt":{"rendered":"<p>G\u00fcc: 5000\u202fVA \/ 4250\u202fW Tip: Double Conversion Online UPS Giri\u015f\/\u00c7\u0131x\u0131\u015f:  [&#8230;]<\/p>","protected":false},"featured_media":10256,"comment_status":"open","ping_status":"closed","template":"","meta":[],"product_brand":[],"product_cat":[190],"product_tag":[],"class_list":{"0":"post-10255","1":"product","2":"type-product","3":"status-publish","4":"has-post-thumbnail","6":"product_cat-apc","7":"pa_mehsul-tipi-apc-smart-ups-on-line-srt-series","9":"first","10":"instock","11":"sold-individually","12":"shipping-taxable","13":"purchasable","14":"product-type-simple"},"_links":{"self":[{"href":"https:\/\/engitech.az\/en\/wp-json\/wp\/v2\/product\/10255","targetHints":{"allow":["GET"]}}],"collection":[{"href":"https:\/\/engitech.az\/en\/wp-json\/wp\/v2\/product"}],"about":[{"href":"https:\/\/engitech.az\/en\/wp-json\/wp\/v2\/types\/product"}],"replies":[{"embeddable":true,"href":"https:\/\/engitech.az\/en\/wp-json\/wp\/v2\/comments?post=10255"}],"wp:featuredmedia":[{"embeddable":true,"href":"https:\/\/engitech.az\/en\/wp-json\/wp\/v2\/media\/10256"}],"wp:attachment":[{"href":"https:\/\/engitech.az\/en\/wp-json\/wp\/v2\/media?parent=10255"}],"wp:term":[{"taxonomy":"product_brand","embeddable":true,"href":"https:\/\/engitech.az\/en\/wp-json\/wp\/v2\/product_brand?post=10255"},{"taxonomy":"product_cat","embeddable":true,"href":"https:\/\/engitech.az\/en\/wp-json\/wp\/v2\/product_cat?post=10255"},{"taxonomy":"product_tag","embeddable":true,"href":"https:\/\/engitech.az\/en\/wp-json\/wp\/v2\/product_tag?post=10255"}],"curies":[{"name":"wp","href":"https:\/\/api.w.org\/{rel}","templated":true}]}}