{"id":10261,"date":"2026-02-03T11:01:57","date_gmt":"2026-02-03T11:01:57","guid":{"rendered":"https:\/\/engitech.az\/?post_type=product&#038;p=10261"},"modified":"2026-02-03T11:01:58","modified_gmt":"2026-02-03T11:01:58","slug":"apc-smart-ups-srt-5000va-rm-208-230v-hw","status":"publish","type":"product","link":"https:\/\/engitech.az\/en\/product\/apc-smart-ups-srt-5000va-rm-208-230v-hw\/","title":{"rendered":"APC Smart-UPS SRT 5000VA RM 208\/230V HW"},"content":{"rendered":"<ul>\n<li data-start=\"72\" data-end=\"99\"><strong data-start=\"72\" data-end=\"80\">Power:<\/strong> 5000\u202fVA \/ 4500\u202fW<\/li>\n<li data-start=\"102\" data-end=\"141\"><strong data-start=\"102\" data-end=\"110\">Type:<\/strong> Double Conversion Online UPS<\/li>\n<li data-start=\"144\" data-end=\"175\"><strong data-start=\"144\" data-end=\"160\">Giri\u015f\/\u00c7\u0131x\u0131\u015f:<\/strong> 208\/230\u202fV AC<\/li>\n<li data-start=\"178\" data-end=\"210\"><strong data-start=\"178\" data-end=\"196\">Waveform:<\/strong> Clean sinus<\/li>\n<li data-start=\"213\" data-end=\"243\"><strong data-start=\"213\" data-end=\"228\">Installation:<\/strong> Rackmount 3U<\/li>\n<li data-start=\"246\" data-end=\"276\"><strong data-start=\"246\" data-end=\"259\">Battery:<\/strong> VRLA, hot-swap<\/li>\n<li data-start=\"279\" data-end=\"329\"><strong data-start=\"279\" data-end=\"293\">Management:<\/strong> LCD, USB\/Serial, SmartSlot, RJ\u201145<\/li>\n<li data-start=\"332\" data-end=\"400\"><strong data-start=\"332\" data-end=\"350\">Features:<\/strong> AVR, surge qorunmas\u0131, internal bypass, cold-start<\/li>\n<\/ul>","protected":false},"excerpt":{"rendered":"<p>G\u00fcc: 5000\u202fVA \/ 4500\u202fW Tip: Double Conversion Online UPS Giri\u015f\/\u00c7\u0131x\u0131\u015f:  [&#8230;]<\/p>","protected":false},"featured_media":10262,"comment_status":"open","ping_status":"closed","template":"","meta":[],"product_brand":[],"product_cat":[190],"product_tag":[],"class_list":{"0":"post-10261","1":"product","2":"type-product","3":"status-publish","4":"has-post-thumbnail","6":"product_cat-apc","7":"pa_mehsul-tipi-apc-smart-ups-on-line-srt-series","9":"first","10":"instock","11":"sold-individually","12":"shipping-taxable","13":"purchasable","14":"product-type-simple"},"_links":{"self":[{"href":"https:\/\/engitech.az\/en\/wp-json\/wp\/v2\/product\/10261","targetHints":{"allow":["GET"]}}],"collection":[{"href":"https:\/\/engitech.az\/en\/wp-json\/wp\/v2\/product"}],"about":[{"href":"https:\/\/engitech.az\/en\/wp-json\/wp\/v2\/types\/product"}],"replies":[{"embeddable":true,"href":"https:\/\/engitech.az\/en\/wp-json\/wp\/v2\/comments?post=10261"}],"wp:featuredmedia":[{"embeddable":true,"href":"https:\/\/engitech.az\/en\/wp-json\/wp\/v2\/media\/10262"}],"wp:attachment":[{"href":"https:\/\/engitech.az\/en\/wp-json\/wp\/v2\/media?parent=10261"}],"wp:term":[{"taxonomy":"product_brand","embeddable":true,"href":"https:\/\/engitech.az\/en\/wp-json\/wp\/v2\/product_brand?post=10261"},{"taxonomy":"product_cat","embeddable":true,"href":"https:\/\/engitech.az\/en\/wp-json\/wp\/v2\/product_cat?post=10261"},{"taxonomy":"product_tag","embeddable":true,"href":"https:\/\/engitech.az\/en\/wp-json\/wp\/v2\/product_tag?post=10261"}],"curies":[{"name":"wp","href":"https:\/\/api.w.org\/{rel}","templated":true}]}}