{"id":10265,"date":"2026-02-03T11:11:33","date_gmt":"2026-02-03T11:11:33","guid":{"rendered":"https:\/\/engitech.az\/?post_type=product&#038;p=10265"},"modified":"2026-02-03T11:11:33","modified_gmt":"2026-02-03T11:11:33","slug":"apc-smart-ups-srt-8000va-rm-208v-iec","status":"publish","type":"product","link":"https:\/\/engitech.az\/en\/product\/apc-smart-ups-srt-8000va-rm-208v-iec\/","title":{"rendered":"APC Smart-UPS SRT 8000VA RM 208V IEC"},"content":{"rendered":"<ul>\n<li data-start=\"69\" data-end=\"96\"><strong data-start=\"69\" data-end=\"77\">Power:<\/strong> 8000\u202fVA \/ 8000\u202fW<\/li>\n<li data-start=\"99\" data-end=\"138\"><strong data-start=\"99\" data-end=\"107\">Type:<\/strong> Double Conversion Online UPS<\/li>\n<li data-start=\"141\" data-end=\"168\"><strong data-start=\"141\" data-end=\"157\">Giri\u015f\/\u00c7\u0131x\u0131\u015f:<\/strong> 208\u202fV AC<\/li>\n<li data-start=\"171\" data-end=\"203\"><strong data-start=\"171\" data-end=\"189\">Waveform:<\/strong> Clean sinus<\/li>\n<li data-start=\"206\" data-end=\"236\"><strong data-start=\"206\" data-end=\"221\">Installation:<\/strong> Rackmount 6U<\/li>\n<li data-start=\"239\" data-end=\"269\"><strong data-start=\"239\" data-end=\"252\">Battery:<\/strong> VRLA, hot-swap<\/li>\n<li data-start=\"272\" data-end=\"325\"><strong data-start=\"272\" data-end=\"286\">Management:<\/strong> LCD, USB\/Serial, SmartSlot, Ethernet<\/li>\n<li data-start=\"328\" data-end=\"391\"><strong data-start=\"328\" data-end=\"346\">Features:<\/strong> Internal bypass, surge qorunmas\u0131, Green Mode<\/li>\n<\/ul>","protected":false},"excerpt":{"rendered":"<p>G\u00fcc: 8000\u202fVA \/ 8000\u202fW Tip: Double Conversion Online UPS Giri\u015f\/\u00c7\u0131x\u0131\u015f:  [&#8230;]<\/p>","protected":false},"featured_media":10266,"comment_status":"open","ping_status":"closed","template":"","meta":[],"product_brand":[],"product_cat":[190],"product_tag":[],"class_list":{"0":"post-10265","1":"product","2":"type-product","3":"status-publish","4":"has-post-thumbnail","6":"product_cat-apc","7":"pa_mehsul-tipi-apc-smart-ups-on-line-srt-series","9":"first","10":"instock","11":"sold-individually","12":"shipping-taxable","13":"purchasable","14":"product-type-simple"},"_links":{"self":[{"href":"https:\/\/engitech.az\/en\/wp-json\/wp\/v2\/product\/10265","targetHints":{"allow":["GET"]}}],"collection":[{"href":"https:\/\/engitech.az\/en\/wp-json\/wp\/v2\/product"}],"about":[{"href":"https:\/\/engitech.az\/en\/wp-json\/wp\/v2\/types\/product"}],"replies":[{"embeddable":true,"href":"https:\/\/engitech.az\/en\/wp-json\/wp\/v2\/comments?post=10265"}],"wp:featuredmedia":[{"embeddable":true,"href":"https:\/\/engitech.az\/en\/wp-json\/wp\/v2\/media\/10266"}],"wp:attachment":[{"href":"https:\/\/engitech.az\/en\/wp-json\/wp\/v2\/media?parent=10265"}],"wp:term":[{"taxonomy":"product_brand","embeddable":true,"href":"https:\/\/engitech.az\/en\/wp-json\/wp\/v2\/product_brand?post=10265"},{"taxonomy":"product_cat","embeddable":true,"href":"https:\/\/engitech.az\/en\/wp-json\/wp\/v2\/product_cat?post=10265"},{"taxonomy":"product_tag","embeddable":true,"href":"https:\/\/engitech.az\/en\/wp-json\/wp\/v2\/product_tag?post=10265"}],"curies":[{"name":"wp","href":"https:\/\/api.w.org\/{rel}","templated":true}]}}