{"id":10267,"date":"2026-02-03T11:17:56","date_gmt":"2026-02-03T11:17:56","guid":{"rendered":"https:\/\/engitech.az\/?post_type=product&#038;p=10267"},"modified":"2026-02-03T11:17:56","modified_gmt":"2026-02-03T11:17:56","slug":"apc-smart-ups-srt-8000va-rm-with-208v-to-120v-2u-step-down-transformer","status":"publish","type":"product","link":"https:\/\/engitech.az\/en\/product\/apc-smart-ups-srt-8000va-rm-with-208v-to-120v-2u-step-down-transformer\/","title":{"rendered":"APC Smart-UPS SRT 8000VA RM with 208V to 120V 2U Step-Down Transformer"},"content":{"rendered":"<ul>\n<li><strong data-start=\"45\" data-end=\"53\">Power:<\/strong> 8000\u202fVA \/ 8000\u202fW, On\u2011Line, t\u0259miz sinus<\/li>\n<li><strong data-start=\"95\" data-end=\"103\">Type:<\/strong> On\u2011Line Smart\u2011UPS, Rackmount (8U)<\/li>\n<li><strong data-start=\"140\" data-end=\"156\">Giri\u015f\/\u00c7\u0131x\u0131\u015f:<\/strong> 208\u202fV AC \u2192 120\u202fV AC (step\u2011down)<\/li>\n<li><strong data-start=\"191\" data-end=\"201\">Dal\u011fa:<\/strong> Clean sinus<\/li>\n<li><strong data-start=\"216\" data-end=\"229\">Battery:<\/strong> Sealed lead\u2011acid, ~1.5\u202fsaat \u015farj<\/li>\n<li><strong data-start=\"265\" data-end=\"279\">Management:<\/strong> Ethernet, USB, LCD, SmartSlot<\/li>\n<li><strong data-start=\"312\" data-end=\"330\">Features:<\/strong> Bypass, surge qorunmas\u0131, step\u2011down transformator<\/li>\n<\/ul>","protected":false},"excerpt":{"rendered":"<p>G\u00fcc: 8000\u202fVA \/ 8000\u202fW, On\u2011Line, t\u0259miz sinus Tip: On\u2011Line Smart\u2011UPS,  [&#8230;]<\/p>","protected":false},"featured_media":10268,"comment_status":"open","ping_status":"closed","template":"","meta":[],"product_brand":[],"product_cat":[190],"product_tag":[],"class_list":{"0":"post-10267","1":"product","2":"type-product","3":"status-publish","4":"has-post-thumbnail","6":"product_cat-apc","7":"pa_mehsul-tipi-apc-smart-ups-on-line-srt-series","9":"first","10":"instock","11":"sold-individually","12":"shipping-taxable","13":"purchasable","14":"product-type-simple"},"_links":{"self":[{"href":"https:\/\/engitech.az\/en\/wp-json\/wp\/v2\/product\/10267","targetHints":{"allow":["GET"]}}],"collection":[{"href":"https:\/\/engitech.az\/en\/wp-json\/wp\/v2\/product"}],"about":[{"href":"https:\/\/engitech.az\/en\/wp-json\/wp\/v2\/types\/product"}],"replies":[{"embeddable":true,"href":"https:\/\/engitech.az\/en\/wp-json\/wp\/v2\/comments?post=10267"}],"wp:featuredmedia":[{"embeddable":true,"href":"https:\/\/engitech.az\/en\/wp-json\/wp\/v2\/media\/10268"}],"wp:attachment":[{"href":"https:\/\/engitech.az\/en\/wp-json\/wp\/v2\/media?parent=10267"}],"wp:term":[{"taxonomy":"product_brand","embeddable":true,"href":"https:\/\/engitech.az\/en\/wp-json\/wp\/v2\/product_brand?post=10267"},{"taxonomy":"product_cat","embeddable":true,"href":"https:\/\/engitech.az\/en\/wp-json\/wp\/v2\/product_cat?post=10267"},{"taxonomy":"product_tag","embeddable":true,"href":"https:\/\/engitech.az\/en\/wp-json\/wp\/v2\/product_tag?post=10267"}],"curies":[{"name":"wp","href":"https:\/\/api.w.org\/{rel}","templated":true}]}}