{"id":10269,"date":"2026-02-03T11:19:47","date_gmt":"2026-02-03T11:19:47","guid":{"rendered":"https:\/\/engitech.az\/?post_type=product&#038;p=10269"},"modified":"2026-02-03T11:19:47","modified_gmt":"2026-02-03T11:19:47","slug":"apc-smart-ups-srt-10000va-rm-with-208-240v-to-120v-10kva-step-down-transformer","status":"publish","type":"product","link":"https:\/\/engitech.az\/en\/product\/apc-smart-ups-srt-10000va-rm-with-208-240v-to-120v-10kva-step-down-transformer\/","title":{"rendered":"APC Smart-UPS SRT 10000VA RM with 208\/240V to 120V 10kVA Step-Down Transformer"},"content":{"rendered":"<ul>\n<li><strong data-start=\"50\" data-end=\"58\">Power:<\/strong> 10000\u202fVA \/ 10000\u202fW, On\u2011Line, t\u0259miz sinus<\/li>\n<li><strong data-start=\"102\" data-end=\"110\">Type:<\/strong> On\u2011Line Smart\u2011UPS, Rackmount (10U)<\/li>\n<li><strong data-start=\"148\" data-end=\"164\">Giri\u015f\/\u00c7\u0131x\u0131\u015f:<\/strong> 208\/240\u202fV \u2192 120\u202fV (step\u2011down)<\/li>\n<li><strong data-start=\"197\" data-end=\"207\">Dal\u011fa:<\/strong> Clean sinus<\/li>\n<li><strong data-start=\"222\" data-end=\"235\">Battery:<\/strong> Sealed lead\u2011acid, ~1.5\u202fsaat \u015farj<\/li>\n<li><strong data-start=\"271\" data-end=\"285\">Management:<\/strong> Ethernet, USB, LCD, SmartSlot, EPO<\/li>\n<li><strong data-start=\"323\" data-end=\"341\">Features:<\/strong> Bypass, surge qorunmas\u0131, step\u2011down transformator<\/li>\n<\/ul>","protected":false},"excerpt":{"rendered":"<p>G\u00fcc: 10000\u202fVA \/ 10000\u202fW, On\u2011Line, t\u0259miz sinus Tip: On\u2011Line Smart\u2011UPS,  [&#8230;]<\/p>","protected":false},"featured_media":10270,"comment_status":"open","ping_status":"closed","template":"","meta":[],"product_brand":[],"product_cat":[190],"product_tag":[],"class_list":{"0":"post-10269","1":"product","2":"type-product","3":"status-publish","4":"has-post-thumbnail","6":"product_cat-apc","7":"pa_mehsul-tipi-apc-smart-ups-on-line-srt-series","9":"first","10":"instock","11":"sold-individually","12":"shipping-taxable","13":"purchasable","14":"product-type-simple"},"_links":{"self":[{"href":"https:\/\/engitech.az\/en\/wp-json\/wp\/v2\/product\/10269","targetHints":{"allow":["GET"]}}],"collection":[{"href":"https:\/\/engitech.az\/en\/wp-json\/wp\/v2\/product"}],"about":[{"href":"https:\/\/engitech.az\/en\/wp-json\/wp\/v2\/types\/product"}],"replies":[{"embeddable":true,"href":"https:\/\/engitech.az\/en\/wp-json\/wp\/v2\/comments?post=10269"}],"wp:featuredmedia":[{"embeddable":true,"href":"https:\/\/engitech.az\/en\/wp-json\/wp\/v2\/media\/10270"}],"wp:attachment":[{"href":"https:\/\/engitech.az\/en\/wp-json\/wp\/v2\/media?parent=10269"}],"wp:term":[{"taxonomy":"product_brand","embeddable":true,"href":"https:\/\/engitech.az\/en\/wp-json\/wp\/v2\/product_brand?post=10269"},{"taxonomy":"product_cat","embeddable":true,"href":"https:\/\/engitech.az\/en\/wp-json\/wp\/v2\/product_cat?post=10269"},{"taxonomy":"product_tag","embeddable":true,"href":"https:\/\/engitech.az\/en\/wp-json\/wp\/v2\/product_tag?post=10269"}],"curies":[{"name":"wp","href":"https:\/\/api.w.org\/{rel}","templated":true}]}}