{"id":10271,"date":"2026-02-03T11:27:55","date_gmt":"2026-02-03T11:27:55","guid":{"rendered":"https:\/\/engitech.az\/?post_type=product&#038;p=10271"},"modified":"2026-02-03T11:27:56","modified_gmt":"2026-02-03T11:27:56","slug":"apc-symmetra-lx-4kva-scalable-to-8kva-n1-tower-208-240v-input-208-240v-and-120v-output","status":"publish","type":"product","link":"https:\/\/engitech.az\/en\/product\/apc-symmetra-lx-4kva-scalable-to-8kva-n1-tower-208-240v-input-208-240v-and-120v-output\/","title":{"rendered":"APC Symmetra LX 4kVA Scalable to 8kVA N+1 Tower, 208\/240V Input, 208\/240V and 120V Output"},"content":{"rendered":"<ul>\n<li><strong data-start=\"65\" data-end=\"73\">Power:<\/strong> 4\u202fkVA \/ 3.2\u202fkW, scalable to 8\u202fkVA \/ 6.4\u202fkW, On\u2011Line, t\u0259miz sinus<\/li>\n<li><strong data-start=\"141\" data-end=\"149\">Type:<\/strong> Modular N+1, Tower<\/li>\n<li><strong data-start=\"171\" data-end=\"187\">Giri\u015f\/\u00c7\u0131x\u0131\u015f:<\/strong> 208\/240\u202fV AC giri\u015f; \u00e7\u0131x\u0131\u015f 120\u202fV v\u0259 208\/240\u202fV AC<\/li>\n<li><strong data-start=\"238\" data-end=\"251\">Battery:<\/strong> Sealed lead\u2011acid, ~3\u202fsaat \u015farj<\/li>\n<li><strong data-start=\"285\" data-end=\"299\">Management:<\/strong> LCD, SNMP\/Web, EPO<\/li>\n<li><strong data-start=\"321\" data-end=\"339\">Features:<\/strong> Internal bypass, modul d\u0259yi\u015fdiril\u0259 bilir, N+1 redundancy<\/li>\n<\/ul>","protected":false},"excerpt":{"rendered":"<p>G\u00fcc: 4\u202fkVA \/ 3.2\u202fkW, scalable to 8\u202fkVA \/ 6.4\u202fkW, On\u2011Line,  [&#8230;]<\/p>","protected":false},"featured_media":10277,"comment_status":"open","ping_status":"closed","template":"","meta":[],"product_brand":[],"product_cat":[190],"product_tag":[],"class_list":{"0":"post-10271","1":"product","2":"type-product","3":"status-publish","4":"has-post-thumbnail","6":"product_cat-apc","7":"pa_mehsul-tipi-apc-symmetra-lx","9":"first","10":"instock","11":"sold-individually","12":"shipping-taxable","13":"purchasable","14":"product-type-simple"},"_links":{"self":[{"href":"https:\/\/engitech.az\/en\/wp-json\/wp\/v2\/product\/10271","targetHints":{"allow":["GET"]}}],"collection":[{"href":"https:\/\/engitech.az\/en\/wp-json\/wp\/v2\/product"}],"about":[{"href":"https:\/\/engitech.az\/en\/wp-json\/wp\/v2\/types\/product"}],"replies":[{"embeddable":true,"href":"https:\/\/engitech.az\/en\/wp-json\/wp\/v2\/comments?post=10271"}],"wp:featuredmedia":[{"embeddable":true,"href":"https:\/\/engitech.az\/en\/wp-json\/wp\/v2\/media\/10277"}],"wp:attachment":[{"href":"https:\/\/engitech.az\/en\/wp-json\/wp\/v2\/media?parent=10271"}],"wp:term":[{"taxonomy":"product_brand","embeddable":true,"href":"https:\/\/engitech.az\/en\/wp-json\/wp\/v2\/product_brand?post=10271"},{"taxonomy":"product_cat","embeddable":true,"href":"https:\/\/engitech.az\/en\/wp-json\/wp\/v2\/product_cat?post=10271"},{"taxonomy":"product_tag","embeddable":true,"href":"https:\/\/engitech.az\/en\/wp-json\/wp\/v2\/product_tag?post=10271"}],"curies":[{"name":"wp","href":"https:\/\/api.w.org\/{rel}","templated":true}]}}