{"id":10282,"date":"2026-02-03T11:55:14","date_gmt":"2026-02-03T11:55:14","guid":{"rendered":"https:\/\/engitech.az\/?post_type=product&#038;p=10282"},"modified":"2026-02-03T11:55:15","modified_gmt":"2026-02-03T11:55:15","slug":"apc-symmetra-lx-8kva-scalable-to-16kva-n1-ext-run-tower-208-240v-input-208-240v-and-120v-output","status":"publish","type":"product","link":"https:\/\/engitech.az\/en\/product\/apc-symmetra-lx-8kva-scalable-to-16kva-n1-ext-run-tower-208-240v-input-208-240v-and-120v-output\/","title":{"rendered":"APC Symmetra LX 8kVA Scalable to 16kVA N+1 Ext. Run Tower, 208\/240V Input, 208\/240V and 120V Output"},"content":{"rendered":"<ul>\n<li><strong data-start=\"65\" data-end=\"73\">Power:<\/strong> 8\u202fkVA \/ 6.4\u202fkW, scalable to 16\u202fkVA, On\u2011Line, t\u0259miz sinus<\/li>\n<li><strong data-start=\"133\" data-end=\"141\">Type:<\/strong> Modular N+1, Tower, extended run<\/li>\n<li><strong data-start=\"177\" data-end=\"193\">Giri\u015f\/\u00c7\u0131x\u0131\u015f:<\/strong> 208\/240\u202fV AC giri\u015f; \u00e7\u0131x\u0131\u015f 120\u202fV &amp; 208\/240\u202fV AC<\/li>\n<li><strong data-start=\"243\" data-end=\"256\">Battery:<\/strong> Lead\u2011acid, hot\u2011swappable, geni\u015fl\u0259ndirilmi\u015f run\u2011time<\/li>\n<li><strong data-start=\"311\" data-end=\"325\">Management:<\/strong> LCD, SNMP\/Web, EPO<\/li>\n<li><strong data-start=\"347\" data-end=\"365\">Features:<\/strong> Internal\/external bypass, surge qorunmas\u0131, redundant modullar<\/li>\n<\/ul>","protected":false},"excerpt":{"rendered":"<p>G\u00fcc: 8\u202fkVA \/ 6.4\u202fkW, scalable to 16\u202fkVA, On\u2011Line, t\u0259miz sinus  [&#8230;]<\/p>","protected":false},"featured_media":10283,"comment_status":"open","ping_status":"closed","template":"","meta":[],"product_brand":[],"product_cat":[190],"product_tag":[],"class_list":{"0":"post-10282","1":"product","2":"type-product","3":"status-publish","4":"has-post-thumbnail","6":"product_cat-apc","7":"pa_mehsul-tipi-apc-symmetra-lx","9":"first","10":"instock","11":"sold-individually","12":"shipping-taxable","13":"purchasable","14":"product-type-simple"},"_links":{"self":[{"href":"https:\/\/engitech.az\/en\/wp-json\/wp\/v2\/product\/10282","targetHints":{"allow":["GET"]}}],"collection":[{"href":"https:\/\/engitech.az\/en\/wp-json\/wp\/v2\/product"}],"about":[{"href":"https:\/\/engitech.az\/en\/wp-json\/wp\/v2\/types\/product"}],"replies":[{"embeddable":true,"href":"https:\/\/engitech.az\/en\/wp-json\/wp\/v2\/comments?post=10282"}],"wp:featuredmedia":[{"embeddable":true,"href":"https:\/\/engitech.az\/en\/wp-json\/wp\/v2\/media\/10283"}],"wp:attachment":[{"href":"https:\/\/engitech.az\/en\/wp-json\/wp\/v2\/media?parent=10282"}],"wp:term":[{"taxonomy":"product_brand","embeddable":true,"href":"https:\/\/engitech.az\/en\/wp-json\/wp\/v2\/product_brand?post=10282"},{"taxonomy":"product_cat","embeddable":true,"href":"https:\/\/engitech.az\/en\/wp-json\/wp\/v2\/product_cat?post=10282"},{"taxonomy":"product_tag","embeddable":true,"href":"https:\/\/engitech.az\/en\/wp-json\/wp\/v2\/product_tag?post=10282"}],"curies":[{"name":"wp","href":"https:\/\/api.w.org\/{rel}","templated":true}]}}