{"id":10286,"date":"2026-02-03T12:03:06","date_gmt":"2026-02-03T12:03:06","guid":{"rendered":"https:\/\/engitech.az\/?post_type=product&#038;p=10286"},"modified":"2026-02-03T12:03:06","modified_gmt":"2026-02-03T12:03:06","slug":"apc-netshelter-sx-24u-600mm-wide-x-1070mm-deep-enclosure","status":"publish","type":"product","link":"https:\/\/engitech.az\/en\/product\/apc-netshelter-sx-24u-600mm-wide-x-1070mm-deep-enclosure\/","title":{"rendered":"APC NetShelter SX 24U 600mm Wide x 1070mm Deep Enclosure"},"content":{"rendered":"<ul>\n<li><strong data-start=\"62\" data-end=\"70\">Type:<\/strong> Server rack enclosure<\/li>\n<li><strong data-start=\"95\" data-end=\"109\">H\u00fcnd\u00fcrl\u00fck:<\/strong> 24U (19&#8243;)<\/li>\n<li><strong data-start=\"122\" data-end=\"134\">Dimensions:<\/strong> 600 mm en \u00d7 1070 mm d\u0259rinlik<\/li>\n<li><strong data-start=\"166\" data-end=\"181\">Y\u00fck da\u015f\u0131ma:<\/strong> ~1360 kg (statik)<\/li>\n<li><strong data-start=\"202\" data-end=\"220\">Features:<\/strong> \u00d6n\/arxa qap\u0131lar, yan panell\u0259r, kabel v\u0259 hava ax\u0131n\u0131 \u00fc\u00e7\u00fcn optimalla\u015fd\u0131r\u0131lm\u0131\u015f dizayn<\/li>\n<\/ul>","protected":false},"excerpt":{"rendered":"<p>Tip: Server rack enclosure H\u00fcnd\u00fcrl\u00fck: 24U (19&#8243;) \u00d6l\u00e7\u00fcl\u0259r: 600 mm  [&#8230;]<\/p>","protected":false},"featured_media":10292,"comment_status":"open","ping_status":"closed","template":"","meta":[],"product_brand":[],"product_cat":[190],"product_tag":[],"class_list":{"0":"post-10286","1":"product","2":"type-product","3":"status-publish","4":"has-post-thumbnail","6":"product_cat-apc","7":"pa_mehsul-tipi-netshelter-pdu","9":"first","10":"instock","11":"sold-individually","12":"shipping-taxable","13":"purchasable","14":"product-type-simple"},"_links":{"self":[{"href":"https:\/\/engitech.az\/en\/wp-json\/wp\/v2\/product\/10286","targetHints":{"allow":["GET"]}}],"collection":[{"href":"https:\/\/engitech.az\/en\/wp-json\/wp\/v2\/product"}],"about":[{"href":"https:\/\/engitech.az\/en\/wp-json\/wp\/v2\/types\/product"}],"replies":[{"embeddable":true,"href":"https:\/\/engitech.az\/en\/wp-json\/wp\/v2\/comments?post=10286"}],"wp:featuredmedia":[{"embeddable":true,"href":"https:\/\/engitech.az\/en\/wp-json\/wp\/v2\/media\/10292"}],"wp:attachment":[{"href":"https:\/\/engitech.az\/en\/wp-json\/wp\/v2\/media?parent=10286"}],"wp:term":[{"taxonomy":"product_brand","embeddable":true,"href":"https:\/\/engitech.az\/en\/wp-json\/wp\/v2\/product_brand?post=10286"},{"taxonomy":"product_cat","embeddable":true,"href":"https:\/\/engitech.az\/en\/wp-json\/wp\/v2\/product_cat?post=10286"},{"taxonomy":"product_tag","embeddable":true,"href":"https:\/\/engitech.az\/en\/wp-json\/wp\/v2\/product_tag?post=10286"}],"curies":[{"name":"wp","href":"https:\/\/api.w.org\/{rel}","templated":true}]}}