{"id":10293,"date":"2026-02-03T12:17:28","date_gmt":"2026-02-03T12:17:28","guid":{"rendered":"https:\/\/engitech.az\/?post_type=product&#038;p=10293"},"modified":"2026-02-03T12:17:28","modified_gmt":"2026-02-03T12:17:28","slug":"apc-netshelter-sx-42u-750mm-wide-x-1200mm-deep-enclosure","status":"publish","type":"product","link":"https:\/\/engitech.az\/en\/product\/apc-netshelter-sx-42u-750mm-wide-x-1200mm-deep-enclosure\/","title":{"rendered":"APC NetShelter SX 42U 750mm Wide x 1200mm Deep Enclosure"},"content":{"rendered":"<ul>\n<li><strong data-start=\"80\" data-end=\"88\">Type:<\/strong> Server\/network rack enclosure, 19\u2033, 42U h\u00fcnd\u00fcrl\u00fck<\/li>\n<li><strong data-start=\"141\" data-end=\"153\" data-is-only-node=\"\">Dimensions:<\/strong> ~1991 mm H \u00d7 750 mm W \u00d7 1200 mm D<\/li>\n<li><strong data-start=\"190\" data-end=\"199\">Color:<\/strong> Black<\/li>\n<li><strong data-start=\"207\" data-end=\"222\">Y\u00fck tutumu:<\/strong> ~1700 kg (statik) \/ ~1020 kg (dinamik)<\/li>\n<li><strong data-start=\"264\" data-end=\"282\">Features:<\/strong> \u00d6n\/arxa ventil\u0259 qap\u0131lar, kabel idar\u0259etm\u0259, leveling feet v\u0259 kastorlar, vendor-neytral montaj (EIA-310)<\/li>\n<\/ul>","protected":false},"excerpt":{"rendered":"<p>Tip: Server\/network rack enclosure, 19\u2033, 42U h\u00fcnd\u00fcrl\u00fck \u00d6l\u00e7\u00fcl\u0259r: ~1991 mm  [&#8230;]<\/p>","protected":false},"featured_media":10295,"comment_status":"open","ping_status":"closed","template":"","meta":[],"product_brand":[],"product_cat":[190],"product_tag":[],"class_list":{"0":"post-10293","1":"product","2":"type-product","3":"status-publish","4":"has-post-thumbnail","6":"product_cat-apc","7":"pa_mehsul-tipi-netshelter-pdu","9":"first","10":"instock","11":"sold-individually","12":"shipping-taxable","13":"purchasable","14":"product-type-simple"},"_links":{"self":[{"href":"https:\/\/engitech.az\/en\/wp-json\/wp\/v2\/product\/10293","targetHints":{"allow":["GET"]}}],"collection":[{"href":"https:\/\/engitech.az\/en\/wp-json\/wp\/v2\/product"}],"about":[{"href":"https:\/\/engitech.az\/en\/wp-json\/wp\/v2\/types\/product"}],"replies":[{"embeddable":true,"href":"https:\/\/engitech.az\/en\/wp-json\/wp\/v2\/comments?post=10293"}],"wp:featuredmedia":[{"embeddable":true,"href":"https:\/\/engitech.az\/en\/wp-json\/wp\/v2\/media\/10295"}],"wp:attachment":[{"href":"https:\/\/engitech.az\/en\/wp-json\/wp\/v2\/media?parent=10293"}],"wp:term":[{"taxonomy":"product_brand","embeddable":true,"href":"https:\/\/engitech.az\/en\/wp-json\/wp\/v2\/product_brand?post=10293"},{"taxonomy":"product_cat","embeddable":true,"href":"https:\/\/engitech.az\/en\/wp-json\/wp\/v2\/product_cat?post=10293"},{"taxonomy":"product_tag","embeddable":true,"href":"https:\/\/engitech.az\/en\/wp-json\/wp\/v2\/product_tag?post=10293"}],"curies":[{"name":"wp","href":"https:\/\/api.w.org\/{rel}","templated":true}]}}