{"id":10296,"date":"2026-02-03T12:19:33","date_gmt":"2026-02-03T12:19:33","guid":{"rendered":"https:\/\/engitech.az\/?post_type=product&#038;p=10296"},"modified":"2026-02-03T12:19:34","modified_gmt":"2026-02-03T12:19:34","slug":"apc-netshelter-sx-48u-750mm-wide-x-1070mm-deep-enclosure","status":"publish","type":"product","link":"https:\/\/engitech.az\/en\/product\/apc-netshelter-sx-48u-750mm-wide-x-1070mm-deep-enclosure\/","title":{"rendered":"APC NetShelter SX 48U 750mm Wide x 1070mm Deep Enclosure"},"content":{"rendered":"<ul>\n<li><strong data-start=\"80\" data-end=\"88\">Type:<\/strong> 19\u2033 server\/network rack, 48U h\u00fcnd\u00fcrl\u00fck<\/li>\n<li><strong data-start=\"130\" data-end=\"142\" data-is-only-node=\"\">Dimensions:<\/strong> ~2258 mm H \u00d7 750 mm W \u00d7 1070 mm D<\/li>\n<li><strong data-start=\"217\" data-end=\"232\">Y\u00fck tutumu:<\/strong> ~3000 lbs (1363 kg) statik \/ ~2250 lbs (1023 kg) dinamik<\/li>\n<li><strong data-start=\"330\" data-end=\"341\">Assembly:<\/strong> EIA-310 uy\u011fun relsl\u0259r (19\u2033)<\/li>\n<li><strong data-start=\"410\" data-end=\"428\">Features:<\/strong> Ventilyasiya perforasiyal\u0131 qap\u0131lar, kabel idar\u0259etm\u0259, leveling feet v\u0259 kastorlar<\/li>\n<\/ul>","protected":false},"excerpt":{"rendered":"<p>Tip: 19\u2033 server\/network rack, 48U h\u00fcnd\u00fcrl\u00fck \u00d6l\u00e7\u00fcl\u0259r: ~2258 mm H  [&#8230;]<\/p>","protected":false},"featured_media":10297,"comment_status":"open","ping_status":"closed","template":"","meta":[],"product_brand":[],"product_cat":[190],"product_tag":[],"class_list":{"0":"post-10296","1":"product","2":"type-product","3":"status-publish","4":"has-post-thumbnail","6":"product_cat-apc","7":"pa_mehsul-tipi-netshelter-pdu","9":"first","10":"instock","11":"sold-individually","12":"shipping-taxable","13":"purchasable","14":"product-type-simple"},"_links":{"self":[{"href":"https:\/\/engitech.az\/en\/wp-json\/wp\/v2\/product\/10296","targetHints":{"allow":["GET"]}}],"collection":[{"href":"https:\/\/engitech.az\/en\/wp-json\/wp\/v2\/product"}],"about":[{"href":"https:\/\/engitech.az\/en\/wp-json\/wp\/v2\/types\/product"}],"replies":[{"embeddable":true,"href":"https:\/\/engitech.az\/en\/wp-json\/wp\/v2\/comments?post=10296"}],"wp:featuredmedia":[{"embeddable":true,"href":"https:\/\/engitech.az\/en\/wp-json\/wp\/v2\/media\/10297"}],"wp:attachment":[{"href":"https:\/\/engitech.az\/en\/wp-json\/wp\/v2\/media?parent=10296"}],"wp:term":[{"taxonomy":"product_brand","embeddable":true,"href":"https:\/\/engitech.az\/en\/wp-json\/wp\/v2\/product_brand?post=10296"},{"taxonomy":"product_cat","embeddable":true,"href":"https:\/\/engitech.az\/en\/wp-json\/wp\/v2\/product_cat?post=10296"},{"taxonomy":"product_tag","embeddable":true,"href":"https:\/\/engitech.az\/en\/wp-json\/wp\/v2\/product_tag?post=10296"}],"curies":[{"name":"wp","href":"https:\/\/api.w.org\/{rel}","templated":true}]}}