{"id":10309,"date":"2026-02-04T07:03:11","date_gmt":"2026-02-04T07:03:11","guid":{"rendered":"https:\/\/engitech.az\/?post_type=product&#038;p=10309"},"modified":"2026-02-04T07:03:11","modified_gmt":"2026-02-04T07:03:11","slug":"harmonys-trio-harmonys-trio","status":"publish","type":"product","link":"https:\/\/engitech.az\/en\/product\/harmonys-trio-harmonys-trio\/","title":{"rendered":"Harmonys trio Harmonys Trio"},"content":{"rendered":"<ul>\n<li><strong data-start=\"35\" data-end=\"43\">Type:<\/strong> IP audio x\u0259b\u0259rdarl\u0131q cihaz\u0131 (PoE+)<\/li>\n<li><strong data-start=\"81\" data-end=\"94\" data-is-only-node=\"\">Function:<\/strong> Z\u0259ng, elan, musiqi, canl\u0131 mikrofon<\/li>\n<li><strong data-start=\"132\" data-end=\"146\">G\u00f6st\u0259rici:<\/strong> Saat + m\u0259tn (scroll)<\/li>\n<li><strong data-start=\"170\" data-end=\"179\">\u0130\u015f\u0131q:<\/strong> LED fla\u015f (x\u0259b\u0259rdarl\u0131q \u00fc\u00e7\u00fcn)<\/li>\n<li><strong data-start=\"210\" data-end=\"223\">S\u0259s g\u00fcc\u00fc:<\/strong> ~90 dB<\/li>\n<li><strong data-start=\"233\" data-end=\"248\">Installation:<\/strong> Wall mounting<\/li>\n<li><strong data-start=\"265\" data-end=\"276\">Network:<\/strong> IP \/ NTP sinxronizasiya<\/li>\n<\/ul>","protected":false},"excerpt":{"rendered":"<p>Tip: IP audio x\u0259b\u0259rdarl\u0131q cihaz\u0131 (PoE+) Funksiya: Z\u0259ng, elan, musiqi,  [&#8230;]<\/p>","protected":false},"featured_media":10310,"comment_status":"open","ping_status":"closed","template":"","meta":[],"product_brand":[],"product_cat":[204],"product_tag":[],"class_list":{"0":"post-10309","1":"product","2":"type-product","3":"status-publish","4":"has-post-thumbnail","6":"product_cat-bodet-time","7":"pa_mehsul-tipi-ip-audio-system","9":"first","10":"instock","11":"sold-individually","12":"shipping-taxable","13":"purchasable","14":"product-type-simple"},"_links":{"self":[{"href":"https:\/\/engitech.az\/en\/wp-json\/wp\/v2\/product\/10309","targetHints":{"allow":["GET"]}}],"collection":[{"href":"https:\/\/engitech.az\/en\/wp-json\/wp\/v2\/product"}],"about":[{"href":"https:\/\/engitech.az\/en\/wp-json\/wp\/v2\/types\/product"}],"replies":[{"embeddable":true,"href":"https:\/\/engitech.az\/en\/wp-json\/wp\/v2\/comments?post=10309"}],"wp:featuredmedia":[{"embeddable":true,"href":"https:\/\/engitech.az\/en\/wp-json\/wp\/v2\/media\/10310"}],"wp:attachment":[{"href":"https:\/\/engitech.az\/en\/wp-json\/wp\/v2\/media?parent=10309"}],"wp:term":[{"taxonomy":"product_brand","embeddable":true,"href":"https:\/\/engitech.az\/en\/wp-json\/wp\/v2\/product_brand?post=10309"},{"taxonomy":"product_cat","embeddable":true,"href":"https:\/\/engitech.az\/en\/wp-json\/wp\/v2\/product_cat?post=10309"},{"taxonomy":"product_tag","embeddable":true,"href":"https:\/\/engitech.az\/en\/wp-json\/wp\/v2\/product_tag?post=10309"}],"curies":[{"name":"wp","href":"https:\/\/api.w.org\/{rel}","templated":true}]}}