{"id":10313,"date":"2026-02-04T07:07:12","date_gmt":"2026-02-04T07:07:12","guid":{"rendered":"https:\/\/engitech.az\/?post_type=product&#038;p=10313"},"modified":"2026-02-04T07:07:12","modified_gmt":"2026-02-04T07:07:12","slug":"outdoor-ip-speaker-harmonys","status":"publish","type":"product","link":"https:\/\/engitech.az\/en\/product\/outdoor-ip-speaker-harmonys\/","title":{"rendered":"Outdoor IP speaker &#8211; Harmonys"},"content":{"rendered":"<p>\u2022 <strong data-start=\"72\" data-end=\"80\">Type:<\/strong> Outdoor IP network speaker<br data-start=\"107\" data-end=\"110\" \/>\u2022 <strong data-start=\"112\" data-end=\"125\">Usage:<\/strong> \u00c7\u00f6l\u0259 elanlar, z\u0259ngl\u0259r, melodiyalar, canl\u0131 mikrofon v\u0259 audio yay\u0131mlar<br data-start=\"194\" data-end=\"197\" \/>\u2022 <strong data-start=\"199\" data-end=\"212\">S\u0259s g\u00fcc\u00fc:<\/strong> ~110 dB @ 1 m<br data-start=\"226\" data-end=\"229\" \/>\u2022 <strong data-start=\"231\" data-end=\"242\">Protection:<\/strong> <strong data-start=\"243\" data-end=\"251\">IP54<\/strong> (s\u0259s\u00e7i), <strong data-start=\"261\" data-end=\"269\">IK08<\/strong> (korpus), hava \u015f\u0259raitin\u0259 davaml\u0131 <br data-start=\"340\" data-end=\"343\" \/>\u2022 <strong data-start=\"345\" data-end=\"355\">Contact:<\/strong> IP (RJ45), daxili veb serverl\u0259 idar\u0259etm\u0259 <br data-start=\"434\" data-end=\"437\" \/>\u2022 <strong data-start=\"439\" data-end=\"463\">\u018fm\u0259liyyat temperat.:<\/strong> -20 \u00b0C \u2026 +55 \u00b0C<br data-start=\"479\" data-end=\"483\" \/>\u2022 <strong data-start=\"485\" data-end=\"496\">Energy:<\/strong> 110-230 VAC<br data-start=\"508\" data-end=\"512\" \/>\u2022 <strong data-start=\"514\" data-end=\"525\">Assembly:<\/strong> \u00c7\u00f6l divar montaj\u0131<\/p>","protected":false},"excerpt":{"rendered":"<p>\u2022 Tip: Outdoor IP network speaker\u2022 \u0130stifad\u0259: \u00c7\u00f6l\u0259 elanlar, z\u0259ngl\u0259r,  [&#8230;]<\/p>","protected":false},"featured_media":10314,"comment_status":"open","ping_status":"closed","template":"","meta":[],"product_brand":[],"product_cat":[204],"product_tag":[],"class_list":{"0":"post-10313","1":"product","2":"type-product","3":"status-publish","4":"has-post-thumbnail","6":"product_cat-bodet-time","7":"pa_mehsul-tipi-ip-audio-system","9":"first","10":"instock","11":"sold-individually","12":"shipping-taxable","13":"purchasable","14":"product-type-simple"},"_links":{"self":[{"href":"https:\/\/engitech.az\/en\/wp-json\/wp\/v2\/product\/10313","targetHints":{"allow":["GET"]}}],"collection":[{"href":"https:\/\/engitech.az\/en\/wp-json\/wp\/v2\/product"}],"about":[{"href":"https:\/\/engitech.az\/en\/wp-json\/wp\/v2\/types\/product"}],"replies":[{"embeddable":true,"href":"https:\/\/engitech.az\/en\/wp-json\/wp\/v2\/comments?post=10313"}],"wp:featuredmedia":[{"embeddable":true,"href":"https:\/\/engitech.az\/en\/wp-json\/wp\/v2\/media\/10314"}],"wp:attachment":[{"href":"https:\/\/engitech.az\/en\/wp-json\/wp\/v2\/media?parent=10313"}],"wp:term":[{"taxonomy":"product_brand","embeddable":true,"href":"https:\/\/engitech.az\/en\/wp-json\/wp\/v2\/product_brand?post=10313"},{"taxonomy":"product_cat","embeddable":true,"href":"https:\/\/engitech.az\/en\/wp-json\/wp\/v2\/product_cat?post=10313"},{"taxonomy":"product_tag","embeddable":true,"href":"https:\/\/engitech.az\/en\/wp-json\/wp\/v2\/product_tag?post=10313"}],"curies":[{"name":"wp","href":"https:\/\/api.w.org\/{rel}","templated":true}]}}