{"id":10317,"date":"2026-02-04T07:10:06","date_gmt":"2026-02-04T07:10:06","guid":{"rendered":"https:\/\/engitech.az\/?post_type=product&#038;p=10317"},"modified":"2026-02-04T07:10:06","modified_gmt":"2026-02-04T07:10:06","slug":"harmonys-ip-button-box","status":"publish","type":"product","link":"https:\/\/engitech.az\/en\/product\/harmonys-ip-button-box\/","title":{"rendered":"Harmonys &#8211; IP button box"},"content":{"rendered":"<p>\u2022 <strong data-start=\"46\" data-end=\"54\">Type:<\/strong> IP manual trigger panel<br data-start=\"78\" data-end=\"81\" \/>\u2022 <strong data-start=\"83\" data-end=\"96\">Usage:<\/strong> Z\u0259ng, elan, melodiyalar<br data-start=\"120\" data-end=\"123\" \/>\u2022 <strong data-start=\"125\" data-end=\"144\">\u018flaq\u0259 \/ Enerji:<\/strong> IP (RJ45), PoE<br data-start=\"159\" data-end=\"162\" \/>\u2022 <strong data-start=\"164\" data-end=\"177\">Buttons:<\/strong> 4 d\u00fcym\u0259 (16\u2011ya q\u0259d\u0259r proqramla\u015fd\u0131r\u0131la bil\u0259r)<br data-start=\"222\" data-end=\"225\" \/>\u2022 <strong data-start=\"227\" data-end=\"238\">Assembly:<\/strong> Divar, indoor<br data-start=\"252\" data-end=\"255\" \/>\u2022 <strong data-start=\"257\" data-end=\"268\">Protection:<\/strong> IP41, IK06<br data-start=\"279\" data-end=\"282\" \/>\u2022 <strong data-start=\"284\" data-end=\"293\">Size:<\/strong> 167\u00d788\u00d750\u202fmm<\/p>","protected":false},"excerpt":{"rendered":"<p>\u2022 Tip: IP manual trigger panel\u2022 \u0130stifad\u0259: Z\u0259ng, elan, melodiyalar\u2022  [&#8230;]<\/p>","protected":false},"featured_media":10318,"comment_status":"open","ping_status":"closed","template":"","meta":[],"product_brand":[],"product_cat":[204],"product_tag":[],"class_list":{"0":"post-10317","1":"product","2":"type-product","3":"status-publish","4":"has-post-thumbnail","6":"product_cat-bodet-time","7":"pa_mehsul-tipi-ip-audio-system","9":"first","10":"instock","11":"sold-individually","12":"shipping-taxable","13":"purchasable","14":"product-type-simple"},"_links":{"self":[{"href":"https:\/\/engitech.az\/en\/wp-json\/wp\/v2\/product\/10317","targetHints":{"allow":["GET"]}}],"collection":[{"href":"https:\/\/engitech.az\/en\/wp-json\/wp\/v2\/product"}],"about":[{"href":"https:\/\/engitech.az\/en\/wp-json\/wp\/v2\/types\/product"}],"replies":[{"embeddable":true,"href":"https:\/\/engitech.az\/en\/wp-json\/wp\/v2\/comments?post=10317"}],"wp:featuredmedia":[{"embeddable":true,"href":"https:\/\/engitech.az\/en\/wp-json\/wp\/v2\/media\/10318"}],"wp:attachment":[{"href":"https:\/\/engitech.az\/en\/wp-json\/wp\/v2\/media?parent=10317"}],"wp:term":[{"taxonomy":"product_brand","embeddable":true,"href":"https:\/\/engitech.az\/en\/wp-json\/wp\/v2\/product_brand?post=10317"},{"taxonomy":"product_cat","embeddable":true,"href":"https:\/\/engitech.az\/en\/wp-json\/wp\/v2\/product_cat?post=10317"},{"taxonomy":"product_tag","embeddable":true,"href":"https:\/\/engitech.az\/en\/wp-json\/wp\/v2\/product_tag?post=10317"}],"curies":[{"name":"wp","href":"https:\/\/api.w.org\/{rel}","templated":true}]}}