{"id":10319,"date":"2026-02-04T07:11:32","date_gmt":"2026-02-04T07:11:32","guid":{"rendered":"https:\/\/engitech.az\/?post_type=product&#038;p=10319"},"modified":"2026-02-04T07:11:32","modified_gmt":"2026-02-04T07:11:32","slug":"indoor-ip-luminous-flash-harmonys","status":"publish","type":"product","link":"https:\/\/engitech.az\/en\/product\/indoor-ip-luminous-flash-harmonys\/","title":{"rendered":"Indoor IP luminous flash &#8211; Harmonys"},"content":{"rendered":"<p>\u2022 <strong data-start=\"72\" data-end=\"80\">Type:<\/strong> Indoor IP luminous flash (vizual x\u0259b\u0259rdarl\u0131q)<br data-start=\"126\" data-end=\"129\" \/>\u2022 <strong data-start=\"131\" data-end=\"144\">Usage:<\/strong> Z\u0259ngl\u0259r\/elanlar zaman\u0131 i\u015f\u0131q siqnallar\u0131 \u00fc\u00e7\u00fcn (s\u0259ssiz vizual alert) <br data-start=\"248\" data-end=\"251\" \/>\u2022 <strong data-start=\"253\" data-end=\"272\">Enerji \/ \u018flaq\u0259:<\/strong> PoE (Ethernet) <br data-start=\"325\" data-end=\"328\" \/>\u2022 <strong data-start=\"330\" data-end=\"339\">\u0130\u015f\u0131q:<\/strong> LED flash (\u00e7oxr\u0259ngli, 4 parlaql\u0131q s\u0259viyy\u0259si) <br data-start=\"422\" data-end=\"425\" \/>\u2022 <strong data-start=\"427\" data-end=\"438\">Assembly:<\/strong> Divar montaj\u0131 (indoor) <br data-start=\"499\" data-end=\"502\" \/>\u2022 <strong data-start=\"504\" data-end=\"515\">Protection:<\/strong> IP30, IK02 <br data-start=\"564\" data-end=\"567\" \/>\u2022 <strong data-start=\"569\" data-end=\"585\">Size \/ Weight:<\/strong> ~157\u00d793\u00d753\u202fmm \/ ~350\u202fg <br data-start=\"646\" data-end=\"649\" \/>\u2022 <strong data-start=\"651\" data-end=\"666\">Temperature:<\/strong> 0\u202f\u00b0C \u2013 +50\u202f\u00b0C<\/p>","protected":false},"excerpt":{"rendered":"<p>\u2022 Tip: Indoor IP luminous flash (vizual x\u0259b\u0259rdarl\u0131q)\u2022 \u0130stifad\u0259: Z\u0259ngl\u0259r\/elanlar  [&#8230;]<\/p>","protected":false},"featured_media":10320,"comment_status":"open","ping_status":"closed","template":"","meta":[],"product_brand":[],"product_cat":[204],"product_tag":[],"class_list":{"0":"post-10319","1":"product","2":"type-product","3":"status-publish","4":"has-post-thumbnail","6":"product_cat-bodet-time","7":"pa_mehsul-tipi-ip-audio-system","9":"first","10":"instock","11":"sold-individually","12":"shipping-taxable","13":"purchasable","14":"product-type-simple"},"_links":{"self":[{"href":"https:\/\/engitech.az\/en\/wp-json\/wp\/v2\/product\/10319","targetHints":{"allow":["GET"]}}],"collection":[{"href":"https:\/\/engitech.az\/en\/wp-json\/wp\/v2\/product"}],"about":[{"href":"https:\/\/engitech.az\/en\/wp-json\/wp\/v2\/types\/product"}],"replies":[{"embeddable":true,"href":"https:\/\/engitech.az\/en\/wp-json\/wp\/v2\/comments?post=10319"}],"wp:featuredmedia":[{"embeddable":true,"href":"https:\/\/engitech.az\/en\/wp-json\/wp\/v2\/media\/10320"}],"wp:attachment":[{"href":"https:\/\/engitech.az\/en\/wp-json\/wp\/v2\/media?parent=10319"}],"wp:term":[{"taxonomy":"product_brand","embeddable":true,"href":"https:\/\/engitech.az\/en\/wp-json\/wp\/v2\/product_brand?post=10319"},{"taxonomy":"product_cat","embeddable":true,"href":"https:\/\/engitech.az\/en\/wp-json\/wp\/v2\/product_cat?post=10319"},{"taxonomy":"product_tag","embeddable":true,"href":"https:\/\/engitech.az\/en\/wp-json\/wp\/v2\/product_tag?post=10319"}],"curies":[{"name":"wp","href":"https:\/\/api.w.org\/{rel}","templated":true}]}}