{"id":10321,"date":"2026-02-04T07:12:42","date_gmt":"2026-02-04T07:12:42","guid":{"rendered":"https:\/\/engitech.az\/?post_type=product&#038;p=10321"},"modified":"2026-02-04T07:12:42","modified_gmt":"2026-02-04T07:12:42","slug":"outdoor-ip-luminous-flash-harmonys","status":"publish","type":"product","link":"https:\/\/engitech.az\/en\/product\/outdoor-ip-luminous-flash-harmonys\/","title":{"rendered":"Outdoor IP luminous flash &#8211; Harmonys"},"content":{"rendered":"<p>\u2022 <strong data-start=\"75\" data-end=\"83\">Type:<\/strong> Outdoor IP luminous flash (vizual x\u0259b\u0259rdarl\u0131q)<br data-start=\"130\" data-end=\"133\" \/>\u2022 <strong data-start=\"135\" data-end=\"148\">Usage:<\/strong> \u00c7\u00f6l\u0259 elanlar\/z\u0259ngl\u0259r zaman\u0131 flash siqnal\u0131<br data-start=\"190\" data-end=\"193\" \/>\u2022 <strong data-start=\"195\" data-end=\"210\">G\u00f6r\u00fcn\u00fcrl\u00fck:<\/strong> G\u00fccl\u00fc LED i\u015f\u0131q (g\u00fcn i\u015f\u0131\u011f\u0131nda da ayd\u0131n g\u00f6r\u00fcn\u00fcr)<br data-start=\"257\" data-end=\"260\" \/>\u2022 <strong data-start=\"262\" data-end=\"273\">Protection:<\/strong> <strong data-start=\"274\" data-end=\"282\">IP55<\/strong> korpus \/ <strong data-start=\"292\" data-end=\"300\">IP66<\/strong> LED beacon, <strong data-start=\"313\" data-end=\"326\">IK07\/IK10<\/strong> mexaniki qoruma<br data-start=\"342\" data-end=\"345\" \/>\u2022 <strong data-start=\"347\" data-end=\"362\">Temperature:<\/strong> <strong data-start=\"363\" data-end=\"380\">\u201330\u202f\u00b0C\u2026+50\u202f\u00b0C<\/strong><br data-start=\"380\" data-end=\"383\" \/>\u2022 <strong data-start=\"385\" data-end=\"396\">Assembly:<\/strong> Wall mounting<br data-start=\"410\" data-end=\"413\" \/>\u2022 <strong data-start=\"415\" data-end=\"425\">Contact:<\/strong> IP \u015f\u0259b\u0259k\u0259 vasit\u0259sil\u0259 idar\u0259 edilir (Sigma master clock)<\/p>","protected":false},"excerpt":{"rendered":"<p>\u2022 Tip: Outdoor IP luminous flash (vizual x\u0259b\u0259rdarl\u0131q)\u2022 \u0130stifad\u0259: \u00c7\u00f6l\u0259  [&#8230;]<\/p>","protected":false},"featured_media":10322,"comment_status":"open","ping_status":"closed","template":"","meta":[],"product_brand":[],"product_cat":[204],"product_tag":[],"class_list":{"0":"post-10321","1":"product","2":"type-product","3":"status-publish","4":"has-post-thumbnail","6":"product_cat-bodet-time","7":"pa_mehsul-tipi-ip-audio-system","9":"first","10":"instock","11":"sold-individually","12":"shipping-taxable","13":"purchasable","14":"product-type-simple"},"_links":{"self":[{"href":"https:\/\/engitech.az\/en\/wp-json\/wp\/v2\/product\/10321","targetHints":{"allow":["GET"]}}],"collection":[{"href":"https:\/\/engitech.az\/en\/wp-json\/wp\/v2\/product"}],"about":[{"href":"https:\/\/engitech.az\/en\/wp-json\/wp\/v2\/types\/product"}],"replies":[{"embeddable":true,"href":"https:\/\/engitech.az\/en\/wp-json\/wp\/v2\/comments?post=10321"}],"wp:featuredmedia":[{"embeddable":true,"href":"https:\/\/engitech.az\/en\/wp-json\/wp\/v2\/media\/10322"}],"wp:attachment":[{"href":"https:\/\/engitech.az\/en\/wp-json\/wp\/v2\/media?parent=10321"}],"wp:term":[{"taxonomy":"product_brand","embeddable":true,"href":"https:\/\/engitech.az\/en\/wp-json\/wp\/v2\/product_brand?post=10321"},{"taxonomy":"product_cat","embeddable":true,"href":"https:\/\/engitech.az\/en\/wp-json\/wp\/v2\/product_cat?post=10321"},{"taxonomy":"product_tag","embeddable":true,"href":"https:\/\/engitech.az\/en\/wp-json\/wp\/v2\/product_tag?post=10321"}],"curies":[{"name":"wp","href":"https:\/\/api.w.org\/{rel}","templated":true}]}}