{"id":10325,"date":"2026-02-04T07:15:01","date_gmt":"2026-02-04T07:15:01","guid":{"rendered":"https:\/\/engitech.az\/?post_type=product&#038;p=10325"},"modified":"2026-02-04T07:15:02","modified_gmt":"2026-02-04T07:15:02","slug":"multizone-microphone-keyboard-harmonys","status":"publish","type":"product","link":"https:\/\/engitech.az\/en\/product\/multizone-microphone-keyboard-harmonys\/","title":{"rendered":"Multizone Microphone Keyboard- Harmonys"},"content":{"rendered":"<p>\u2022 <strong data-start=\"62\" data-end=\"70\">Type:<\/strong> Multizone IP PoE mikrofon klaviaturas\u0131<br data-start=\"109\" data-end=\"112\" \/>\u2022 <strong data-start=\"114\" data-end=\"127\">Usage:<\/strong> \u00c7oxlu zonalar \u00fc\u00e7\u00fcn elan v\u0259 s\u0259s yay\u0131m\u0131<br data-start=\"165\" data-end=\"168\" \/>\u2022 <strong data-start=\"170\" data-end=\"189\">\u018flaq\u0259 \/ Enerji:<\/strong> IP (RJ45), PoE<br data-start=\"204\" data-end=\"207\" \/>\u2022 <strong data-start=\"209\" data-end=\"219\">Screen:<\/strong> LCD<br data-start=\"223\" data-end=\"226\" \/>\u2022 <strong data-start=\"228\" data-end=\"244\">Functions:<\/strong> Zona se\u00e7imi, canl\u0131 elan, planl\u0131 mesaj<br data-start=\"282\" data-end=\"285\" \/>\u2022 <strong data-start=\"287\" data-end=\"298\">Protection:<\/strong> IP31, IK06<br data-start=\"309\" data-end=\"312\" \/>\u2022 <strong data-start=\"314\" data-end=\"325\">Assembly:<\/strong> Divar \/ masa \u00fcst\u00fc<br data-start=\"343\" data-end=\"346\" \/>\u2022 <strong data-start=\"348\" data-end=\"357\">Size:<\/strong> Kompakt format<\/p>","protected":false},"excerpt":{"rendered":"<p>\u2022 Tip: Multizone IP PoE mikrofon klaviaturas\u0131\u2022 \u0130stifad\u0259: \u00c7oxlu zonalar  [&#8230;]<\/p>","protected":false},"featured_media":10326,"comment_status":"open","ping_status":"closed","template":"","meta":[],"product_brand":[],"product_cat":[204],"product_tag":[],"class_list":{"0":"post-10325","1":"product","2":"type-product","3":"status-publish","4":"has-post-thumbnail","6":"product_cat-bodet-time","7":"pa_mehsul-tipi-ip-audio-system","9":"first","10":"instock","11":"sold-individually","12":"shipping-taxable","13":"purchasable","14":"product-type-simple"},"_links":{"self":[{"href":"https:\/\/engitech.az\/en\/wp-json\/wp\/v2\/product\/10325","targetHints":{"allow":["GET"]}}],"collection":[{"href":"https:\/\/engitech.az\/en\/wp-json\/wp\/v2\/product"}],"about":[{"href":"https:\/\/engitech.az\/en\/wp-json\/wp\/v2\/types\/product"}],"replies":[{"embeddable":true,"href":"https:\/\/engitech.az\/en\/wp-json\/wp\/v2\/comments?post=10325"}],"wp:featuredmedia":[{"embeddable":true,"href":"https:\/\/engitech.az\/en\/wp-json\/wp\/v2\/media\/10326"}],"wp:attachment":[{"href":"https:\/\/engitech.az\/en\/wp-json\/wp\/v2\/media?parent=10325"}],"wp:term":[{"taxonomy":"product_brand","embeddable":true,"href":"https:\/\/engitech.az\/en\/wp-json\/wp\/v2\/product_brand?post=10325"},{"taxonomy":"product_cat","embeddable":true,"href":"https:\/\/engitech.az\/en\/wp-json\/wp\/v2\/product_cat?post=10325"},{"taxonomy":"product_tag","embeddable":true,"href":"https:\/\/engitech.az\/en\/wp-json\/wp\/v2\/product_tag?post=10325"}],"curies":[{"name":"wp","href":"https:\/\/api.w.org\/{rel}","templated":true}]}}